{"id":16915,"date":"2019-07-10T06:07:49","date_gmt":"2019-07-10T06:07:49","guid":{"rendered":"https:\/\/clearlifesolar.com\/solar-energy-components\/"},"modified":"2022-04-21T11:07:42","modified_gmt":"2022-04-21T11:07:42","slug":"solar-energy-components","status":"publish","type":"page","link":"https:\/\/clearlifesolar.com\/cs\/home-2\/solar-energy-components\/","title":{"rendered":"M\u011bni\u010de, baterie, sol\u00e1rn\u00ed panely"},"content":{"rendered":"<p>[vc_row css_animation=&#8220;&#8220; row_type=&#8220;row&#8220; use_row_as_full_screen_section=&#8220;no&#8220; type=&#8220;grid&#8220; angled_section=&#8220;no&#8220; text_align=&#8220;left&#8220; background_image_as_pattern=&#8220;without_pattern&#8220; padding_top=&#8220;82&#8243; padding_bottom=&#8220;60&#8243;][vc_column width=&#8220;1\/3&#8243;][vc_separator type=&#8220;transparent&#8220; up=&#8220;7&#8243; down=&#8220;0&#8243;][vc_single_image image=&#8220;16032&#8243; img_size=&#8220;full&#8220; alignment=&#8220;center&#8220; qode_css_animation=&#8220;element_from_left&#8220; transition_delay=&#8220;0.3&#8243;][vc_separator type=&#8220;transparent&#8220; up=&#8220;30&#8243; down=&#8220;0&#8243;][\/vc_column][vc_column width=&#8220;2\/3&#8243;][vc_column_text]<\/p>\n<h4>Bez s\u00ed\u0165ov\u00fd sol\u00e1rn\u00ed energetick\u00fd syst\u00e9m<\/h4>\n<p>[\/vc_column_text][vc_separator type=&#8220;transparent&#8220; up=&#8220;5&#8243; down=&#8220;5&#8243;][vc_column_text]Bez s\u00ed\u0165ov\u00fd se v oboru sol\u00e1rn\u00ed energie pova\u017euje za nez\u00e1vislou v\u00fdrobu sol\u00e1rn\u00ed energie bez p\u0159ipojen\u00ed k obecn\u00e9 elektrick\u00e9 s\u00edti nebo jin\u00fdmi slovy k elektrick\u00e9 s\u00edti.[\/vc_column_text][vc_separator type=&#8220;transparent&#8220; up=&#8220;5&#8243; down=&#8220;5&#8243;][vc_column_text]Hlavn\u00edm prvkem je sol\u00e1rn\u00ed m\u011bni\u010d. V z\u00e1vislosti na v\u00fdkonu st\u0159\u00edda\u010de se vypo\u010d\u00edt\u00e1 mno\u017estv\u00ed sol\u00e1rn\u00edch panel\u016f. V z\u00e1vislosti na vyu\u017eit\u00ed se vypo\u010d\u00edt\u00e1 mno\u017estv\u00ed energie bateri\u00ed. To v\u0161e z\u00e1vis\u00ed na obecn\u00e9m vyu\u017eit\u00ed energie v dom\u00e1cnosti (lampy, televize, lednice atd.).[\/vc_column_text][vc_separator type=&#8220;transparent&#8220; up=&#8220;15&#8243; down=&#8220;15&#8243;]<a  itemprop=\"url\" href=\"https:\/\/clearlifesolar.com\/cs\/home\/contact\/\" target=\"_self\"  class=\"qbutton  default\" style=\"\">KONTAKTUJTE N\u00c1S<\/a>[\/vc_column][\/vc_row]<\/p>\n","protected":false},"excerpt":{"rendered":"<p>[vc_row css_animation=&#8220;&#8220; row_type=&#8220;row&#8220; use_row_as_full_screen_section=&#8220;no&#8220; type=&#8220;grid&#8220; angled_section=&#8220;no&#8220; text_align=&#8220;left&#8220; background_image_as_pattern=&#8220;without_pattern&#8220; padding_top=&#8220;82&#8243; padding_bottom=&#8220;60&#8243;][vc_column width=&#8220;1\/3&#8243;][vc_separator type=&#8220;transparent&#8220; up=&#8220;7&#8243; down=&#8220;0&#8243;][vc_single_image image=&#8220;16032&#8243; img_size=&#8220;full&#8220; alignment=&#8220;center&#8220; qode_css_animation=&#8220;element_from_left&#8220; transition_delay=&#8220;0.3&#8243;][vc_separator type=&#8220;transparent&#8220; up=&#8220;30&#8243; down=&#8220;0&#8243;][\/vc_column][vc_column width=&#8220;2\/3&#8243;][vc_column_text] Bez s\u00ed\u0165ov\u00fd sol\u00e1rn\u00ed energetick\u00fd syst\u00e9m [\/vc_column_text][vc_separator type=&#8220;transparent&#8220; up=&#8220;5&#8243; down=&#8220;5&#8243;][vc_column_text]Bez s\u00ed\u0165ov\u00fd se v oboru sol\u00e1rn\u00ed energie pova\u017euje za nez\u00e1vislou v\u00fdrobu sol\u00e1rn\u00ed energie bez&#8230;<\/p>\n","protected":false},"author":3,"featured_media":0,"parent":17006,"menu_order":0,"comment_status":"closed","ping_status":"closed","template":"","meta":[],"_links":{"self":[{"href":"https:\/\/clearlifesolar.com\/cs\/wp-json\/wp\/v2\/pages\/16915"}],"collection":[{"href":"https:\/\/clearlifesolar.com\/cs\/wp-json\/wp\/v2\/pages"}],"about":[{"href":"https:\/\/clearlifesolar.com\/cs\/wp-json\/wp\/v2\/types\/page"}],"author":[{"embeddable":true,"href":"https:\/\/clearlifesolar.com\/cs\/wp-json\/wp\/v2\/users\/3"}],"replies":[{"embeddable":true,"href":"https:\/\/clearlifesolar.com\/cs\/wp-json\/wp\/v2\/comments?post=16915"}],"version-history":[{"count":8,"href":"https:\/\/clearlifesolar.com\/cs\/wp-json\/wp\/v2\/pages\/16915\/revisions"}],"predecessor-version":[{"id":18007,"href":"https:\/\/clearlifesolar.com\/cs\/wp-json\/wp\/v2\/pages\/16915\/revisions\/18007"}],"up":[{"embeddable":true,"href":"https:\/\/clearlifesolar.com\/cs\/wp-json\/wp\/v2\/pages\/17006"}],"wp:attachment":[{"href":"https:\/\/clearlifesolar.com\/cs\/wp-json\/wp\/v2\/media?parent=16915"}],"curies":[{"name":"wp","href":"https:\/\/api.w.org\/{rel}","templated":true}]}}