{"id":16946,"date":"2015-06-09T02:36:31","date_gmt":"2015-06-09T02:36:31","guid":{"rendered":"https:\/\/clearlifesolar.com\/solar-energy-components\/pre-printed-tin-plates\/"},"modified":"2022-04-21T11:08:48","modified_gmt":"2022-04-21T11:08:48","slug":"pre-printed-tin-plates","status":"publish","type":"page","link":"https:\/\/clearlifesolar.com\/cs\/home-2\/solar-energy-components\/pre-printed-tin-plates\/","title":{"rendered":"Sol\u00e1rn\u00ed m\u011bni\u010de"},"content":{"rendered":"<p>[vc_row css_animation=&#8220;&#8220; row_type=&#8220;row&#8220; use_row_as_full_screen_section=&#8220;no&#8220; type=&#8220;grid&#8220; angled_section=&#8220;no&#8220; text_align=&#8220;left&#8220; background_image_as_pattern=&#8220;without_pattern&#8220; padding_top=&#8220;82&#8243; padding_bottom=&#8220;60&#8243;][vc_column width=&#8220;1\/3&#8243;][vc_separator type=&#8220;transparent&#8220; up=&#8220;7&#8243; down=&#8220;0&#8243;][vc_single_image image=&#8220;16279&#8243; img_size=&#8220;full&#8220; alignment=&#8220;center&#8220; qode_css_animation=&#8220;element_from_left&#8220; transition_delay=&#8220;0.3&#8243;][vc_separator type=&#8220;transparent&#8220; up=&#8220;30&#8243; down=&#8220;0&#8243;][\/vc_column][vc_column width=&#8220;2\/3&#8243;][vc_column_text]<strong>Bez s\u00ed\u0165ov\u00e9 a s\u00ed\u0165ov\u00e9 sol\u00e1rn\u00ed m\u011bni\u010de 2 &#8211; 10 kW<\/strong>[\/vc_column_text][vc_separator type=&#8220;transparent&#8220; up=&#8220;7&#8243; down=&#8220;10&#8243;][vc_column_text]<\/p>\n<ul>\n<li>Hybrid pure sine wave solar inverter<\/li>\n<li>Output Power factor 1<\/li>\n<li>Cold start function<\/li>\n<li>Wide PV input range, 5KW and up working also without battery<\/li>\n<li>Selectable high power charging current<\/li>\n<li>Auto restart while AC is recovering<\/li>\n<li>Overload and short circuit protection<\/li>\n<li>Configurable AC\/Solar input priority via LCD setting<\/li>\n<li>Compatible with mains voltage or generator power<\/li>\n<li>Smart battery change design for optimized battery perfomance<\/li>\n<li>Selectable AC input voltage range for home appliances and personal computers<\/li>\n<\/ul>\n<p>[\/vc_column_text][vc_separator type=&#8220;transparent&#8220; up=&#8220;20&#8243; down=&#8220;20&#8243;][vc_column_text]<strong>PRO DAL\u0160\u00cd INFORMACE A MO\u017dNOSTI<br \/>\n<\/strong>[\/vc_column_text]<a  itemprop=\"url\" href=\"https:\/\/clearlifesolar.com\/cs\/home\/contact\/\" target=\"_self\"  class=\"qbutton  default\" style=\"\">KONTAKTUJTE N\u00c1S<\/a>[\/vc_column][\/vc_row]<\/p>\n","protected":false},"excerpt":{"rendered":"<p>[vc_row css_animation=&#8220;&#8220; row_type=&#8220;row&#8220; use_row_as_full_screen_section=&#8220;no&#8220; type=&#8220;grid&#8220; angled_section=&#8220;no&#8220; text_align=&#8220;left&#8220; background_image_as_pattern=&#8220;without_pattern&#8220; padding_top=&#8220;82&#8243; padding_bottom=&#8220;60&#8243;][vc_column width=&#8220;1\/3&#8243;][vc_separator type=&#8220;transparent&#8220; up=&#8220;7&#8243; down=&#8220;0&#8243;][vc_single_image image=&#8220;16279&#8243; img_size=&#8220;full&#8220; alignment=&#8220;center&#8220; qode_css_animation=&#8220;element_from_left&#8220; transition_delay=&#8220;0.3&#8243;][vc_separator type=&#8220;transparent&#8220; up=&#8220;30&#8243; down=&#8220;0&#8243;][\/vc_column][vc_column width=&#8220;2\/3&#8243;][vc_column_text]Bez s\u00ed\u0165ov\u00e9 a s\u00ed\u0165ov\u00e9 sol\u00e1rn\u00ed m\u011bni\u010de 2 &#8211; 10 kW[\/vc_column_text][vc_separator type=&#8220;transparent&#8220; up=&#8220;7&#8243; down=&#8220;10&#8243;][vc_column_text] Hybrid pure sine wave solar inverter Output Power factor 1&#8230;<\/p>\n","protected":false},"author":1,"featured_media":0,"parent":16915,"menu_order":0,"comment_status":"open","ping_status":"open","template":"full_width.php","meta":[],"_links":{"self":[{"href":"https:\/\/clearlifesolar.com\/cs\/wp-json\/wp\/v2\/pages\/16946"}],"collection":[{"href":"https:\/\/clearlifesolar.com\/cs\/wp-json\/wp\/v2\/pages"}],"about":[{"href":"https:\/\/clearlifesolar.com\/cs\/wp-json\/wp\/v2\/types\/page"}],"author":[{"embeddable":true,"href":"https:\/\/clearlifesolar.com\/cs\/wp-json\/wp\/v2\/users\/1"}],"replies":[{"embeddable":true,"href":"https:\/\/clearlifesolar.com\/cs\/wp-json\/wp\/v2\/comments?post=16946"}],"version-history":[{"count":6,"href":"https:\/\/clearlifesolar.com\/cs\/wp-json\/wp\/v2\/pages\/16946\/revisions"}],"predecessor-version":[{"id":18011,"href":"https:\/\/clearlifesolar.com\/cs\/wp-json\/wp\/v2\/pages\/16946\/revisions\/18011"}],"up":[{"embeddable":true,"href":"https:\/\/clearlifesolar.com\/cs\/wp-json\/wp\/v2\/pages\/16915"}],"wp:attachment":[{"href":"https:\/\/clearlifesolar.com\/cs\/wp-json\/wp\/v2\/media?parent=16946"}],"curies":[{"name":"wp","href":"https:\/\/api.w.org\/{rel}","templated":true}]}}