{"id":16953,"date":"2015-06-09T02:31:13","date_gmt":"2015-06-09T02:31:13","guid":{"rendered":"https:\/\/clearlifesolar.com\/portable-ac\/"},"modified":"2022-04-21T11:07:11","modified_gmt":"2022-04-21T11:07:11","slug":"portable-ac","status":"publish","type":"page","link":"https:\/\/clearlifesolar.com\/cs\/home-2\/clearlife-solar-solutions\/portable-ac\/","title":{"rendered":"P\u0159enosn\u00e9 za\u0159\u00edzen\u00ed (220\/110V) s lithiovou bateri\u00ed"},"content":{"rendered":"<p>[vc_row css_animation=&#8220;&#8220; row_type=&#8220;row&#8220; use_row_as_full_screen_section=&#8220;no&#8220; type=&#8220;grid&#8220; angled_section=&#8220;no&#8220; text_align=&#8220;left&#8220; background_image_as_pattern=&#8220;without_pattern&#8220; padding_top=&#8220;40&#8243; padding_bottom=&#8220;20&#8243; z_index=&#8220;&#8220;][vc_column][vc_column_text]<\/p>\n<h3 style=\"text-align: center;\"><strong>P\u0159enosn\u00e9 za\u0159\u00edzen\u00ed (220\/110V) s lithiovou bateri\u00ed<\/strong><\/h3>\n<h3 style=\"text-align: center;\"><\/h3>\n<p>[\/vc_column_text][vc_separator type=&#8220;transparent&#8220; up=&#8220;10&#8243; down=&#8220;0&#8243;][\/vc_column][\/vc_row][vc_row css_animation=&#8220;&#8220; row_type=&#8220;row&#8220; use_row_as_full_screen_section=&#8220;no&#8220; type=&#8220;grid&#8220; angled_section=&#8220;no&#8220; text_align=&#8220;left&#8220; background_image_as_pattern=&#8220;without_pattern&#8220; padding_top=&#8220;10&#8243; padding_bottom=&#8220;20&#8243; z_index=&#8220;&#8220;][vc_column][vc_column_text]P\u0159enosn\u00e1 za\u0159\u00edzen\u00ed (220\/110V) s lithiovou bateri\u00ed jsou lehk\u00e1 d\u00edky lithiov\u00e9 baterii. Za\u0159\u00edzen\u00ed jsou vysoce v\u00fdkonn\u00e1 a lze s nimi nab\u00edjet mobiln\u00ed telefony a pou\u017e\u00edt je pro ve\u0161ker\u00e9 vybaven\u00ed dom\u00e1cnosti: televizor, lednici, k\u00e1vovar, ventil\u00e1tor, atd. Dostatek energie je poskytov\u00e1n pro mno\u017estv\u00ed LED \u017e\u00e1rovek nap\u00e1jen\u00fdch z baterie[\/vc_column_text][\/vc_column][\/vc_row][vc_row css_animation=&#8220;&#8220; row_type=&#8220;row&#8220; use_row_as_full_screen_section=&#8220;no&#8220; type=&#8220;grid&#8220; angled_section=&#8220;no&#8220; text_align=&#8220;left&#8220; background_image_as_pattern=&#8220;without_pattern&#8220; padding_top=&#8220;10&#8243; padding_bottom=&#8220;20&#8243; z_index=&#8220;&#8220;][vc_column width=&#8220;1\/3&#8243;][vc_separator type=&#8220;transparent&#8220; up=&#8220;10&#8243; down=&#8220;0&#8243;][vc_separator type=&#8220;transparent&#8220; up=&#8220;10&#8243; down=&#8220;0&#8243;][vc_separator type=&#8220;transparent&#8220; up=&#8220;10&#8243; down=&#8220;0&#8243;][vc_single_image image=&#8220;16019&#8243; img_size=&#8220;full&#8220; alignment=&#8220;center&#8220; qode_css_animation=&#8220;element_from_left&#8220; transition_delay=&#8220;0.3&#8243;][\/vc_column][vc_column width=&#8220;1\/3&#8243;][vc_single_image image=&#8220;16002&#8243; img_size=&#8220;full&#8220; alignment=&#8220;center&#8220; qode_css_animation=&#8220;element_from_left&#8220; transition_delay=&#8220;0.3&#8243;][\/vc_column][vc_column width=&#8220;1\/3&#8243;][vc_separator type=&#8220;transparent&#8220; up=&#8220;10&#8243; down=&#8220;0&#8243;][vc_separator type=&#8220;transparent&#8220; up=&#8220;10&#8243; down=&#8220;0&#8243;][vc_separator type=&#8220;transparent&#8220; up=&#8220;10&#8243; down=&#8220;0&#8243;][vc_single_image image=&#8220;16021&#8243; img_size=&#8220;full&#8220; alignment=&#8220;center&#8220; qode_css_animation=&#8220;element_from_left&#8220; transition_delay=&#8220;0.3&#8243;][\/vc_column][\/vc_row][vc_row css_animation=&#8220;&#8220; row_type=&#8220;row&#8220; use_row_as_full_screen_section=&#8220;no&#8220; type=&#8220;grid&#8220; angled_section=&#8220;no&#8220; text_align=&#8220;left&#8220; background_image_as_pattern=&#8220;without_pattern&#8220; padding_top=&#8220;20&#8243; padding_bottom=&#8220;10&#8243; z_index=&#8220;&#8220;][vc_column width=&#8220;2\/3&#8243;][vc_column_text]<\/p>\n<h4>P\u0159enosn\u00e9 sol\u00e1rn\u00ed za\u0159\u00edzen\u00ed CL-M500<\/h4>\n<h4><\/h4>\n<p>[\/vc_column_text][vc_separator type=&#8220;transparent&#8220; up=&#8220;7&#8243; down=&#8220;0&#8243;][vc_column_text]<\/p>\n<ul>\n<li><strong>POPIS:<\/strong><\/li>\n<li>Sol\u00e1rn\u00ed panel: 60W polykrystalick\u00fd<\/li>\n<li>Baterie: 11.1V*40Ah lithium<\/li>\n<li>V\u00fdkont: 500W=0,5KW<\/li>\n<li>V\u00fdstup stejnosm\u011brn\u00e9ho proudu: 5V\/2A a 12V\/5A<\/li>\n<li>Vstup stejnosm\u011brn\u00e9ho proudu: 12V\/5A<\/li>\n<li>Lampy: 3W LED \u017e\u00e1rovky 2x<\/li>\n<li>USB v\u00fdstup: 4x 5V\/4A<\/li>\n<li>Nab\u00edjec\u00ed sada: 1x sada 4 v 1<\/li>\n<li>St\u0159\u00eddav\u00fd proud: 220V\/50Hz<\/li>\n<li>Doba nab\u00edjen\u00ed: 2 LED \u017e\u00e1rovky &#8211; 74 hodin<\/li>\n<li>Doba sv\u00edcen\u00ed: 6-8 hodin<\/li>\n<li>P\u0159id\u00e1n\u00edm sol\u00e1rn\u00edch panel\u016f (a\u017e 250w) se zkr\u00e1t\u00ed doba nab\u00edjen\u00ed a zv\u00fd\u0161\u00ed se z\u00e1lo\u017en\u00ed energie<\/li>\n<\/ul>\n<p>[\/vc_column_text][vc_separator type=&#8220;transparent&#8220; up=&#8220;15&#8243; down=&#8220;15&#8243;]<a  itemprop=\"url\" href=\"https:\/\/clearlifesolar.com\/cs\/home\/contact\/\" target=\"_self\"  class=\"qbutton  default\" style=\"\">KONTAKTUJTE N\u00c1S<\/a>[\/vc_column][vc_column width=&#8220;1\/3&#8243;][vc_separator type=&#8220;transparent&#8220; up=&#8220;10&#8243; down=&#8220;0&#8243;][vc_separator type=&#8220;transparent&#8220; up=&#8220;10&#8243; down=&#8220;0&#8243;][vc_separator type=&#8220;transparent&#8220; up=&#8220;10&#8243; down=&#8220;0&#8243;][vc_single_image image=&#8220;16062&#8243; img_size=&#8220;full&#8220; alignment=&#8220;center&#8220; qode_css_animation=&#8220;element_from_left&#8220; transition_delay=&#8220;0.3&#8243;][\/vc_column][\/vc_row][vc_row css_animation=&#8220;&#8220; row_type=&#8220;row&#8220; use_row_as_full_screen_section=&#8220;no&#8220; type=&#8220;grid&#8220; angled_section=&#8220;no&#8220; text_align=&#8220;left&#8220; background_image=&#8220;15511&#8243; background_image_as_pattern=&#8220;without_pattern&#8220; background_color=&#8220;#e2e2e2&#8243; padding_top=&#8220;20&#8243; padding_bottom=&#8220;10&#8243; z_index=&#8220;&#8220;][vc_column width=&#8220;1\/3&#8243;][vc_separator type=&#8220;transparent&#8220; up=&#8220;10&#8243; down=&#8220;0&#8243;][vc_separator type=&#8220;transparent&#8220; up=&#8220;10&#8243; down=&#8220;0&#8243;][vc_single_image image=&#8220;16018&#8243; img_size=&#8220;full&#8220; alignment=&#8220;center&#8220; qode_css_animation=&#8220;element_from_left&#8220; transition_delay=&#8220;0.3&#8243;][\/vc_column][vc_column width=&#8220;2\/3&#8243;][vc_column_text]<\/p>\n<h4>P\u0159enosn\u00e9 sol\u00e1rn\u00ed za\u0159\u00edzen\u00ed CL-M1000<\/h4>\n<h4><\/h4>\n<p>[\/vc_column_text][vc_separator type=&#8220;transparent&#8220; up=&#8220;7&#8243; down=&#8220;10&#8243;][vc_column_text]<\/p>\n<ul>\n<li><strong>POPIS:<\/strong><\/li>\n<li>Sol\u00e1rn\u00ed panel: 275W polykrystalick\u00fd<\/li>\n<li>Baterie: 26.V*40Ah lithium<\/li>\n<li>V\u00fdkon: 1000W= 1 KW<\/li>\n<li>V\u00fdstup stejnosm\u011brn\u00e9ho proudu: 5V\/2A a 12V\/5A<\/li>\n<li>Vstup stejnosm\u011brn\u00e9ho proudu: 30-36V\/0-5A<\/li>\n<li>Lampy: 3W LED \u017e\u00e1rovky 2x<\/li>\n<li>USB v\u00fdstup: 4x 5V\/4A<\/li>\n<li>Nab\u00edjec\u00ed sada: 1x sada 4 v 1<\/li>\n<li>St\u0159\u00eddav\u00fd proud: 220V\/50Hz<\/li>\n<li>Doba nab\u00edjen\u00ed: 8-10 hodin<\/li>\n<li>Doba sv\u00edcen\u00ed: 148 hodin<\/li>\n<\/ul>\n<p>[\/vc_column_text][vc_separator type=&#8220;transparent&#8220; up=&#8220;10&#8243; down=&#8220;0&#8243;][\/vc_column][\/vc_row][vc_row css_animation=&#8220;&#8220; row_type=&#8220;row&#8220; use_row_as_full_screen_section=&#8220;no&#8220; type=&#8220;grid&#8220; angled_section=&#8220;no&#8220; text_align=&#8220;left&#8220; background_image=&#8220;15511&#8243; background_image_as_pattern=&#8220;without_pattern&#8220; background_color=&#8220;#e2e2e2&#8243; padding_top=&#8220;82&#8243; padding_bottom=&#8220;60&#8243;][vc_column width=&#8220;2\/3&#8243;][vc_column_text]<\/p>\n<h4>Sol\u00e1rn\u00ed televize 32&#8243; s LED \u017e\u00e1rovkami, ventil\u00e1torem a nab\u00edjen\u00edm mobiln\u00edch telefon\u016f<\/h4>\n<p>[\/vc_column_text][vc_separator type=&#8220;transparent&#8220; up=&#8220;7&#8243; down=&#8220;10&#8243;][vc_column_text]Chytr\u00e9 za\u0159\u00edzen\u00ed s vysoce kvalitn\u00edm 32&#8243; televizorem, st\u0159edn\u011b velk\u00fdm stropn\u00edm ventil\u00e1torem, d\u00e1le jej mo\u017eno pou\u017e\u00edt ke sv\u00edcen\u00ed a nab\u00edjen\u00ed mobiln\u00edch telefon\u016f. Za\u0159\u00edzen\u00ed se skl\u00e1d\u00e1: sol\u00e1rn\u00ed panel, sk\u0159\u00ed\u0148 s vestav\u011bnou lithiovou bateri\u00ed a LED \u017e\u00e1rovky[\/vc_column_text][vc_separator type=&#8220;transparent&#8220; up=&#8220;15&#8243; down=&#8220;15&#8243;][vc_column_text]<\/p>\n<ul>\n<li>Sol\u00e1rn\u00ed panel: 30W + 6m kabel<\/li>\n<li>Baterie: 14.8V\/13000mAh Lithium<\/li>\n<li>TV: 32\u2033 LED<\/li>\n<li>V\u00fdstupy: 3x 12 V, 1x USB, 1x 220 V<\/li>\n<li>Lampy: 3W LED \u017e\u00e1rovka 2x + 5m kabel<\/li>\n<\/ul>\n<p>V p\u0159\u00edpad\u011b pot\u0159eby jsou k dispozici dal\u0161\u00ed \u017e\u00e1rovky, v\u011bt\u0161\u00ed sol\u00e1rn\u00ed panel a stropn\u00ed, nebo stoln\u00ed ventil\u00e1tor[\/vc_column_text]<a  itemprop=\"url\" href=\"#\" target=\"_self\"  class=\"qbutton  default\" style=\"\">KONTAKTUJTE N\u00c1S<\/a>[\/vc_column][vc_column width=&#8220;1\/3&#8243;][vc_separator type=&#8220;transparent&#8220; up=&#8220;7&#8243; down=&#8220;0&#8243;][vc_single_image image=&#8220;16024&#8243; img_size=&#8220;full&#8220; alignment=&#8220;center&#8220; qode_css_animation=&#8220;element_from_left&#8220; transition_delay=&#8220;0.3&#8243;][vc_separator type=&#8220;transparent&#8220; up=&#8220;30&#8243; down=&#8220;0&#8243;][\/vc_column][\/vc_row][vc_row css_animation=&#8220;&#8220; row_type=&#8220;row&#8220; use_row_as_full_screen_section=&#8220;no&#8220; type=&#8220;grid&#8220; angled_section=&#8220;no&#8220; text_align=&#8220;left&#8220; background_image_as_pattern=&#8220;without_pattern&#8220; padding_top=&#8220;82&#8243; padding_bottom=&#8220;60&#8243;][vc_column width=&#8220;1\/3&#8243;][vc_separator type=&#8220;transparent&#8220; up=&#8220;7&#8243; down=&#8220;0&#8243;][vc_single_image image=&#8220;16388&#8243; img_size=&#8220;full&#8220; alignment=&#8220;center&#8220; qode_css_animation=&#8220;element_from_left&#8220; transition_delay=&#8220;0.3&#8243;][vc_separator type=&#8220;transparent&#8220; up=&#8220;30&#8243; down=&#8220;0&#8243;][\/vc_column][vc_column width=&#8220;2\/3&#8243;][vc_column_text]<\/p>\n<h4>Sol\u00e1rn\u00ed vodn\u00ed \u010derpadlo<\/h4>\n<p>[\/vc_column_text][vc_separator type=&#8220;transparent&#8220; up=&#8220;7&#8243; down=&#8220;10&#8243;][vc_column_text]Nab\u00edz\u00edme r\u016fzn\u00e1 p\u0159enosn\u00e1 vodn\u00ed \u010derpadla na sol\u00e1rn\u00ed energii[\/vc_column_text][vc_separator type=&#8220;transparent&#8220; up=&#8220;15&#8243; down=&#8220;15&#8243;]<a  itemprop=\"url\" href=\"#\" target=\"_self\"  class=\"qbutton  default\" style=\"\">KONTAKTUJTE N\u00c1S<\/a>[\/vc_column][\/vc_row]<\/p>\n","protected":false},"excerpt":{"rendered":"<p>[vc_row css_animation=&#8220;&#8220; row_type=&#8220;row&#8220; use_row_as_full_screen_section=&#8220;no&#8220; type=&#8220;grid&#8220; angled_section=&#8220;no&#8220; text_align=&#8220;left&#8220; background_image_as_pattern=&#8220;without_pattern&#8220; padding_top=&#8220;40&#8243; padding_bottom=&#8220;20&#8243; z_index=&#8220;&#8220;][vc_column][vc_column_text] P\u0159enosn\u00e9 za\u0159\u00edzen\u00ed (220\/110V) s lithiovou bateri\u00ed [\/vc_column_text][vc_separator type=&#8220;transparent&#8220; up=&#8220;10&#8243; down=&#8220;0&#8243;][\/vc_column][\/vc_row][vc_row css_animation=&#8220;&#8220; row_type=&#8220;row&#8220; use_row_as_full_screen_section=&#8220;no&#8220; type=&#8220;grid&#8220; angled_section=&#8220;no&#8220; text_align=&#8220;left&#8220; background_image_as_pattern=&#8220;without_pattern&#8220; padding_top=&#8220;10&#8243; padding_bottom=&#8220;20&#8243; z_index=&#8220;&#8220;][vc_column][vc_column_text]P\u0159enosn\u00e1 za\u0159\u00edzen\u00ed (220\/110V) s lithiovou bateri\u00ed jsou lehk\u00e1 d\u00edky lithiov\u00e9 baterii. Za\u0159\u00edzen\u00ed jsou vysoce v\u00fdkonn\u00e1&#8230;<\/p>\n","protected":false},"author":1,"featured_media":0,"parent":16978,"menu_order":0,"comment_status":"open","ping_status":"open","template":"full_width.php","meta":[],"_links":{"self":[{"href":"https:\/\/clearlifesolar.com\/cs\/wp-json\/wp\/v2\/pages\/16953"}],"collection":[{"href":"https:\/\/clearlifesolar.com\/cs\/wp-json\/wp\/v2\/pages"}],"about":[{"href":"https:\/\/clearlifesolar.com\/cs\/wp-json\/wp\/v2\/types\/page"}],"author":[{"embeddable":true,"href":"https:\/\/clearlifesolar.com\/cs\/wp-json\/wp\/v2\/users\/1"}],"replies":[{"embeddable":true,"href":"https:\/\/clearlifesolar.com\/cs\/wp-json\/wp\/v2\/comments?post=16953"}],"version-history":[{"count":14,"href":"https:\/\/clearlifesolar.com\/cs\/wp-json\/wp\/v2\/pages\/16953\/revisions"}],"predecessor-version":[{"id":18005,"href":"https:\/\/clearlifesolar.com\/cs\/wp-json\/wp\/v2\/pages\/16953\/revisions\/18005"}],"up":[{"embeddable":true,"href":"https:\/\/clearlifesolar.com\/cs\/wp-json\/wp\/v2\/pages\/16978"}],"wp:attachment":[{"href":"https:\/\/clearlifesolar.com\/cs\/wp-json\/wp\/v2\/media?parent=16953"}],"curies":[{"name":"wp","href":"https:\/\/api.w.org\/{rel}","templated":true}]}}