{"id":16956,"date":"2015-06-09T02:17:12","date_gmt":"2015-06-09T02:17:12","guid":{"rendered":"https:\/\/clearlifesolar.com\/portable-dc\/"},"modified":"2022-04-21T11:07:25","modified_gmt":"2022-04-21T11:07:25","slug":"portable-dc","status":"publish","type":"page","link":"https:\/\/clearlifesolar.com\/cs\/home-2\/clearlife-solar-solutions\/portable-dc\/","title":{"rendered":"P\u0159enosn\u00e9 za\u017e\u00edzen\u00ed do 12 V"},"content":{"rendered":"<p>[vc_row css_animation=&#8220;&#8220; row_type=&#8220;row&#8220; use_row_as_full_screen_section=&#8220;no&#8220; type=&#8220;grid&#8220; angled_section=&#8220;no&#8220; text_align=&#8220;left&#8220; background_image_as_pattern=&#8220;without_pattern&#8220; padding_top=&#8220;40&#8243; padding_bottom=&#8220;20&#8243; z_index=&#8220;&#8220;][vc_column width=&#8220;1\/3&#8243;][vc_separator type=&#8220;transparent&#8220; up=&#8220;7&#8243; down=&#8220;0&#8243;][vc_single_image image=&#8220;16014&#8243; img_size=&#8220;full&#8220; alignment=&#8220;center&#8220; qode_css_animation=&#8220;element_from_left&#8220; transition_delay=&#8220;0.3&#8243;][vc_separator type=&#8220;transparent&#8220; up=&#8220;30&#8243; down=&#8220;0&#8243;][\/vc_column][vc_column width=&#8220;2\/3&#8243;][vc_column_text]<\/p>\n<h4><strong>Sol\u00e1rn\u00ed za\u0159\u00edzen\u00ed s ventil\u00e1torem<br \/>\n<\/strong><\/h4>\n<p>[\/vc_column_text][vc_column_text]P\u0159enosn\u00e9 za\u0159\u00edzen\u00ed pro osv\u011btlen\u00ed, nab\u00edjen\u00ed moniln\u00edch telefon\u016f a poskytov\u00e1n\u00ed dostatku elektrick\u00e9 energie pro st\u0159edn\u011b velk\u00fd stropn\u00ed ventil\u00e1tor. Toto za\u0159\u00edzen\u00ed se skl\u00e1d\u00e1: sol\u00e1rn\u00ed panel, sk\u0159\u00ed\u0148 s vestav\u011bnou lithiovou bateri\u00ed, LED lampy a stropn\u00ed ventil\u00e1tor[\/vc_column_text][vc_separator type=&#8220;transparent&#8220; up=&#8220;15&#8243; down=&#8220;15&#8243;][vc_column_text]<\/p>\n<ul>\n<li><strong>POPIS:<\/strong><\/li>\n<li>Sol\u00e1rn\u00ed panel: 30W + 5m kabel<\/li>\n<li>Baterie: 11.1V\/13000m Ah Lithium<\/li>\n<li>Lampy: 3W LED \u017e\u00e1rovka 3x<\/li>\n<li>Stropn\u00ed ventil\u00e1tor: 700 mm 11W<\/li>\n<\/ul>\n<p>V p\u0159\u00edpad\u011b pot\u0159eby jsou k dispozici dal\u0161\u00ed 2 \u017e\u00e1rovky a v\u011bt\u0161\u00ed sol\u00e1rn\u00ed panel[\/vc_column_text][vc_separator type=&#8220;transparent&#8220; up=&#8220;15&#8243; down=&#8220;15&#8243;]<a  itemprop=\"url\" href=\"https:\/\/clearlifesolar.com\/cs\/home\/contact\/\" target=\"_self\"  class=\"qbutton  default\" style=\"\">KONTAKTUJTE N\u00c1S<\/a>[\/vc_column][\/vc_row][vc_row css_animation=&#8220;&#8220; row_type=&#8220;row&#8220; use_row_as_full_screen_section=&#8220;no&#8220; type=&#8220;grid&#8220; angled_section=&#8220;no&#8220; text_align=&#8220;left&#8220; background_image=&#8220;15511&#8243; background_image_as_pattern=&#8220;without_pattern&#8220; background_color=&#8220;#e2e2e2&#8243; padding_top=&#8220;20&#8243; padding_bottom=&#8220;20&#8243; z_index=&#8220;&#8220;][vc_column width=&#8220;2\/3&#8243;][vc_column_text]<\/p>\n<h4><strong>Sol\u00e1rn\u00ed za\u0159\u00edzen\u00ed s radiem<br \/>\n<\/strong><\/h4>\n<p>[\/vc_column_text][vc_column_text]P\u0159enosn\u00e9 za\u0159\u00edzen\u00ed pro osv\u011btlen\u00ed, nab\u00edjen\u00ed mobiln\u00edch telefon\u016f pomoc\u00ed radia.[\/vc_column_text][vc_separator type=&#8220;transparent&#8220; up=&#8220;7&#8243; down=&#8220;10&#8243;][vc_column_text]<\/p>\n<ul>\n<li><strong>POPIS:<\/strong><\/li>\n<li>Sol\u00e1rn\u00ed panel: 30W + 5m kabel<\/li>\n<li>Baterie: 11.1V\/13000mAh Lithium<\/li>\n<li>Lampy: 3w LED \u017e\u00e1rovka 3x<\/li>\n<li>Stropn\u00ed ventil\u00e1tor: 700mm 11W<\/li>\n<\/ul>\n<p>V p\u0159\u00edpad\u011b pot\u0159eby jsou k dispozici dal\u0161\u00ed 2 \u017e\u00e1rovky, stropn\u00ed nebo stoln\u00ed ventil\u00e1tor a v\u011bt\u0161\u00ed sol\u00e1rn\u00ed panel[\/vc_column_text][vc_separator type=&#8220;transparent&#8220; up=&#8220;15&#8243; down=&#8220;15&#8243;]<a  itemprop=\"url\" href=\"https:\/\/clearlifesolar.com\/cs\/home\/contact\/\" target=\"_self\"  class=\"qbutton  default\" style=\"\">KONTAKTUJTE N\u00c1S<\/a>[\/vc_column][vc_column width=&#8220;1\/3&#8243;][vc_separator type=&#8220;transparent&#8220; up=&#8220;7&#8243; down=&#8220;0&#8243;][vc_single_image image=&#8220;15997&#8243; img_size=&#8220;full&#8220; alignment=&#8220;center&#8220; qode_css_animation=&#8220;element_from_left&#8220; transition_delay=&#8220;0.3&#8243;][vc_separator type=&#8220;transparent&#8220; up=&#8220;30&#8243; down=&#8220;0&#8243;][\/vc_column][\/vc_row][vc_row css_animation=&#8220;&#8220; row_type=&#8220;row&#8220; use_row_as_full_screen_section=&#8220;no&#8220; type=&#8220;grid&#8220; angled_section=&#8220;no&#8220; text_align=&#8220;left&#8220; background_image_as_pattern=&#8220;without_pattern&#8220; padding_top=&#8220;40&#8243; padding_bottom=&#8220;20&#8243; z_index=&#8220;&#8220;][vc_column width=&#8220;1\/3&#8243;][vc_separator type=&#8220;transparent&#8220; up=&#8220;7&#8243; down=&#8220;0&#8243;][vc_single_image image=&#8220;16024&#8243; img_size=&#8220;full&#8220; alignment=&#8220;center&#8220; qode_css_animation=&#8220;element_from_left&#8220; transition_delay=&#8220;0.3&#8243;][vc_separator type=&#8220;transparent&#8220; up=&#8220;30&#8243; down=&#8220;0&#8243;][\/vc_column][vc_column width=&#8220;2\/3&#8243;][vc_column_text]<\/p>\n<h4><strong>Sol\u00e1rn\u00ed televize 17&#8243; s LED \u017e\u00e1rovkami, ventil\u00e1torem a nab\u00edjen\u00edm mobiln\u00edch telefon\u016f:<br \/>\n<\/strong><\/h4>\n<p>[\/vc_column_text][vc_column_text]Chytr\u00e9 za\u0159\u00edzen\u00ed s vysoce kvalitn\u00edm 17&#8243; televizorem, st\u0159edn\u011b velk\u00fdm stropn\u00edm ventil\u00e1torem, d\u00e1le jej mo\u017eno pou\u017e\u00edt ke sv\u00edcen\u00ed a nab\u00edjen\u00ed mobiln\u00edch telefon\u016f[\/vc_column_text][vc_separator type=&#8220;transparent&#8220; up=&#8220;15&#8243; down=&#8220;15&#8243;][vc_column_text]<\/p>\n<ul>\n<li><strong>POPIS:<\/strong><\/li>\n<li>Sol\u00e1rn\u00ed panel: 20W + 6m kabel<\/li>\n<li>Battery:\u00a011.1V\/6600mAh Lithium<\/li>\n<li>TV: 17&#8243; LED<\/li>\n<li>V\u00fdstupy: 4x 12 V port, 1x USB port<\/li>\n<li>Lampy: 3W LED \u017e\u00e1rovka 2x &#8211; 5m kabel<\/li>\n<\/ul>\n<p>V p\u0159\u00edpad\u011b pot\u0159eby jsou k dispozici dal\u0161\u00ed \u017e\u00e1rovky, v\u011bt\u0161\u00ed sol\u00e1rn\u00ed panel a stropn\u00ed, nebo stoln\u00ed ventil\u00e1tor[\/vc_column_text][vc_separator type=&#8220;transparent&#8220; up=&#8220;15&#8243; down=&#8220;15&#8243;]<a  itemprop=\"url\" href=\"https:\/\/clearlifesolar.com\/cs\/home\/contact\/\" target=\"_self\"  class=\"qbutton  default\" style=\"\">KONTAKTUJTE N\u00c1S<\/a>[\/vc_column][\/vc_row][vc_row css_animation=&#8220;&#8220; row_type=&#8220;row&#8220; use_row_as_full_screen_section=&#8220;no&#8220; type=&#8220;grid&#8220; angled_section=&#8220;no&#8220; text_align=&#8220;left&#8220; background_image=&#8220;15511&#8243; background_image_as_pattern=&#8220;without_pattern&#8220; background_color=&#8220;#e2e2e2&#8243; padding_top=&#8220;20&#8243; padding_bottom=&#8220;20&#8243; z_index=&#8220;&#8220;][vc_column width=&#8220;2\/3&#8243;][vc_column_text]<\/p>\n<h4><strong>Sol\u00e1rn\u00ed televize 32&#8243; s LED \u017e\u00e1rovkami, ventil\u00e1torem a nab\u00edjen\u00edm mobiln\u00edch telefon\u016f<br \/>\n<\/strong><\/h4>\n<p>[\/vc_column_text][vc_column_text]Chytr\u00e9 za\u0159\u00edzen\u00ed s vysoce kvalitn\u00edm 32&#8243; televizorem, st\u0159edn\u011b velk\u00fdm stropn\u00edm ventil\u00e1torem, d\u00e1le jej mo\u017eno pou\u017e\u00edt ke sv\u00edcen\u00ed a nab\u00edjen\u00ed mobiln\u00edch telefon\u016f. Za\u0159\u00edzen\u00ed se skl\u00e1d\u00e1: sol\u00e1rn\u00ed panel, sk\u0159\u00ed\u0148 s vestav\u011bnou lithiovou bateri\u00ed a LED \u017e\u00e1rovky[\/vc_column_text][vc_separator type=&#8220;transparent&#8220; up=&#8220;7&#8243; down=&#8220;10&#8243;][vc_column_text]<\/p>\n<ul>\n<li><strong>POPIS:<\/strong><\/li>\n<li>Sol\u00e1rn\u00ed panel: 30W + 6m kabel<\/li>\n<li>Baterie: 14.8V\/6600mAh Lithium<\/li>\n<li>TV : 32&#8243; LED<\/li>\n<li>V\u00fdstupy: 4x 12 V port, 1x USB port<\/li>\n<li>Lampy: 3W LED \u017e\u00e1rovka 2x + 5m kabel<\/li>\n<\/ul>\n<p>V p\u0159\u00edpad\u011b pot\u0159eby jsou k dispozici dal\u0161\u00ed \u017e\u00e1rovky, v\u011bt\u0161\u00ed sol\u00e1rn\u00ed panel a stropn\u00ed, nebo stoln\u00ed ventil\u00e1tor[\/vc_column_text][vc_separator type=&#8220;transparent&#8220; up=&#8220;15&#8243; down=&#8220;15&#8243;]<a  itemprop=\"url\" href=\"https:\/\/clearlifesolar.com\/cs\/home\/contact\/\" target=\"_self\"  class=\"qbutton  default\" style=\"\">KONTAKTUJTE N\u00c1S<\/a>[\/vc_column][vc_column width=&#8220;1\/3&#8243;][vc_separator type=&#8220;transparent&#8220; up=&#8220;7&#8243; down=&#8220;0&#8243;][vc_single_image image=&#8220;16022&#8243; img_size=&#8220;full&#8220; alignment=&#8220;center&#8220; qode_css_animation=&#8220;element_from_left&#8220; transition_delay=&#8220;0.3&#8243;][vc_separator type=&#8220;transparent&#8220; up=&#8220;30&#8243; down=&#8220;0&#8243;][\/vc_column][\/vc_row]<\/p>\n","protected":false},"excerpt":{"rendered":"<p>[vc_row css_animation=&#8220;&#8220; row_type=&#8220;row&#8220; use_row_as_full_screen_section=&#8220;no&#8220; type=&#8220;grid&#8220; angled_section=&#8220;no&#8220; text_align=&#8220;left&#8220; background_image_as_pattern=&#8220;without_pattern&#8220; padding_top=&#8220;40&#8243; padding_bottom=&#8220;20&#8243; z_index=&#8220;&#8220;][vc_column width=&#8220;1\/3&#8243;][vc_separator type=&#8220;transparent&#8220; up=&#8220;7&#8243; down=&#8220;0&#8243;][vc_single_image image=&#8220;16014&#8243; img_size=&#8220;full&#8220; alignment=&#8220;center&#8220; qode_css_animation=&#8220;element_from_left&#8220; transition_delay=&#8220;0.3&#8243;][vc_separator type=&#8220;transparent&#8220; up=&#8220;30&#8243; down=&#8220;0&#8243;][\/vc_column][vc_column width=&#8220;2\/3&#8243;][vc_column_text] Sol\u00e1rn\u00ed za\u0159\u00edzen\u00ed s ventil\u00e1torem [\/vc_column_text][vc_column_text]P\u0159enosn\u00e9 za\u0159\u00edzen\u00ed pro osv\u011btlen\u00ed, nab\u00edjen\u00ed moniln\u00edch telefon\u016f a poskytov\u00e1n\u00ed dostatku elektrick\u00e9 energie pro st\u0159edn\u011b velk\u00fd stropn\u00ed ventil\u00e1tor&#8230;.<\/p>\n","protected":false},"author":1,"featured_media":0,"parent":16978,"menu_order":0,"comment_status":"open","ping_status":"open","template":"full_width.php","meta":[],"_links":{"self":[{"href":"https:\/\/clearlifesolar.com\/cs\/wp-json\/wp\/v2\/pages\/16956"}],"collection":[{"href":"https:\/\/clearlifesolar.com\/cs\/wp-json\/wp\/v2\/pages"}],"about":[{"href":"https:\/\/clearlifesolar.com\/cs\/wp-json\/wp\/v2\/types\/page"}],"author":[{"embeddable":true,"href":"https:\/\/clearlifesolar.com\/cs\/wp-json\/wp\/v2\/users\/1"}],"replies":[{"embeddable":true,"href":"https:\/\/clearlifesolar.com\/cs\/wp-json\/wp\/v2\/comments?post=16956"}],"version-history":[{"count":4,"href":"https:\/\/clearlifesolar.com\/cs\/wp-json\/wp\/v2\/pages\/16956\/revisions"}],"predecessor-version":[{"id":18006,"href":"https:\/\/clearlifesolar.com\/cs\/wp-json\/wp\/v2\/pages\/16956\/revisions\/18006"}],"up":[{"embeddable":true,"href":"https:\/\/clearlifesolar.com\/cs\/wp-json\/wp\/v2\/pages\/16978"}],"wp:attachment":[{"href":"https:\/\/clearlifesolar.com\/cs\/wp-json\/wp\/v2\/media?parent=16956"}],"curies":[{"name":"wp","href":"https:\/\/api.w.org\/{rel}","templated":true}]}}