{"id":16960,"date":"2015-06-09T01:00:08","date_gmt":"2015-06-09T01:00:08","guid":{"rendered":"https:\/\/clearlifesolar.com\/mini\/"},"modified":"2022-04-21T11:06:58","modified_gmt":"2022-04-21T11:06:58","slug":"mini","status":"publish","type":"page","link":"https:\/\/clearlifesolar.com\/cs\/home-2\/clearlife-solar-solutions\/mini\/","title":{"rendered":"P\u0159enosn\u00e1 mini sol\u00e1rn\u00ed za\u0159\u00edzen\u00ed"},"content":{"rendered":"<p>[vc_row css_animation=&#8220;&#8220; row_type=&#8220;row&#8220; use_row_as_full_screen_section=&#8220;no&#8220; type=&#8220;grid&#8220; angled_section=&#8220;no&#8220; text_align=&#8220;left&#8220; background_image_as_pattern=&#8220;without_pattern&#8220; padding_top=&#8220;40&#8243; padding_bottom=&#8220;1&#8243; z_index=&#8220;&#8220;][vc_column width=&#8220;1\/3&#8243;][vc_single_image image=&#8220;16026&#8243; img_size=&#8220;full&#8220; alignment=&#8220;center&#8220; qode_css_animation=&#8220;element_from_left&#8220; transition_delay=&#8220;0.3&#8243;][\/vc_column][vc_column width=&#8220;2\/3&#8243;][vc_column_text]<\/p>\n<h4><strong>Stoln\u00ed lampa<br \/>\n<\/strong><\/h4>\n<p>[\/vc_column_text][vc_column_text][\/vc_column_text][vc_separator type=&#8220;transparent&#8220; up=&#8220;7&#8243; down=&#8220;10&#8243;][vc_column_text]<\/p>\n<ul>\n<li><strong>POPIS:<\/strong><\/li>\n<li>Sol\u00e1rn\u00ed panel: 0.3W\/5V<\/li>\n<li>Baterie:\u00a0 3.2V\/400mAh LiFePO4<\/li>\n<li>Lampa: 0.5W LED \u017e\u00e1rovka<\/li>\n<li>Doba nab\u00edjen\u00ed: 4-5 hodin<\/li>\n<li>Doba sv\u00edcen\u00ed: 24 hodin<\/li>\n<\/ul>\n<p>[\/vc_column_text][\/vc_column][\/vc_row][vc_row css_animation=&#8220;&#8220; row_type=&#8220;row&#8220; use_row_as_full_screen_section=&#8220;no&#8220; type=&#8220;grid&#8220; angled_section=&#8220;no&#8220; text_align=&#8220;left&#8220; background_image_as_pattern=&#8220;without_pattern&#8220; padding_top=&#8220;1&#8243; padding_bottom=&#8220;60&#8243; z_index=&#8220;&#8220;][vc_column width=&#8220;1\/4&#8243;][\/vc_column][vc_column width=&#8220;1\/4&#8243;][vc_single_image image=&#8220;16160&#8243; img_size=&#8220;full&#8220; alignment=&#8220;center&#8220; qode_css_animation=&#8220;element_from_left&#8220; transition_delay=&#8220;0&#8243;][\/vc_column][vc_column width=&#8220;1\/4&#8243;][vc_single_image image=&#8220;15999&#8243; img_size=&#8220;full&#8220; alignment=&#8220;center&#8220; qode_css_animation=&#8220;element_from_left&#8220; transition_delay=&#8220;0&#8243;][\/vc_column][vc_column width=&#8220;1\/4&#8243;][vc_single_image image=&#8220;15998&#8243; img_size=&#8220;full&#8220; alignment=&#8220;center&#8220; qode_css_animation=&#8220;element_from_left&#8220; transition_delay=&#8220;0&#8243;][\/vc_column][\/vc_row][vc_row css_animation=&#8220;&#8220; row_type=&#8220;row&#8220; use_row_as_full_screen_section=&#8220;no&#8220; type=&#8220;grid&#8220; angled_section=&#8220;no&#8220; text_align=&#8220;left&#8220; background_image=&#8220;15511&#8243; background_image_as_pattern=&#8220;without_pattern&#8220; background_color=&#8220;#e2e2e2&#8243; padding_top=&#8220;40&#8243; padding_bottom=&#8220;10&#8243; z_index=&#8220;&#8220;][vc_column width=&#8220;2\/3&#8243;][vc_column_text]<\/p>\n<h4><strong>P\u0159enosn\u00e1 sv\u00edtilna<\/strong><\/h4>\n<p>[\/vc_column_text][vc_column_text][\/vc_column_text][vc_separator type=&#8220;transparent&#8220; up=&#8220;15&#8243; down=&#8220;15&#8243;][vc_column_text]<\/p>\n<ul>\n<li><strong>POPIS:<\/strong><\/li>\n<li>Sol\u00e1rn\u00ed panel: 0.25W\/5V<\/li>\n<li>Baterie:\u00a0 3.2V\/250mAh LiFePO4<\/li>\n<li>Lampa: 0.5W LED \u017e\u00e1rovka<\/li>\n<li>Doba nab\u00edjen\u00ed: 6-8 hodin<\/li>\n<li>Doba sv\u00edcen\u00ed: 18 hodin<\/li>\n<\/ul>\n<p>[\/vc_column_text][vc_separator type=&#8220;transparent&#8220; up=&#8220;15&#8243; down=&#8220;15&#8243;]<a  itemprop=\"url\" href=\"https:\/\/clearlifesolar.com\/cs\/home\/contact\/\" target=\"_self\"  class=\"qbutton  default\" style=\"\">KONTAKTUJTE N\u00c1S<\/a>[\/vc_column][vc_column width=&#8220;1\/3&#8243;][vc_separator type=&#8220;transparent&#8220; up=&#8220;7&#8243; down=&#8220;0&#8243;][vc_single_image image=&#8220;16025&#8243; img_size=&#8220;full&#8220; alignment=&#8220;center&#8220; qode_css_animation=&#8220;element_from_left&#8220; transition_delay=&#8220;0.3&#8243;][vc_separator type=&#8220;transparent&#8220; up=&#8220;30&#8243; down=&#8220;0&#8243;][\/vc_column][\/vc_row][vc_row css_animation=&#8220;&#8220; row_type=&#8220;row&#8220; use_row_as_full_screen_section=&#8220;no&#8220; type=&#8220;grid&#8220; angled_section=&#8220;no&#8220; text_align=&#8220;left&#8220; background_image_as_pattern=&#8220;without_pattern&#8220; padding_top=&#8220;82&#8243; padding_bottom=&#8220;60&#8243;][vc_column width=&#8220;1\/3&#8243;][vc_separator type=&#8220;transparent&#8220; up=&#8220;7&#8243; down=&#8220;0&#8243;][vc_separator type=&#8220;transparent&#8220; up=&#8220;7&#8243; down=&#8220;0&#8243;][vc_separator type=&#8220;transparent&#8220; up=&#8220;7&#8243; down=&#8220;0&#8243;][vc_separator type=&#8220;transparent&#8220; up=&#8220;7&#8243; down=&#8220;0&#8243;][vc_single_image image=&#8220;16020&#8243; img_size=&#8220;full&#8220; alignment=&#8220;center&#8220; qode_css_animation=&#8220;element_from_left&#8220; transition_delay=&#8220;0.3&#8243;][vc_separator type=&#8220;transparent&#8220; up=&#8220;30&#8243; down=&#8220;0&#8243;][\/vc_column][vc_column width=&#8220;2\/3&#8243;][vc_column_text]<\/p>\n<h4><strong>\u017d\u00e1rovka a baterka<br \/>\n<\/strong><\/h4>\n<p>[\/vc_column_text][vc_separator type=&#8220;transparent&#8220; up=&#8220;15&#8243; down=&#8220;15&#8243;][vc_column_text]<\/p>\n<ul>\n<li><strong>POPIS:<\/strong><\/li>\n<li>Sol\u00e1rn\u00ed panel: 3.0W\/5.5V + 6m kabel<\/li>\n<li>Baterie:\u00a0 4,4 Ah Lithium<\/li>\n<li>Lampa: 3W\u00a0 LED \u017e\u00e1rovka s t\u0159emi mo\u017enostmi sv\u00edcen\u00ed (3W,2W,1W)<\/li>\n<li>Doba nab\u00edjen\u00ed: 8-10 hodin<\/li>\n<li>Doba sv\u00edcen\u00ed: 3W = 6 hodin, 2W=10 hodin, 1W=18 hodin<\/li>\n<li>Kabel pro nab\u00edjen\u00ed mobiln\u00edho telefonu<\/li>\n<\/ul>\n<p>[\/vc_column_text][vc_separator type=&#8220;transparent&#8220; up=&#8220;7&#8243; down=&#8220;10&#8243;]<a  itemprop=\"url\" href=\"https:\/\/clearlifesolar.com\/home\/contact\/\" target=\"_self\"  class=\"qbutton  default\" style=\"\">KONTAKTUJTE N\u00c1S<\/a>[\/vc_column][\/vc_row][vc_row css_animation=&#8220;&#8220; row_type=&#8220;row&#8220; use_row_as_full_screen_section=&#8220;no&#8220; type=&#8220;grid&#8220; angled_section=&#8220;no&#8220; text_align=&#8220;left&#8220; background_image=&#8220;15511&#8243; background_image_as_pattern=&#8220;without_pattern&#8220; background_color=&#8220;#e2e2e2&#8243; padding_top=&#8220;82&#8243; padding_bottom=&#8220;60&#8243;][vc_column width=&#8220;2\/3&#8243;][vc_column_text]<\/p>\n<h4>\u017d\u00e1rovka, sv\u00edtilna a nab\u00edje\u010dka pro telefon<\/h4>\n<p>[\/vc_column_text][vc_separator type=&#8220;transparent&#8220; up=&#8220;7&#8243; down=&#8220;10&#8243;][vc_column_text]<\/p>\n<ul>\n<li><strong>POPIS:<\/strong><\/li>\n<li>Sol\u00e1rn\u00ed panel: 3.0W\/6V + 5m kabel<\/li>\n<li>Baterie:\u00a0 5,2 Ah Lithium<\/li>\n<li>Lampa: 2W LED \u017e\u00e1rovka 2x<\/li>\n<li>Doba nab\u00edjen\u00ed: 5-10 hodin<\/li>\n<li>Doba sv\u00edcen\u00ed: 8-10 hodin<\/li>\n<li>Kabel pro nab\u00edjen\u00ed mobiln\u00edho telefonu<\/li>\n<\/ul>\n<p>[\/vc_column_text][vc_separator type=&#8220;transparent&#8220; up=&#8220;15&#8243; down=&#8220;15&#8243;]<a  itemprop=\"url\" href=\"#\" target=\"_self\"  class=\"qbutton  default\" style=\"\">KONTAKTUJTE N\u00c1S<\/a>[\/vc_column][vc_column width=&#8220;1\/3&#8243;][vc_separator type=&#8220;transparent&#8220; up=&#8220;7&#8243; down=&#8220;0&#8243;][vc_separator type=&#8220;transparent&#8220; up=&#8220;7&#8243; down=&#8220;0&#8243;][vc_separator type=&#8220;transparent&#8220; up=&#8220;7&#8243; down=&#8220;0&#8243;][vc_separator type=&#8220;transparent&#8220; up=&#8220;7&#8243; down=&#8220;0&#8243;][vc_single_image image=&#8220;16402&#8243; img_size=&#8220;full&#8220; alignment=&#8220;center&#8220; qode_css_animation=&#8220;element_from_left&#8220; transition_delay=&#8220;0.3&#8243;][vc_separator type=&#8220;transparent&#8220; up=&#8220;30&#8243; down=&#8220;0&#8243;][\/vc_column][\/vc_row]<\/p>\n","protected":false},"excerpt":{"rendered":"<p>[vc_row css_animation=&#8220;&#8220; row_type=&#8220;row&#8220; use_row_as_full_screen_section=&#8220;no&#8220; type=&#8220;grid&#8220; angled_section=&#8220;no&#8220; text_align=&#8220;left&#8220; background_image_as_pattern=&#8220;without_pattern&#8220; padding_top=&#8220;40&#8243; padding_bottom=&#8220;1&#8243; z_index=&#8220;&#8220;][vc_column width=&#8220;1\/3&#8243;][vc_single_image image=&#8220;16026&#8243; img_size=&#8220;full&#8220; alignment=&#8220;center&#8220; qode_css_animation=&#8220;element_from_left&#8220; transition_delay=&#8220;0.3&#8243;][\/vc_column][vc_column width=&#8220;2\/3&#8243;][vc_column_text] Stoln\u00ed lampa [\/vc_column_text][vc_column_text][\/vc_column_text][vc_separator type=&#8220;transparent&#8220; up=&#8220;7&#8243; down=&#8220;10&#8243;][vc_column_text] POPIS: Sol\u00e1rn\u00ed panel: 0.3W\/5V Baterie:\u00a0 3.2V\/400mAh LiFePO4 Lampa: 0.5W LED \u017e\u00e1rovka Doba nab\u00edjen\u00ed: 4-5 hodin Doba sv\u00edcen\u00ed: 24 hodin [\/vc_column_text][\/vc_column][\/vc_row][vc_row css_animation=&#8220;&#8220;&#8230;<\/p>\n","protected":false},"author":1,"featured_media":0,"parent":16978,"menu_order":0,"comment_status":"open","ping_status":"open","template":"full_width.php","meta":[],"_links":{"self":[{"href":"https:\/\/clearlifesolar.com\/cs\/wp-json\/wp\/v2\/pages\/16960"}],"collection":[{"href":"https:\/\/clearlifesolar.com\/cs\/wp-json\/wp\/v2\/pages"}],"about":[{"href":"https:\/\/clearlifesolar.com\/cs\/wp-json\/wp\/v2\/types\/page"}],"author":[{"embeddable":true,"href":"https:\/\/clearlifesolar.com\/cs\/wp-json\/wp\/v2\/users\/1"}],"replies":[{"embeddable":true,"href":"https:\/\/clearlifesolar.com\/cs\/wp-json\/wp\/v2\/comments?post=16960"}],"version-history":[{"count":6,"href":"https:\/\/clearlifesolar.com\/cs\/wp-json\/wp\/v2\/pages\/16960\/revisions"}],"predecessor-version":[{"id":18004,"href":"https:\/\/clearlifesolar.com\/cs\/wp-json\/wp\/v2\/pages\/16960\/revisions\/18004"}],"up":[{"embeddable":true,"href":"https:\/\/clearlifesolar.com\/cs\/wp-json\/wp\/v2\/pages\/16978"}],"wp:attachment":[{"href":"https:\/\/clearlifesolar.com\/cs\/wp-json\/wp\/v2\/media?parent=16960"}],"curies":[{"name":"wp","href":"https:\/\/api.w.org\/{rel}","templated":true}]}}