{"id":16978,"date":"2015-06-08T03:00:08","date_gmt":"2015-06-08T03:00:08","guid":{"rendered":"https:\/\/clearlifesolar.com\/clearlife-solar-solutions\/"},"modified":"2022-04-21T11:03:54","modified_gmt":"2022-04-21T11:03:54","slug":"clearlife-solar-solutions","status":"publish","type":"page","link":"https:\/\/clearlifesolar.com\/cs\/home-2\/clearlife-solar-solutions\/","title":{"rendered":"ClearLife Sol\u00e1rn\u00ed Syst\u00e9my"},"content":{"rendered":"<p>[vc_row css_animation=&#8220;&#8220; row_type=&#8220;row&#8220; use_row_as_full_screen_section=&#8220;no&#8220; type=&#8220;grid&#8220; angled_section=&#8220;no&#8220; text_align=&#8220;left&#8220; background_image_as_pattern=&#8220;without_pattern&#8220; padding_top=&#8220;40&#8243; padding_bottom=&#8220;20&#8243; z_index=&#8220;&#8220;][vc_column width=&#8220;1\/3&#8243;][vc_separator type=&#8220;transparent&#8220; up=&#8220;7&#8243; down=&#8220;0&#8243;][vc_single_image image=&#8220;15854&#8243; img_size=&#8220;full&#8220; alignment=&#8220;center&#8220; qode_css_animation=&#8220;element_from_left&#8220; transition_delay=&#8220;0.3&#8243;][vc_separator type=&#8220;transparent&#8220; up=&#8220;30&#8243; down=&#8220;0&#8243;][\/vc_column][vc_column width=&#8220;2\/3&#8243;][vc_column_text]<\/p>\n<h4><strong>ClearLife Sol\u00e1rn\u00ed Syst\u00e9my<br \/>\n<\/strong><\/h4>\n<p>[\/vc_column_text][vc_separator type=&#8220;transparent&#8220; up=&#8220;3&#8243; down=&#8220;3&#8243;][vc_column_text]ClearLife Sol\u00e1rn\u00ed Syst\u00e9my vyv\u00edj\u00ed jednoduch\u00e1 za\u0159\u00edzen\u00ed ur\u010den\u00e1 pro mal\u00e9 dom\u00e1cnosti, vyr\u00e1b\u00edme sol\u00e1rn\u00ed syst\u00e9my o 50 W &#8211; 10000 W.[\/vc_column_text][vc_separator type=&#8220;transparent&#8220; up=&#8220;4&#8243; down=&#8220;4&#8243;][vc_column_text]Na\u0161e za\u0159\u00edzen\u00ed jsou snadno ovladateln\u00e9, m\u016f\u017eete je bez pot\u00ed\u017e\u00ed pou\u017e\u00edvat doma, na cest\u00e1ch, ve stanu, venku, nebo v p\u0159\u00edpad\u011b nouze.[\/vc_column_text][vc_separator type=&#8220;transparent&#8220; up=&#8220;4&#8243; down=&#8220;4&#8243;][vc_column_text]Na\u0161e v\u00fdroba by se neobe\u0161la bez sol\u00e1rn\u00edch panel\u016f, sol\u00e1rn\u00edch m\u011bni\u010d\u016f a sol\u00e1rn\u00edch bateri\u00ed, kter\u00e9 jsou spjaty na energetick\u00fdch pot\u0159eb\u00e1ch dom\u00e1cnosti.[\/vc_column_text][\/vc_column][\/vc_row][vc_row css_animation=&#8220;&#8220; row_type=&#8220;row&#8220; use_row_as_full_screen_section=&#8220;no&#8220; type=&#8220;grid&#8220; angled_section=&#8220;no&#8220; text_align=&#8220;left&#8220; background_image_as_pattern=&#8220;without_pattern&#8220; padding_top=&#8220;20&#8243; padding_bottom=&#8220;20&#8243; z_index=&#8220;&#8220;][vc_column width=&#8220;1\/4&#8243;][vc_separator type=&#8220;transparent&#8220; up=&#8220;7&#8243; down=&#8220;0&#8243;][vc_single_image image=&#8220;16026&#8243; img_size=&#8220;full&#8220; alignment=&#8220;center&#8220; qode_css_animation=&#8220;element_from_left&#8220; transition_delay=&#8220;0.3&#8243;][vc_separator type=&#8220;transparent&#8220; up=&#8220;30&#8243; down=&#8220;0&#8243;][\/vc_column][vc_column width=&#8220;1\/4&#8243;][vc_column_text]<\/p>\n<h4>P\u0159enosn\u00e9 mini sol\u00e1rn\u00ed za\u0159\u00edzen\u00ed<\/h4>\n<p>[\/vc_column_text][vc_separator type=&#8220;transparent&#8220; up=&#8220;7&#8243; down=&#8220;10&#8243;][vc_column_text][\/vc_column_text][vc_separator type=&#8220;transparent&#8220; up=&#8220;15&#8243; down=&#8220;15&#8243;]<a  itemprop=\"url\" href=\"https:\/\/clearlifesolar.com\/cs\/clearlife-solar-solutions\/mini\/\" target=\"_self\"  class=\"qbutton  default\" style=\"\">ZOBRAZIT NA\u0160E PRODUKTY<\/a>[\/vc_column][vc_column width=&#8220;1\/4&#8243;][vc_separator type=&#8220;transparent&#8220; up=&#8220;7&#8243; down=&#8220;0&#8243;][vc_single_image image=&#8220;16014&#8243; img_size=&#8220;full&#8220; alignment=&#8220;center&#8220; qode_css_animation=&#8220;element_from_right&#8220; transition_delay=&#8220;0.3&#8243;][vc_separator type=&#8220;transparent&#8220; up=&#8220;30&#8243; down=&#8220;0&#8243;][\/vc_column][vc_column width=&#8220;1\/4&#8243;][vc_column_text]<\/p>\n<h4>P\u0159enosn\u00e9 za\u0159\u00edzen\u00ed do 12V<\/h4>\n<p>[\/vc_column_text][vc_separator type=&#8220;transparent&#8220; up=&#8220;7&#8243; down=&#8220;10&#8243;][vc_column_text][\/vc_column_text][vc_separator type=&#8220;transparent&#8220; up=&#8220;15&#8243; down=&#8220;15&#8243;]<a  itemprop=\"url\" href=\"https:\/\/clearlifesolar.com\/cs\/clearlife-solar-solutions\/portable-dc\/\" target=\"_self\"  class=\"qbutton  default\" style=\"\">ZOBRAZIT NA\u0160E PRODUKTY<\/a>[\/vc_column][\/vc_row][vc_row css_animation=&#8220;&#8220; row_type=&#8220;row&#8220; use_row_as_full_screen_section=&#8220;no&#8220; type=&#8220;grid&#8220; angled_section=&#8220;no&#8220; text_align=&#8220;left&#8220; background_image_as_pattern=&#8220;without_pattern&#8220; padding_top=&#8220;20&#8243; padding_bottom=&#8220;20&#8243; z_index=&#8220;&#8220;][vc_column width=&#8220;1\/4&#8243;][vc_separator type=&#8220;transparent&#8220; up=&#8220;7&#8243; down=&#8220;0&#8243;][vc_single_image image=&#8220;16021&#8243; img_size=&#8220;full&#8220; alignment=&#8220;center&#8220; qode_css_animation=&#8220;element_from_left&#8220; transition_delay=&#8220;0.3&#8243;][vc_separator type=&#8220;transparent&#8220; up=&#8220;30&#8243; down=&#8220;0&#8243;][\/vc_column][vc_column width=&#8220;1\/4&#8243;][vc_column_text]<\/p>\n<h4>P\u0159enosn\u00e9 za\u0159\u00edzen\u00ed s lithiovou bateri\u00ed (220 V)<\/h4>\n<p>[\/vc_column_text][vc_separator type=&#8220;transparent&#8220; up=&#8220;7&#8243; down=&#8220;10&#8243;][vc_column_text][\/vc_column_text][vc_separator type=&#8220;transparent&#8220; up=&#8220;15&#8243; down=&#8220;15&#8243;]<a  itemprop=\"url\" href=\"https:\/\/clearlifesolar.com\/cs\/clearlife-solar-solutions\/portable-ac\/\" target=\"_self\"  class=\"qbutton  default\" style=\"\">ZOBRAZIT NA\u0160E PRODUKTY<\/a>[\/vc_column][vc_column width=&#8220;1\/4&#8243;][vc_separator type=&#8220;transparent&#8220; up=&#8220;7&#8243; down=&#8220;0&#8243;][vc_single_image image=&#8220;16032&#8243; img_size=&#8220;full&#8220; alignment=&#8220;center&#8220; qode_css_animation=&#8220;element_from_right&#8220; transition_delay=&#8220;0.3&#8243;][vc_separator type=&#8220;transparent&#8220; up=&#8220;30&#8243; down=&#8220;0&#8243;][\/vc_column][vc_column width=&#8220;1\/4&#8243;][vc_column_text]<\/p>\n<h4>Stacion\u00e1rn\u00ed za\u0159\u00edzen\u00ed (220 V)<\/h4>\n<p>[\/vc_column_text][vc_separator type=&#8220;transparent&#8220; up=&#8220;7&#8243; down=&#8220;10&#8243;][vc_column_text][\/vc_column_text][vc_separator type=&#8220;transparent&#8220; up=&#8220;15&#8243; down=&#8220;15&#8243;]<a  itemprop=\"url\" href=\"https:\/\/clearlifesolar.com\/cs\/clearlife-solar-solutions\/wall-mounted-ac-solutions\/\" target=\"_self\"  class=\"qbutton  default\" style=\"\">ZOBRAZIT NA\u0160E PRODUKTY<\/a>[\/vc_column][\/vc_row]<\/p>\n","protected":false},"excerpt":{"rendered":"<p>[vc_row css_animation=&#8220;&#8220; row_type=&#8220;row&#8220; use_row_as_full_screen_section=&#8220;no&#8220; type=&#8220;grid&#8220; angled_section=&#8220;no&#8220; text_align=&#8220;left&#8220; background_image_as_pattern=&#8220;without_pattern&#8220; padding_top=&#8220;40&#8243; padding_bottom=&#8220;20&#8243; z_index=&#8220;&#8220;][vc_column width=&#8220;1\/3&#8243;][vc_separator type=&#8220;transparent&#8220; up=&#8220;7&#8243; down=&#8220;0&#8243;][vc_single_image image=&#8220;15854&#8243; img_size=&#8220;full&#8220; alignment=&#8220;center&#8220; qode_css_animation=&#8220;element_from_left&#8220; transition_delay=&#8220;0.3&#8243;][vc_separator type=&#8220;transparent&#8220; up=&#8220;30&#8243; down=&#8220;0&#8243;][\/vc_column][vc_column width=&#8220;2\/3&#8243;][vc_column_text] ClearLife Sol\u00e1rn\u00ed Syst\u00e9my [\/vc_column_text][vc_separator type=&#8220;transparent&#8220; up=&#8220;3&#8243; down=&#8220;3&#8243;][vc_column_text]ClearLife Sol\u00e1rn\u00ed Syst\u00e9my vyv\u00edj\u00ed jednoduch\u00e1 za\u0159\u00edzen\u00ed ur\u010den\u00e1 pro mal\u00e9 dom\u00e1cnosti, vyr\u00e1b\u00edme sol\u00e1rn\u00ed syst\u00e9my o 50&#8230;<\/p>\n","protected":false},"author":1,"featured_media":0,"parent":17006,"menu_order":0,"comment_status":"open","ping_status":"open","template":"full_width.php","meta":[],"_links":{"self":[{"href":"https:\/\/clearlifesolar.com\/cs\/wp-json\/wp\/v2\/pages\/16978"}],"collection":[{"href":"https:\/\/clearlifesolar.com\/cs\/wp-json\/wp\/v2\/pages"}],"about":[{"href":"https:\/\/clearlifesolar.com\/cs\/wp-json\/wp\/v2\/types\/page"}],"author":[{"embeddable":true,"href":"https:\/\/clearlifesolar.com\/cs\/wp-json\/wp\/v2\/users\/1"}],"replies":[{"embeddable":true,"href":"https:\/\/clearlifesolar.com\/cs\/wp-json\/wp\/v2\/comments?post=16978"}],"version-history":[{"count":9,"href":"https:\/\/clearlifesolar.com\/cs\/wp-json\/wp\/v2\/pages\/16978\/revisions"}],"predecessor-version":[{"id":18003,"href":"https:\/\/clearlifesolar.com\/cs\/wp-json\/wp\/v2\/pages\/16978\/revisions\/18003"}],"up":[{"embeddable":true,"href":"https:\/\/clearlifesolar.com\/cs\/wp-json\/wp\/v2\/pages\/17006"}],"wp:attachment":[{"href":"https:\/\/clearlifesolar.com\/cs\/wp-json\/wp\/v2\/media?parent=16978"}],"curies":[{"name":"wp","href":"https:\/\/api.w.org\/{rel}","templated":true}]}}