{"id":16992,"date":"2015-05-08T08:30:00","date_gmt":"2015-05-08T08:30:00","guid":{"rendered":"https:\/\/clearlifesolar.com\/company\/"},"modified":"2022-04-21T11:09:05","modified_gmt":"2022-04-21T11:09:05","slug":"company","status":"publish","type":"page","link":"https:\/\/clearlifesolar.com\/cs\/home-2\/company\/","title":{"rendered":"Na\u0161e spole\u010dnost"},"content":{"rendered":"<p>[vc_row css_animation=&#8220;&#8220; row_type=&#8220;row&#8220; use_row_as_full_screen_section=&#8220;no&#8220; type=&#8220;full_width&#8220; angled_section=&#8220;no&#8220; text_align=&#8220;left&#8220; background_image_as_pattern=&#8220;without_pattern&#8220; bg_type=&#8220;image&#8220; parallax_style=&#8220;vcpb-vz-jquery&#8220; bg_image_new=&#8220;15573|https:\/\/clearlifesolar.com\/wp-content\/uploads\/2015\/06\/world_map_light2.jpg&#8220; bg_image_repeat=&#8220;no-repeat&#8220; parallax_sense=&#8220;50&#8243; bg_override=&#8220;ex-full&#8220; css=&#8220;.vc_custom_1437095125560{padding-top: 150px !important;padding-bottom: 250px !important;}&#8220;][vc_column][vc_row_inner row_type=&#8220;row&#8220; type=&#8220;grid&#8220; text_align=&#8220;center&#8220; css_animation=&#8220;&#8220;][vc_column_inner][vc_single_image image=&#8220;16436&#8243; img_size=&#8220;medium&#8220; alignment=&#8220;center&#8220; qode_css_animation=&#8220;&#8220;][vc_separator type=&#8220;transparent&#8220; up=&#8220;30&#8243; down=&#8220;30&#8243;][\/vc_column_inner][\/vc_row_inner][vc_row_inner row_type=&#8220;row&#8220; type=&#8220;grid&#8220; text_align=&#8220;left&#8220; css_animation=&#8220;&#8220;][vc_column_inner width=&#8220;1\/2&#8243; css=&#8220;.vc_custom_1437734349941{background-position: center !important;background-repeat: no-repeat !important;background-size: contain !important;}&#8220;][vc_column_text]<\/p>\n<h4 style=\"text-align: center;\"><span style=\"color: #000000;\">NA\u0160E POSL\u00c1N\u00cd<\/span><span style=\"color: #0000ff;\"><span style=\"color: #000000;\">:<\/span><\/span><\/h4>\n<p style=\"text-align: center;\">Pom\u00e1h\u00e1me lidem a organizac\u00edm vyu\u017e\u00edvat sol\u00e1rn\u00ed energii pro ka\u017edodenn\u00ed pou\u017e\u00edv\u00e1n\u00ed.<\/p>\n<p>[\/vc_column_text][vc_empty_space height=&#8220;25px&#8220;][vc_column_text]<\/p>\n<h4 style=\"text-align: center;\"><span style=\"color: #000000;\">NA\u0160E Z\u00c1SADY:<\/span><\/h4>\n<p style=\"text-align: center;\">V\u011b\u0159\u00edme, \u017ee hlavn\u00edm zdrojem na\u0161eho \u00fasp\u011bchu je profesionalita a oddanost, pr\u00e1ce na vytv\u00e1\u0159en\u00ed a udr\u017eov\u00e1n\u00ed a rozvoji obchodn\u00edch vztah\u016f.<\/p>\n<p style=\"text-align: center;\">Pevn\u011b v\u011b\u0159\u00edme, \u017ee p\u0159\u00e1telstv\u00ed m\u00e1 v\u017edy v\u011bt\u0161\u00ed v\u00e1hu ne\u017e obchod.<\/p>\n<p>[\/vc_column_text][vc_empty_space height=&#8220;25px&#8220;][vc_column_text]<\/p>\n<h4 style=\"text-align: center;\"><\/h4>\n<h4 style=\"text-align: center;\"><span style=\"color: #000000;\">\u00a0NA\u0160E HLAVN\u00cd C\u00cdLE:<br \/>\n<\/span><\/h4>\n<p style=\"text-align: center;\">B\u00fdt va\u0161\u00edm hlavn\u00edm dodavatelem.<\/p>\n<p style=\"text-align: center;\">Sna\u017eit se dr\u017eet co nejni\u017e\u0161\u00ed ceny na trhu.<\/p>\n<p style=\"text-align: center;\">Poskytovat kvalitn\u00ed slu\u017eby a dod\u00e1vat kvalitn\u00ed v\u00fdrobky.<\/p>\n<p><!--more-->[\/vc_column_text][\/vc_column_inner][vc_column_inner width=&#8220;1\/2&#8243;][vc_single_image image=&#8220;15777&#8243; img_size=&#8220;550&#215;400&#8243; alignment=&#8220;right&#8220; qode_css_animation=&#8220;&#8220; css=&#8220;.vc_custom_1437734278128{border-top-width: 1px !important;border-right-width: 1px !important;border-bottom-width: 1px !important;border-left-width: 1px !important;}&#8220;][\/vc_column_inner][\/vc_row_inner][vc_row_inner row_type=&#8220;row&#8220; type=&#8220;full_width&#8220; text_align=&#8220;left&#8220; css_animation=&#8220;&#8220;][vc_column_inner width=&#8220;1\/2&#8243;][vc_separator type=&#8220;transparent&#8220; up=&#8220;30&#8243; down=&#8220;30&#8243;][\/vc_column_inner][vc_column_inner width=&#8220;1\/2&#8243;][\/vc_column_inner][\/vc_row_inner][vc_row_inner row_type=&#8220;row&#8220; type=&#8220;grid&#8220; text_align=&#8220;center&#8220; css_animation=&#8220;&#8220;][vc_column_inner]<a  itemprop=\"url\" href=\"https:\/\/clearlifesolar.com\/cs\/home\/contact\/\" target=\"_self\"  class=\"qbutton  default\" style=\"\">SPOJTE SE S N\u00c1MI<\/a>[\/vc_column_inner][\/vc_row_inner][\/vc_column][\/vc_row]<\/p>\n","protected":false},"excerpt":{"rendered":"<p>[vc_row css_animation=&#8220;&#8220; row_type=&#8220;row&#8220; use_row_as_full_screen_section=&#8220;no&#8220; type=&#8220;full_width&#8220; angled_section=&#8220;no&#8220; text_align=&#8220;left&#8220; background_image_as_pattern=&#8220;without_pattern&#8220; bg_type=&#8220;image&#8220; parallax_style=&#8220;vcpb-vz-jquery&#8220; bg_image_new=&#8220;15573|https:\/\/clearlifesolar.com\/wp-content\/uploads\/2015\/06\/world_map_light2.jpg&#8220; bg_image_repeat=&#8220;no-repeat&#8220; parallax_sense=&#8220;50&#8243; bg_override=&#8220;ex-full&#8220; css=&#8220;.vc_custom_1437095125560{padding-top: 150px !important;padding-bottom: 250px !important;}&#8220;][vc_column][vc_row_inner row_type=&#8220;row&#8220; type=&#8220;grid&#8220; text_align=&#8220;center&#8220; css_animation=&#8220;&#8220;][vc_column_inner][vc_single_image image=&#8220;16436&#8243; img_size=&#8220;medium&#8220; alignment=&#8220;center&#8220; qode_css_animation=&#8220;&#8220;][vc_separator type=&#8220;transparent&#8220; up=&#8220;30&#8243; down=&#8220;30&#8243;][\/vc_column_inner][\/vc_row_inner][vc_row_inner row_type=&#8220;row&#8220; type=&#8220;grid&#8220; text_align=&#8220;left&#8220; css_animation=&#8220;&#8220;][vc_column_inner width=&#8220;1\/2&#8243; css=&#8220;.vc_custom_1437734349941{background-position: center !important;background-repeat: no-repeat !important;background-size: contain !important;}&#8220;][vc_column_text] NA\u0160E POSL\u00c1N\u00cd: Pom\u00e1h\u00e1me&#8230;<\/p>\n","protected":false},"author":1,"featured_media":0,"parent":17006,"menu_order":0,"comment_status":"open","ping_status":"open","template":"full_width.php","meta":[],"_links":{"self":[{"href":"https:\/\/clearlifesolar.com\/cs\/wp-json\/wp\/v2\/pages\/16992"}],"collection":[{"href":"https:\/\/clearlifesolar.com\/cs\/wp-json\/wp\/v2\/pages"}],"about":[{"href":"https:\/\/clearlifesolar.com\/cs\/wp-json\/wp\/v2\/types\/page"}],"author":[{"embeddable":true,"href":"https:\/\/clearlifesolar.com\/cs\/wp-json\/wp\/v2\/users\/1"}],"replies":[{"embeddable":true,"href":"https:\/\/clearlifesolar.com\/cs\/wp-json\/wp\/v2\/comments?post=16992"}],"version-history":[{"count":8,"href":"https:\/\/clearlifesolar.com\/cs\/wp-json\/wp\/v2\/pages\/16992\/revisions"}],"predecessor-version":[{"id":18012,"href":"https:\/\/clearlifesolar.com\/cs\/wp-json\/wp\/v2\/pages\/16992\/revisions\/18012"}],"up":[{"embeddable":true,"href":"https:\/\/clearlifesolar.com\/cs\/wp-json\/wp\/v2\/pages\/17006"}],"wp:attachment":[{"href":"https:\/\/clearlifesolar.com\/cs\/wp-json\/wp\/v2\/media?parent=16992"}],"curies":[{"name":"wp","href":"https:\/\/api.w.org\/{rel}","templated":true}]}}