{"id":17006,"date":"2015-05-07T08:00:12","date_gmt":"2015-05-07T08:00:12","guid":{"rendered":"https:\/\/clearlifesolar.com\/home-2\/"},"modified":"2022-04-22T10:13:26","modified_gmt":"2022-04-22T10:13:26","slug":"home-2","status":"publish","type":"page","link":"https:\/\/clearlifesolar.com\/cs\/","title":{"rendered":"Dom\u016f"},"content":{"rendered":"<p>[vc_row css_animation=&#8220;&#8220; row_type=&#8220;row&#8220; use_row_as_full_screen_section=&#8220;no&#8220; type=&#8220;full_width&#8220; angled_section=&#8220;no&#8220; text_align=&#8220;left&#8220; background_image_as_pattern=&#8220;without_pattern&#8220;][vc_column][qode_elements_holder number_of_columns=&#8220;two_columns&#8220; switch_to_one_column=&#8220;1000&#8243;][qode_elements_holder_item item_padding=&#8220;20px 9% 30px 9%&#8220; advanced_animations=&#8220;no&#8220;][vc_separator type=&#8220;transparent&#8220; thickness=&#8220;1&#8243; up=&#8220;-8&#8243;][vc_column_text]Inovativn\u00ed p\u0159\u00edstup k pr\u016fmyslov\u00e9 budoucnosti[\/vc_column_text][vc_separator type=&#8220;small&#8220; position=&#8220;left&#8220; up=&#8220;6&#8243; down=&#8220;15&#8243;][vc_column_text]<\/p>\n<h3>V\u00edtejte na str\u00e1nce ClearLife Sol\u00e1rn\u00ed Syst\u00e9my<\/h3>\n<p>[\/vc_column_text][vc_separator type=&#8220;transparent&#8220; thickness=&#8220;1&#8243; up=&#8220;25&#8243; down=&#8220;0&#8243;][vc_column_text]Na\u0161im kl\u00ed\u010dem k \u00fasp\u011bchu je celosv\u011btov\u00fd p\u0159\u00edstup ke zdroj\u016fm a za hlavn\u00ed pova\u017eujeme osobn\u00ed p\u0159\u00edstup k v\u00e1m.<\/p>\n<p>&nbsp;<\/p>\n<p>Na\u0161i z\u00e1kazn\u00edci a dodavatel\u00e9 z cel\u00e9ho sv\u011bta ob\u011btav\u011b pracuj\u00ed a jsou tu pro v\u00e1s.<\/p>\n<p>&nbsp;<\/p>\n<p>Na\u0161im c\u00edlem je udr\u017eovat partnersk\u00e9 vztahy.[\/vc_column_text][vc_separator type=&#8220;transparent&#8220; thickness=&#8220;1&#8243; up=&#8220;31&#8243; down=&#8220;0&#8243;]<a  itemprop=\"url\" href=\"https:\/\/clearlifesolar.com\/cs\/home\/company\/\" target=\"_self\"  class=\"qbutton  default\" style=\"\">V\u00cdCE<\/a>[\/qode_elements_holder_item][qode_elements_holder_item item_padding=&#8220;0px 0px 0px 0px&#8220; advanced_animations=&#8220;no&#8220;][vc_single_image image=&#8220;16435&#8243; img_size=&#8220;full&#8220; alignment=&#8220;center&#8220; qode_css_animation=&#8220;&#8220;][\/qode_elements_holder_item][\/qode_elements_holder][\/vc_column][vc_column][\/vc_column][vc_column][\/vc_column][\/vc_row][vc_row css_animation=&#8220;&#8220; row_type=&#8220;row&#8220; use_row_as_full_screen_section=&#8220;no&#8220; type=&#8220;full_width&#8220; angled_section=&#8220;no&#8220; text_align=&#8220;left&#8220; background_image_as_pattern=&#8220;without_pattern&#8220; background_color=&#8220;#0087c1&#8243; padding_top=&#8220;65&#8243; padding_bottom=&#8220;45&#8243;][vc_column]<div id=\"uvc-type-wrap-9252\"  data-ultimate-target='#uvc-type-wrap-9252'  data-responsive-json-new='{\"font-size\":\"desktop:25px;\",\"line-height\":\"desktop:35px;\"}'  class=\"uvc-type-wrap  ult-adjust-bottom-margin ult-responsive  uvc-type-align-center  uvc-wrap-87226767069fa3f11bb2d5\" style=\"font-family:&#039;Raleway&#039;;font-weight:500;text-align:center;\"><span  data-ultimate-target='#uvc-type-wrap-9252 .mycustfancy'  data-responsive-json-new='{\"font-size\":\"\",\"line-height\":\"\"}'  class=\"ultimate-ticker-prefix mycustfancy ult-responsive\" style=\"font-weight:normal;color:#ffffff;\">ClearLife je hlavn\u00edm dodavatelem<\/span><div id=\"vticker-87226767069fa3f11bb2d5\"  data-ultimate-target='#uvc-type-wrap-9252'  data-responsive-json-new='{\"font-size\":\"desktop:25px;\",\"line-height\":\"desktop:35px;\"}'  class=\"ultimate-vticker ticker  ultimate-fancy-text-inherit\" style=\"color:#ffffff;\"><ul><li style=\"opacity:1\"> produkt\u016f sol\u00e1rn\u00ed energie.<\/li><li style=\"opacity:0\">sol\u00e1rn\u00edch panel\u016f.<\/li><li style=\"opacity:0\">sol\u00e1rn\u00edch bateri\u00ed.<\/li><li style=\"opacity:0\">sol\u00e1rn\u00edch m\u011bni\u010d\u016f.<\/li><\/ul><\/div><script type=\"text\/javascript\">\n\t\t\t\t\t\tjQuery(function($){\n\t\t\t\t\t\t\t$(document).ready(function(){\n\t\t\t\t\t\t\t\t$(\"#vticker-87226767069fa3f11bb2d5\").find(\"li\").css(\"opacity\",\"1\");\n\t\t\t\t\t\t\t\t$(\"#vticker-87226767069fa3f11bb2d5\")\n\t\t\t\t\t\t\t\t\t.vTicker(\n\t\t\t\t\t\t\t\t\t{\n\t\t\t\t\t\t\t\t\t\tspeed: 200,\n\t\t\t\t\t\t\t\t\t\tshowItems: 1,\n\t\t\t\t\t\t\t\t\t\tpause: 1850,\n\t\t\t\t\t\t\t\t\t\tmousePause : false,\n\t\t\t\t\t\t\t\t\t\tdirection: \"up\",\n\t\t\t\t\t\t\t\t\t}\n\t\t\t\t\t\t\t\t);\n\t\t\t\t\t\t\t});\n\t\t\t\t\t\t});\n\t\t\t\t\t<\/script><\/div>[\/vc_column][\/vc_row][vc_row css_animation=&#8220;&#8220; row_type=&#8220;row&#8220; use_row_as_full_screen_section=&#8220;no&#8220; type=&#8220;full_width&#8220; angled_section=&#8220;no&#8220; text_align=&#8220;left&#8220; background_image_as_pattern=&#8220;without_pattern&#8220;][vc_column][qode_elements_holder number_of_columns=&#8220;two_columns&#8220; switch_to_one_column=&#8220;1000&#8243;][qode_elements_holder_item advanced_animations=&#8220;no&#8220;][vc_single_image image=&#8220;15605&#8243; img_size=&#8220;full&#8220; qode_css_animation=&#8220;&#8220;][\/qode_elements_holder_item][qode_elements_holder_item item_padding=&#8220;20px 9% 30px 9%&#8220; advanced_animations=&#8220;no&#8220;][vc_separator type=&#8220;transparent&#8220; thickness=&#8220;1&#8243; up=&#8220;-8&#8243;][vc_column_text]Vytv\u00e1\u0159\u00edme pouze udr\u017eiteln\u00e1 \u0159e\u0161en\u00ed.[\/vc_column_text][vc_separator type=&#8220;small&#8220; position=&#8220;left&#8220; up=&#8220;6&#8243; down=&#8220;15&#8243;][vc_column_text]<\/p>\n<h3>ClearLife vyv\u00edj\u00ed ekologick\u00e9 sol\u00e1rn\u00ed energetick\u00e9 syst\u00e9my<\/h3>\n<p>[\/vc_column_text][vc_separator type=&#8220;transparent&#8220; thickness=&#8220;1&#8243; up=&#8220;25&#8243; down=&#8220;0&#8243;][vc_column_text]<span style=\"color: #000000;\">Sol\u00e1rn\u00ed energie je energi\u00ed budoucnosti. Na\u0161im c\u00edlem je pomoci cel\u00e9mu sv\u011btu vybudovat vhodn\u00e9 ekonomick\u00e9 syst\u00e9my pro v\u00fdrobu energie ur\u010denou pro ka\u017edodenn\u00ed pou\u017e\u00edv\u00e1n\u00ed.<br \/>\n<\/span>[\/vc_column_text][vc_separator type=&#8220;transparent&#8220; thickness=&#8220;1&#8243; up=&#8220;31&#8243; down=&#8220;0&#8243;]<a  itemprop=\"url\" href=\"https:\/\/clearlifesolar.com\/cs\/home\/clearlife-solar-solutions\/\" target=\"_self\"  class=\"qbutton  default\" style=\"\">ZOBRAZIT V\u0160ECHNY NA\u0160E SOL\u00c1RN\u00cd PRODUKTY<\/a>[\/qode_elements_holder_item][\/qode_elements_holder][\/vc_column][\/vc_row][vc_row css_animation=&#8220;&#8220; row_type=&#8220;row&#8220; use_row_as_full_screen_section=&#8220;no&#8220; type=&#8220;full_width&#8220; angled_section=&#8220;no&#8220; text_align=&#8220;left&#8220; background_image_as_pattern=&#8220;without_pattern&#8220; background_color=&#8220;#0087c1&#8243; css=&#8220;.vc_custom_1498493045948{padding-top: 50px !important;padding-bottom: 42px !important;}&#8220;][vc_column]<div id=\"ultimate-heading-629769fa3f11bb339\" class=\"uvc-heading ult-adjust-bottom-margin ultimate-heading-629769fa3f11bb339 uvc-2579 \" data-hspacer=\"no_spacer\"  data-halign=\"center\" style=\"text-align:center\"><div class=\"uvc-heading-spacer no_spacer\" style=\"top\"><\/div><div class=\"uvc-main-heading ult-responsive\"  data-ultimate-target='.uvc-heading.ultimate-heading-629769fa3f11bb339 h2'  data-responsive-json-new='{\"font-size\":\"desktop:25px;\",\"line-height\":\"desktop:40px;\"}' ><h2 style=\"font-family:&#039;Raleway&#039;;font-weight:500;color:#ffffff;\">Z\u016fsta\u0148te v obraze d\u00edky zpr\u00e1v\u00e1m spole\u010dnosti ClearLife Solar.<\/h2><\/div><\/div><div id=\"modal-trg-txt-wrap-5364\" class=\"ult-modal-input-wrapper ult-adjust-bottom-margin modal-theme-button \"><button  data-ultimate-target='#modal-trg-txt-wrap-5364 .btn-modal'  data-responsive-json-new='{\"font-size\":\"\",\"line-height\":\"\"}'  style=\"background:#ffffff;border-color:#ffffff;color:#0087c1; \" data-class-id=\"content-69fa3f11bb3687-41725941\" class=\"btn-modal ult-responsive btn-primary btn-modal-md overlay-show ult-align-center\" data-overlay-class=\"overlay-cornerbottomleft\">JOIN OUR NEWSLETTER<\/button><\/div>\n<div class=\"ult-overlay content-69fa3f11bb3687-41725941 \" data-class=\"content-69fa3f11bb3687-41725941\" id=\"button-click-overlay\" style=\"background:rgba(0,135,193,0.8); display:none;\">\n\t<div class=\"ult_modal ult-fade ult-small\">\n\t\t<div id=\"ult-modal-wrap-9269\" class=\"ult_modal-content ult-hide\" style=\"border-style:solid;border-width:0px;border-radius:0px;border-color:#333333;\">\n\t\t\t<div class=\"ult_modal-header\" style=\"background:#2b2b2b;color:#ffffff;border-color:#333333;\">\n\t\t\t\t<div class=\"modal-icon\"><i class=\"Defaults-envelope-o\"><\/i><\/div><h3  data-ultimate-target='#ult-modal-wrap-9269 .ult_modal-title'  data-responsive-json-new='{\"font-size\":\"\",\"line-height\":\"\"}'  class=\"ult_modal-title ult-responsive\">Please enter your email address below.<\/h3>\n\t\t\t<\/div>\n\t\t\t<div  data-ultimate-target='#ult-modal-wrap-9269 .ult_modal-body'  data-responsive-json-new='{\"font-size\":\"\",\"line-height\":\"\"}'  class=\"ult_modal-body ult-responsive ult-html\" style=\"background:#2b2b2b;color:#ffffff;\">\n\t\t\t<\/p>\n<div role=\"form\" class=\"wpcf7\" id=\"wpcf7-f16929-o1\" lang=\"cs-CZ\" dir=\"ltr\">\n<div class=\"screen-reader-response\"><p role=\"status\" aria-live=\"polite\" aria-atomic=\"true\"><\/p> <ul><\/ul><\/div>\n<form action=\"\/cs\/wp-json\/wp\/v2\/pages\/17006#wpcf7-f16929-o1\" method=\"post\" class=\"wpcf7-form init\" novalidate=\"novalidate\" data-status=\"init\">\n<div style=\"display: none;\">\n<input type=\"hidden\" name=\"_wpcf7\" value=\"16929\" \/>\n<input type=\"hidden\" name=\"_wpcf7_version\" value=\"5.5.3\" \/>\n<input type=\"hidden\" name=\"_wpcf7_locale\" value=\"cs_CZ\" \/>\n<input type=\"hidden\" name=\"_wpcf7_unit_tag\" value=\"wpcf7-f16929-o1\" \/>\n<input type=\"hidden\" name=\"_wpcf7_container_post\" value=\"0\" \/>\n<input type=\"hidden\" name=\"_wpcf7_posted_data_hash\" value=\"\" \/>\n<\/div>\n<p>Your Email (required)<br \/>\n    <span class=\"wpcf7-form-control-wrap your-email\"><input type=\"email\" name=\"your-email\" value=\"\" size=\"40\" class=\"wpcf7-form-control wpcf7-text wpcf7-email wpcf7-validates-as-required wpcf7-validates-as-email\" aria-required=\"true\" aria-invalid=\"false\" \/><\/span> <\/p>\n<p><input type=\"submit\" value=\"Sign Up\" class=\"wpcf7-form-control has-spinner wpcf7-submit\" \/><\/p>\n<div class=\"wpcf7-response-output\" aria-hidden=\"true\"><\/div><\/form><\/div>\n<p>\n\t\t\t<\/div>\n\t<\/div>\n\t<\/div>\n\t<div class=\"ult-overlay-close\">Close<\/div>\n<\/div>[\/vc_column][\/vc_row][vc_row css_animation=&#8220;&#8220; row_type=&#8220;row&#8220; use_row_as_full_screen_section=&#8220;no&#8220; type=&#8220;full_width&#8220; angled_section=&#8220;no&#8220; text_align=&#8220;left&#8220; background_image_as_pattern=&#8220;without_pattern&#8220;][vc_column][qode_elements_holder number_of_columns=&#8220;two_columns&#8220; switch_to_one_column=&#8220;1000&#8243;][qode_elements_holder_item item_padding=&#8220;20px 9% 30px 9%&#8220; advanced_animations=&#8220;no&#8220;][vc_separator type=&#8220;transparent&#8220; thickness=&#8220;1&#8243; up=&#8220;-8&#8243;][vc_separator type=&#8220;small&#8220; position=&#8220;left&#8220; up=&#8220;6&#8243; down=&#8220;15&#8243;][vc_column_text]<\/p>\n<h3><span id=\"result_box\" class=\"short_text\" lang=\"en\"><span class=\"hps\">Kancel\u00e1\u0159e po cel\u00e9m sv\u011bt\u011b<br \/>\n<\/span><\/span><\/h3>\n<p>[\/vc_column_text][vc_column_text]<a href=\"https:\/\/clearlifesolar.com\/wp-content\/uploads\/2019\/07\/Oua-solar-lounge.jpg\"><img loading=\"lazy\" class=\"alignnone size-medium wp-image-16066\" src=\"https:\/\/clearlifesolar.com\/wp-content\/uploads\/2019\/07\/Oua-solar-lounge-300x274.jpg\" alt=\"\" width=\"300\" height=\"274\" \/><\/a>[\/vc_column_text][vc_separator type=&#8220;transparent&#8220; thickness=&#8220;1&#8243; up=&#8220;25&#8243; down=&#8220;0&#8243;][vc_column_text]Sna\u017e\u00edme se b\u00fdt co nejbl\u00ed\u017ee k dodavatel\u016fm a z\u00e1kazn\u00edk\u016fm, a proto spolupracujeme s partnery v Evrop\u011b, Asii a \u010c\u00edn\u011b.[\/vc_column_text][vc_separator type=&#8220;transparent&#8220; thickness=&#8220;1&#8243; up=&#8220;31&#8243; down=&#8220;0&#8243;]<a  itemprop=\"url\" href=\"https:\/\/clearlifesolar.com\/cs\/home\/contact\/\" target=\"_self\"  class=\"qbutton  default\" style=\"\">GET IN TOUCH WITH US<\/a>[\/qode_elements_holder_item][qode_elements_holder_item item_padding=&#8220;0px 0px 0px 0px&#8220; advanced_animations=&#8220;no&#8220;][vc_gallery type=&#8220;flexslider_slide&#8220; interval=&#8220;3&#8243; images=&#8220;15631,15632,15594,15595,16066&#8243; img_size=&#8220;full&#8220; frame=&#8220;no&#8220;][\/qode_elements_holder_item][\/qode_elements_holder][\/vc_column][\/vc_row]<\/p>\n","protected":false},"excerpt":{"rendered":"<p>[vc_row css_animation=&#8220;&#8220; row_type=&#8220;row&#8220; use_row_as_full_screen_section=&#8220;no&#8220; type=&#8220;full_width&#8220; angled_section=&#8220;no&#8220; text_align=&#8220;left&#8220; background_image_as_pattern=&#8220;without_pattern&#8220;][vc_column][qode_elements_holder number_of_columns=&#8220;two_columns&#8220; switch_to_one_column=&#8220;1000&#8243;][qode_elements_holder_item item_padding=&#8220;20px 9% 30px 9%&#8220; advanced_animations=&#8220;no&#8220;][vc_separator type=&#8220;transparent&#8220; thickness=&#8220;1&#8243; up=&#8220;-8&#8243;][vc_column_text]Inovativn\u00ed p\u0159\u00edstup k pr\u016fmyslov\u00e9 budoucnosti[\/vc_column_text][vc_separator type=&#8220;small&#8220; position=&#8220;left&#8220; up=&#8220;6&#8243; down=&#8220;15&#8243;][vc_column_text] V\u00edtejte na str\u00e1nce ClearLife Sol\u00e1rn\u00ed Syst\u00e9my [\/vc_column_text][vc_separator type=&#8220;transparent&#8220; thickness=&#8220;1&#8243; up=&#8220;25&#8243; down=&#8220;0&#8243;][vc_column_text]Na\u0161im kl\u00ed\u010dem k \u00fasp\u011bchu je celosv\u011btov\u00fd p\u0159\u00edstup ke zdroj\u016fm&#8230;<\/p>\n","protected":false},"author":1,"featured_media":0,"parent":0,"menu_order":0,"comment_status":"open","ping_status":"open","template":"full_width.php","meta":[],"_links":{"self":[{"href":"https:\/\/clearlifesolar.com\/cs\/wp-json\/wp\/v2\/pages\/17006"}],"collection":[{"href":"https:\/\/clearlifesolar.com\/cs\/wp-json\/wp\/v2\/pages"}],"about":[{"href":"https:\/\/clearlifesolar.com\/cs\/wp-json\/wp\/v2\/types\/page"}],"author":[{"embeddable":true,"href":"https:\/\/clearlifesolar.com\/cs\/wp-json\/wp\/v2\/users\/1"}],"replies":[{"embeddable":true,"href":"https:\/\/clearlifesolar.com\/cs\/wp-json\/wp\/v2\/comments?post=17006"}],"version-history":[{"count":21,"href":"https:\/\/clearlifesolar.com\/cs\/wp-json\/wp\/v2\/pages\/17006\/revisions"}],"predecessor-version":[{"id":18002,"href":"https:\/\/clearlifesolar.com\/cs\/wp-json\/wp\/v2\/pages\/17006\/revisions\/18002"}],"wp:attachment":[{"href":"https:\/\/clearlifesolar.com\/cs\/wp-json\/wp\/v2\/media?parent=17006"}],"curies":[{"name":"wp","href":"https:\/\/api.w.org\/{rel}","templated":true}]}}