{"id":16905,"date":"2019-07-10T10:17:33","date_gmt":"2019-07-10T10:17:33","guid":{"rendered":"https:\/\/clearlifesolar.com\/solar-panels\/"},"modified":"2022-04-21T10:11:14","modified_gmt":"2022-04-21T10:11:14","slug":"solar-panels","status":"publish","type":"page","link":"https:\/\/clearlifesolar.com\/et\/home\/solar-energy-components\/solar-panels\/","title":{"rendered":"P\u00e4ikesepaneelid"},"content":{"rendered":"<p>[vc_row css_animation=&#8221;&#8221; row_type=&#8221;row&#8221; use_row_as_full_screen_section=&#8221;no&#8221; type=&#8221;grid&#8221; angled_section=&#8221;no&#8221; text_align=&#8221;left&#8221; background_image_as_pattern=&#8221;without_pattern&#8221; padding_top=&#8221;20&#8243; padding_bottom=&#8221;10&#8243; z_index=&#8221;&#8221;][vc_column width=&#8221;1\/3&#8243;][vc_separator type=&#8221;transparent&#8221; up=&#8221;7&#8243; down=&#8221;0&#8243;][vc_single_image image=&#8221;16269&#8243; img_size=&#8221;full&#8221; alignment=&#8221;center&#8221; qode_css_animation=&#8221;element_from_left&#8221; transition_delay=&#8221;0.3&#8243;][vc_separator type=&#8221;transparent&#8221; up=&#8221;30&#8243; down=&#8221;0&#8243;][\/vc_column][vc_column width=&#8221;2\/3&#8243;][vc_column_text]<\/p>\n<h4>Monocrystalline p\u00e4ikesepaneelid<\/h4>\n<p>[\/vc_column_text][vc_separator type=&#8221;transparent&#8221; up=&#8221;7&#8243; down=&#8221;10&#8243;][vc_column_text]T\u00e4ielik valik k\u00f5rge kvaliteediga monokristallilisi? p\u00e4ikesepaneele.<\/p>\n<p>Full range of high quality monocrystalline solar panels[\/vc_column_text][vc_separator type=&#8221;transparent&#8221; up=&#8221;15&#8243; down=&#8221;15&#8243;]<a  itemprop=\"url\" href=\"https:\/\/clearlifesolar.com\/et\/home\/contact\/\" target=\"_self\"  class=\"qbutton  default\" style=\"\">V\u00d5TA \u00dcHENDUST<\/a>[\/vc_column][\/vc_row][vc_row css_animation=&#8221;&#8221; row_type=&#8221;row&#8221; use_row_as_full_screen_section=&#8221;no&#8221; type=&#8221;grid&#8221; angled_section=&#8221;no&#8221; text_align=&#8221;left&#8221; background_image=&#8221;15511&#8243; background_image_as_pattern=&#8221;without_pattern&#8221; background_color=&#8221;#e2e2e2&#8243; padding_top=&#8221;20&#8243; padding_bottom=&#8221;10&#8243; z_index=&#8221;&#8221;][vc_column width=&#8221;2\/3&#8243;][vc_column_text]<\/p>\n<h4>Polycrystalline p\u00e4ikesepaneelid<\/h4>\n<p>[\/vc_column_text][vc_separator type=&#8221;transparent&#8221; up=&#8221;7&#8243; down=&#8221;10&#8243;][vc_column_text]T\u00e4ielik valik k\u00f5rge kvaliteediga pol\u00fckristallilisi? p\u00e4ikesepaneele.<\/p>\n<p>Full range of high quality polycrystalline solar panels[\/vc_column_text][vc_separator type=&#8221;transparent&#8221; up=&#8221;15&#8243; down=&#8221;15&#8243;]<a  itemprop=\"url\" href=\"https:\/\/clearlifesolar.com\/et\/contact\/\" target=\"_self\"  class=\"qbutton  default\" style=\"\">V\u00d5TA \u00dcHENDUST<\/a>[\/vc_column][vc_column width=&#8221;1\/3&#8243;][vc_separator type=&#8221;transparent&#8221; up=&#8221;7&#8243; down=&#8221;0&#8243;][vc_single_image image=&#8221;16268&#8243; img_size=&#8221;full&#8221; alignment=&#8221;center&#8221; qode_css_animation=&#8221;element_from_left&#8221; transition_delay=&#8221;0.3&#8243;][vc_separator type=&#8221;transparent&#8221; up=&#8221;30&#8243; down=&#8221;0&#8243;][\/vc_column][\/vc_row]<\/p>\n","protected":false},"excerpt":{"rendered":"<p>[vc_row css_animation=&#8221;&#8221; row_type=&#8221;row&#8221; use_row_as_full_screen_section=&#8221;no&#8221; type=&#8221;grid&#8221; angled_section=&#8221;no&#8221; text_align=&#8221;left&#8221; background_image_as_pattern=&#8221;without_pattern&#8221; padding_top=&#8221;20&#8243; padding_bottom=&#8221;10&#8243; z_index=&#8221;&#8221;][vc_column width=&#8221;1\/3&#8243;][vc_separator type=&#8221;transparent&#8221; up=&#8221;7&#8243; down=&#8221;0&#8243;][vc_single_image image=&#8221;16269&#8243; img_size=&#8221;full&#8221; alignment=&#8221;center&#8221; qode_css_animation=&#8221;element_from_left&#8221; transition_delay=&#8221;0.3&#8243;][vc_separator type=&#8221;transparent&#8221; up=&#8221;30&#8243; down=&#8221;0&#8243;][\/vc_column][vc_column width=&#8221;2\/3&#8243;][vc_column_text] Monocrystalline p\u00e4ikesepaneelid [\/vc_column_text][vc_separator type=&#8221;transparent&#8221; up=&#8221;7&#8243; down=&#8221;10&#8243;][vc_column_text]T\u00e4ielik valik k\u00f5rge kvaliteediga monokristallilisi? p\u00e4ikesepaneele. Full range of high quality monocrystalline solar panels[\/vc_column_text][vc_separator type=&#8221;transparent&#8221; up=&#8221;15&#8243;&#8230;<\/p>\n","protected":false},"author":3,"featured_media":0,"parent":16912,"menu_order":0,"comment_status":"closed","ping_status":"closed","template":"","meta":[],"_links":{"self":[{"href":"https:\/\/clearlifesolar.com\/et\/wp-json\/wp\/v2\/pages\/16905"}],"collection":[{"href":"https:\/\/clearlifesolar.com\/et\/wp-json\/wp\/v2\/pages"}],"about":[{"href":"https:\/\/clearlifesolar.com\/et\/wp-json\/wp\/v2\/types\/page"}],"author":[{"embeddable":true,"href":"https:\/\/clearlifesolar.com\/et\/wp-json\/wp\/v2\/users\/3"}],"replies":[{"embeddable":true,"href":"https:\/\/clearlifesolar.com\/et\/wp-json\/wp\/v2\/comments?post=16905"}],"version-history":[{"count":6,"href":"https:\/\/clearlifesolar.com\/et\/wp-json\/wp\/v2\/pages\/16905\/revisions"}],"predecessor-version":[{"id":17892,"href":"https:\/\/clearlifesolar.com\/et\/wp-json\/wp\/v2\/pages\/16905\/revisions\/17892"}],"up":[{"embeddable":true,"href":"https:\/\/clearlifesolar.com\/et\/wp-json\/wp\/v2\/pages\/16912"}],"wp:attachment":[{"href":"https:\/\/clearlifesolar.com\/et\/wp-json\/wp\/v2\/media?parent=16905"}],"curies":[{"name":"wp","href":"https:\/\/api.w.org\/{rel}","templated":true}]}}