{"id":16912,"date":"2019-07-10T06:07:49","date_gmt":"2019-07-10T06:07:49","guid":{"rendered":"https:\/\/clearlifesolar.com\/solar-energy-components\/"},"modified":"2022-04-21T10:10:41","modified_gmt":"2022-04-21T10:10:41","slug":"solar-energy-components","status":"publish","type":"page","link":"https:\/\/clearlifesolar.com\/et\/home\/solar-energy-components\/","title":{"rendered":"Inverterid, akud, p\u00e4ikesepaneelid"},"content":{"rendered":"<p>[vc_row css_animation=&#8221;&#8221; row_type=&#8221;row&#8221; use_row_as_full_screen_section=&#8221;no&#8221; type=&#8221;grid&#8221; angled_section=&#8221;no&#8221; text_align=&#8221;left&#8221; background_image_as_pattern=&#8221;without_pattern&#8221; padding_top=&#8221;82&#8243; padding_bottom=&#8221;60&#8243;][vc_column width=&#8221;1\/3&#8243;][vc_separator type=&#8221;transparent&#8221; up=&#8221;7&#8243; down=&#8221;0&#8243;][vc_single_image image=&#8221;16032&#8243; img_size=&#8221;full&#8221; alignment=&#8221;center&#8221; qode_css_animation=&#8221;element_from_left&#8221; transition_delay=&#8221;0.3&#8243;][vc_separator type=&#8221;transparent&#8221; up=&#8221;30&#8243; down=&#8221;0&#8243;][\/vc_column][vc_column width=&#8221;2\/3&#8243;][vc_column_text]<\/p>\n<h4>OFF GRID p\u00e4ikeseenergias\u00fcsteem<\/h4>\n<p>[\/vc_column_text][vc_separator type=&#8221;transparent&#8221; up=&#8221;5&#8243; down=&#8221;5&#8243;][vc_column_text]P\u00e4ikeseenergia terminoloogias t\u00e4hendab OFF GRID iseseisvat p\u00e4ikeseenergia tootmist ja\/v\u00f5i salvestamist v\u00f5imaldavat lahendust, mis ei s\u00f5ltu v\u00f5rguenergiast.[\/vc_column_text][vc_separator type=&#8221;transparent&#8221; up=&#8221;5&#8243; down=&#8221;5&#8243;][vc_column_text]S\u00fcsteemi peamine ja keskne komponent on inverter. S\u00f5ltuvalt inverteri v\u00f5imsusest arvutatakse p\u00e4ikesepaneelide kogus. S\u00f5ltuvalt energiakasutusest arvutatakse akude kogus. K\u00f5ik eelnev oleneb majapidamise \u00fcldisest\/tavalisest energiakasutusest (valgustid, televiisor, k\u00fclmik jne).[\/vc_column_text][vc_separator type=&#8221;transparent&#8221; up=&#8221;15&#8243; down=&#8221;15&#8243;]<a  itemprop=\"url\" href=\"https:\/\/clearlifesolar.com\/et\/home\/contact\/\" target=\"_self\"  class=\"qbutton  default\" style=\"\">V\u00d5TA \u00dcHENDUST<\/a>[\/vc_column][\/vc_row]<\/p>\n","protected":false},"excerpt":{"rendered":"<p>[vc_row css_animation=&#8221;&#8221; row_type=&#8221;row&#8221; use_row_as_full_screen_section=&#8221;no&#8221; type=&#8221;grid&#8221; angled_section=&#8221;no&#8221; text_align=&#8221;left&#8221; background_image_as_pattern=&#8221;without_pattern&#8221; padding_top=&#8221;82&#8243; padding_bottom=&#8221;60&#8243;][vc_column width=&#8221;1\/3&#8243;][vc_separator type=&#8221;transparent&#8221; up=&#8221;7&#8243; down=&#8221;0&#8243;][vc_single_image image=&#8221;16032&#8243; img_size=&#8221;full&#8221; alignment=&#8221;center&#8221; qode_css_animation=&#8221;element_from_left&#8221; transition_delay=&#8221;0.3&#8243;][vc_separator type=&#8221;transparent&#8221; up=&#8221;30&#8243; down=&#8221;0&#8243;][\/vc_column][vc_column width=&#8221;2\/3&#8243;][vc_column_text] OFF GRID p\u00e4ikeseenergias\u00fcsteem [\/vc_column_text][vc_separator type=&#8221;transparent&#8221; up=&#8221;5&#8243; down=&#8221;5&#8243;][vc_column_text]P\u00e4ikeseenergia terminoloogias t\u00e4hendab OFF GRID iseseisvat p\u00e4ikeseenergia tootmist ja\/v\u00f5i salvestamist v\u00f5imaldavat lahendust, mis ei s\u00f5ltu v\u00f5rguenergiast.[\/vc_column_text][vc_separator&#8230;<\/p>\n","protected":false},"author":3,"featured_media":0,"parent":17000,"menu_order":0,"comment_status":"closed","ping_status":"closed","template":"","meta":[],"_links":{"self":[{"href":"https:\/\/clearlifesolar.com\/et\/wp-json\/wp\/v2\/pages\/16912"}],"collection":[{"href":"https:\/\/clearlifesolar.com\/et\/wp-json\/wp\/v2\/pages"}],"about":[{"href":"https:\/\/clearlifesolar.com\/et\/wp-json\/wp\/v2\/types\/page"}],"author":[{"embeddable":true,"href":"https:\/\/clearlifesolar.com\/et\/wp-json\/wp\/v2\/users\/3"}],"replies":[{"embeddable":true,"href":"https:\/\/clearlifesolar.com\/et\/wp-json\/wp\/v2\/comments?post=16912"}],"version-history":[{"count":6,"href":"https:\/\/clearlifesolar.com\/et\/wp-json\/wp\/v2\/pages\/16912\/revisions"}],"predecessor-version":[{"id":17889,"href":"https:\/\/clearlifesolar.com\/et\/wp-json\/wp\/v2\/pages\/16912\/revisions\/17889"}],"up":[{"embeddable":true,"href":"https:\/\/clearlifesolar.com\/et\/wp-json\/wp\/v2\/pages\/17000"}],"wp:attachment":[{"href":"https:\/\/clearlifesolar.com\/et\/wp-json\/wp\/v2\/media?parent=16912"}],"curies":[{"name":"wp","href":"https:\/\/api.w.org\/{rel}","templated":true}]}}