{"id":16954,"date":"2015-06-09T02:31:13","date_gmt":"2015-06-09T02:31:13","guid":{"rendered":"https:\/\/clearlifesolar.com\/portable-ac\/"},"modified":"2022-04-21T09:12:24","modified_gmt":"2022-04-21T09:12:24","slug":"portable-ac","status":"publish","type":"page","link":"https:\/\/clearlifesolar.com\/et\/home\/clearlife-solar-solutions\/portable-ac\/","title":{"rendered":"Kaasaskantavad lahendused (220V)"},"content":{"rendered":"<p>[vc_row css_animation=&#8221;&#8221; row_type=&#8221;row&#8221; use_row_as_full_screen_section=&#8221;no&#8221; type=&#8221;grid&#8221; angled_section=&#8221;no&#8221; text_align=&#8221;left&#8221; background_image_as_pattern=&#8221;without_pattern&#8221; padding_top=&#8221;40&#8243; padding_bottom=&#8221;20&#8243; z_index=&#8221;&#8221;][vc_column][vc_column_text]<\/p>\n<h3 style=\"text-align: center;\"><strong>Kaasaskantavad liitiumakuga vahelduvvoolu lahendused (220V)<\/strong><\/h3>\n<h3 style=\"text-align: center;\"><\/h3>\n<p>[\/vc_column_text][vc_separator type=&#8221;transparent&#8221; up=&#8221;10&#8243; down=&#8221;0&#8243;][\/vc_column][\/vc_row][vc_row css_animation=&#8221;&#8221; row_type=&#8221;row&#8221; use_row_as_full_screen_section=&#8221;no&#8221; type=&#8221;grid&#8221; angled_section=&#8221;no&#8221; text_align=&#8221;left&#8221; background_image_as_pattern=&#8221;without_pattern&#8221; padding_top=&#8221;10&#8243; padding_bottom=&#8221;20&#8243; z_index=&#8221;&#8221;][vc_column][vc_column_text]Kaasaskantavad liitiumakuga vahelduvvoolu lahendused (220V) on kerged ja k\u00e4ep\u00e4rased kaasas kandmiseks. Nad on kerged liitiumaku t\u00f5ttu. Need lahendused on v\u00f5imsad ning v\u00f5imaldvad kasutada nii vahelduvvoolu kui ka alalisvoolu tarbivaid seadmeid. Seega saavad need s\u00fcsteemid laadida telefone, koduseid arvikuid ja t\u00f6\u00f6riistu: televiisorit, k\u00fclmikut, kohvimasinat, laeventilaatorit jne. Lisaks tuleb kaasa kaks LED lampi l\u00fcliti ja kaabliga.[\/vc_column_text][\/vc_column][\/vc_row][vc_row css_animation=&#8221;&#8221; row_type=&#8221;row&#8221; use_row_as_full_screen_section=&#8221;no&#8221; type=&#8221;grid&#8221; angled_section=&#8221;no&#8221; text_align=&#8221;left&#8221; background_image_as_pattern=&#8221;without_pattern&#8221; padding_top=&#8221;10&#8243; padding_bottom=&#8221;20&#8243; z_index=&#8221;&#8221;][vc_column width=&#8221;1\/3&#8243;][vc_separator type=&#8221;transparent&#8221; up=&#8221;10&#8243; down=&#8221;0&#8243;][vc_separator type=&#8221;transparent&#8221; up=&#8221;10&#8243; down=&#8221;0&#8243;][vc_separator type=&#8221;transparent&#8221; up=&#8221;10&#8243; down=&#8221;0&#8243;][vc_single_image image=&#8221;16019&#8243; img_size=&#8221;full&#8221; alignment=&#8221;center&#8221; qode_css_animation=&#8221;element_from_left&#8221; transition_delay=&#8221;0.3&#8243;][\/vc_column][vc_column width=&#8221;1\/3&#8243;][vc_single_image image=&#8221;16002&#8243; img_size=&#8221;full&#8221; alignment=&#8221;center&#8221; qode_css_animation=&#8221;element_from_left&#8221; transition_delay=&#8221;0.3&#8243;][\/vc_column][vc_column width=&#8221;1\/3&#8243;][vc_separator type=&#8221;transparent&#8221; up=&#8221;10&#8243; down=&#8221;0&#8243;][vc_separator type=&#8221;transparent&#8221; up=&#8221;10&#8243; down=&#8221;0&#8243;][vc_separator type=&#8221;transparent&#8221; up=&#8221;10&#8243; down=&#8221;0&#8243;][vc_single_image image=&#8221;16021&#8243; img_size=&#8221;full&#8221; alignment=&#8221;center&#8221; qode_css_animation=&#8221;element_from_left&#8221; transition_delay=&#8221;0.3&#8243;][\/vc_column][\/vc_row][vc_row css_animation=&#8221;&#8221; row_type=&#8221;row&#8221; use_row_as_full_screen_section=&#8221;no&#8221; type=&#8221;grid&#8221; angled_section=&#8221;no&#8221; text_align=&#8221;left&#8221; background_image_as_pattern=&#8221;without_pattern&#8221; padding_top=&#8221;20&#8243; padding_bottom=&#8221;10&#8243; z_index=&#8221;&#8221;][vc_column width=&#8221;2\/3&#8243;][vc_column_text]<\/p>\n<h4>Kaasaskantav p\u00e4ikeseenergia lahendus CL-M500<\/h4>\n<h4><\/h4>\n<p>[\/vc_column_text][vc_separator type=&#8221;transparent&#8221; up=&#8221;7&#8243; down=&#8221;0&#8243;][vc_column_text]<strong>Kirjeldus:<\/strong>[\/vc_column_text][vc_column_text]<\/p>\n<ul>\n<li>P\u00e4ikesepaneel: 60W poly<\/li>\n<li>Aku: 11.1V*40Ah liitium<\/li>\n<li>V\u00e4ljund\/v\u00f5imsus: 500W=0,5KW Puhas siinus<\/li>\n<li>Alalisvoolu (DC) v\u00e4ljund: 5V\/2A ja 12V\/5A<\/li>\n<li>Alalisvoolu laadimissisend: 12V\/5A (p\u00e4ikesepaneelid v\u00f5i v\u00f5rgulaadia)<\/li>\n<li>LED Lamp: 3W &#8211; 2 tk<\/li>\n<li>USB v\u00e4ljund: 5V\/4A neli tk<\/li>\n<li>Telefoni laadmisjuhtmetee komplekt<\/li>\n<li>Vahelduvoolu v\u00e4ljund: 220V\/50Hz &#8211;\u00a0 kaks universaalset pistikut<\/li>\n<li>Valgustusaeg: 2 LED lampi 74 tundi<\/li>\n<li>Laadimisaeg: 6-8 tundi (eeldab p\u00e4ikese v\u00f5i v\u00f5rguadapteri olemasolu)<\/li>\n<li>P\u00e4ikesepaneelide lisamine (kuni 250W) v\u00e4hendab laadimisaega.<\/li>\n<\/ul>\n<p>[\/vc_column_text][vc_separator type=&#8221;transparent&#8221; up=&#8221;15&#8243; down=&#8221;15&#8243;]<a  itemprop=\"url\" href=\"https:\/\/clearlifesolar.com\/et\/home\/contact\/\" target=\"_self\"  class=\"qbutton  default\" style=\"\">V\u00d5TA \u00dcHENDUST<\/a>[\/vc_column][vc_column width=&#8221;1\/3&#8243;][vc_separator type=&#8221;transparent&#8221; up=&#8221;10&#8243; down=&#8221;0&#8243;][vc_separator type=&#8221;transparent&#8221; up=&#8221;10&#8243; down=&#8221;0&#8243;][vc_separator type=&#8221;transparent&#8221; up=&#8221;10&#8243; down=&#8221;0&#8243;][vc_single_image image=&#8221;16062&#8243; img_size=&#8221;full&#8221; alignment=&#8221;center&#8221; qode_css_animation=&#8221;element_from_left&#8221; transition_delay=&#8221;0.3&#8243;][\/vc_column][\/vc_row][vc_row css_animation=&#8221;&#8221; row_type=&#8221;row&#8221; use_row_as_full_screen_section=&#8221;no&#8221; type=&#8221;grid&#8221; angled_section=&#8221;no&#8221; text_align=&#8221;left&#8221; background_image=&#8221;15511&#8243; background_image_as_pattern=&#8221;without_pattern&#8221; background_color=&#8221;#e2e2e2&#8243; padding_top=&#8221;20&#8243; padding_bottom=&#8221;10&#8243; z_index=&#8221;&#8221;][vc_column width=&#8221;1\/3&#8243;][vc_separator type=&#8221;transparent&#8221; up=&#8221;10&#8243; down=&#8221;0&#8243;][vc_separator type=&#8221;transparent&#8221; up=&#8221;10&#8243; down=&#8221;0&#8243;][vc_single_image image=&#8221;16018&#8243; img_size=&#8221;full&#8221; alignment=&#8221;center&#8221; qode_css_animation=&#8221;element_from_left&#8221; transition_delay=&#8221;0.3&#8243;][\/vc_column][vc_column width=&#8221;2\/3&#8243;][vc_column_text]<\/p>\n<h4>Kaasaskantav p\u00e4ikeseenergia lahendus CL-M1000<\/h4>\n<h4><\/h4>\n<p>[\/vc_column_text][vc_separator type=&#8221;transparent&#8221; up=&#8221;7&#8243; down=&#8221;10&#8243;][vc_column_text]<strong>Kirjeldus:<\/strong>[\/vc_column_text][vc_column_text]<\/p>\n<ul>\n<li>P\u00e4ikesepaneel: 275W poly<\/li>\n<li>Aku: 26.V*40Ah liitium<\/li>\n<li>V\u00e4ljundv\u00f5imsus: 1000W= 1 KW puhas siinus<\/li>\n<li>Alalisvoolu v\u00e4ljund: 5V\/2A ja 12V\/5A<\/li>\n<li>Alalisvoolu laadimissisend : 30-36V\/0-5A (p\u00e4ikesepaneel v\u00f5i v\u00f5rguadapter)<\/li>\n<li>LED Lamp: 3W &#8211; 2 tk<\/li>\n<li>USB v\u00e4ljundid: 5V\/4A*4 tk<\/li>\n<li>Telefoni laadmisjuhtmete komplekt<\/li>\n<li>Vahelduvoolu v\u00e4ljund: 220V\/50Hz kaks universaalset pistikut<\/li>\n<li>Laadimisaeg: 8-10 tundi (eeldab p\u00e4ikese v\u00f5i v\u00f5rguadapteri olemasolu)<\/li>\n<li>Valgustusaeg: 148 tundi<\/li>\n<\/ul>\n<p>[\/vc_column_text][vc_separator type=&#8221;transparent&#8221; up=&#8221;10&#8243; down=&#8221;0&#8243;][\/vc_column][\/vc_row][vc_row css_animation=&#8221;&#8221; row_type=&#8221;row&#8221; use_row_as_full_screen_section=&#8221;no&#8221; type=&#8221;grid&#8221; angled_section=&#8221;no&#8221; text_align=&#8221;left&#8221; background_image=&#8221;15511&#8243; background_image_as_pattern=&#8221;without_pattern&#8221; background_color=&#8221;#e2e2e2&#8243; padding_top=&#8221;82&#8243; padding_bottom=&#8221;60&#8243;][vc_column width=&#8221;2\/3&#8243;][vc_column_text]<\/p>\n<h4><strong>Teleri\u00a0 (32\u2033) lahendus LED lampide, laeventilaatori ja telefonilaadijaga\u00a0<\/strong><\/h4>\n<p>[\/vc_column_text][vc_separator type=&#8221;transparent&#8221; up=&#8221;7&#8243; down=&#8221;10&#8243;][vc_column_text]Intelligentne ja nutikas lahendus, mis on loodud k\u00f5rge kvaliteediga 32\u2033 teleri baasil. V\u00f5imalik lisaks teleri vaatamisele \u00fchendada valgusteid, laadida telefoni ning muid alalisvoolu seadmeid. Seade on varustatud sisseehitatud liitiumaku ning 100 W vahelduvoolu inverteriga.<\/p>\n<p>[\/vc_column_text][vc_separator type=&#8221;transparent&#8221; up=&#8221;15&#8243; down=&#8221;15&#8243;][vc_column_text]<strong>Kirjeldus:<\/strong>[\/vc_column_text][vc_column_text]<\/p>\n<ul>\n<li>P\u00e4ikesepaneel: 30W 6m kaabliga<\/li>\n<li>Aku: 14.8V\/13000mAh Liitium<\/li>\n<li>TV suurus: 32\u2033 LED ekraan<\/li>\n<li>Alalisvoolu v\u00e4ljund: 3 tk DC 12V, \u00fcks USB port<\/li>\n<li>Alalisvoolu laadmissisend : p\u00e4ikesepaneel v\u00f5i\u00a0 ja adapter 18V\/5A<\/li>\n<li>Vahelduvvoolu v\u00e4ljund: universaalne pistikupesa<\/li>\n<li>Vahelduvoolu inverteri v\u00f5imsus: 100W<\/li>\n<li>Lambid: 3W led lampi 2 t\u00fckki 5m kaabliga<\/li>\n<\/ul>\n<p>Vajadusel saab kaasata lisalampe, v\u00f5imsama p\u00e4ikesepaneeli ja lae- v\u00f5i lauaventilaator.[\/vc_column_text]<a  itemprop=\"url\" href=\"#\" target=\"_self\"  class=\"qbutton  default\" style=\"\">V\u00d5TA \u00dcHENDUST<\/a>[\/vc_column][vc_column width=&#8221;1\/3&#8243;][vc_separator type=&#8221;transparent&#8221; up=&#8221;7&#8243; down=&#8221;0&#8243;][vc_single_image image=&#8221;16024&#8243; img_size=&#8221;full&#8221; alignment=&#8221;center&#8221; qode_css_animation=&#8221;element_from_left&#8221; transition_delay=&#8221;0.3&#8243;][vc_separator type=&#8221;transparent&#8221; up=&#8221;30&#8243; down=&#8221;0&#8243;][\/vc_column][\/vc_row][vc_row css_animation=&#8221;&#8221; row_type=&#8221;row&#8221; use_row_as_full_screen_section=&#8221;no&#8221; type=&#8221;grid&#8221; angled_section=&#8221;no&#8221; text_align=&#8221;left&#8221; background_image_as_pattern=&#8221;without_pattern&#8221; padding_top=&#8221;82&#8243; padding_bottom=&#8221;60&#8243;][vc_column width=&#8221;1\/3&#8243;][vc_separator type=&#8221;transparent&#8221; up=&#8221;7&#8243; down=&#8221;0&#8243;][vc_single_image image=&#8221;16388&#8243; img_size=&#8221;full&#8221; alignment=&#8221;center&#8221; qode_css_animation=&#8221;element_from_left&#8221; transition_delay=&#8221;0.3&#8243;][vc_separator type=&#8221;transparent&#8221; up=&#8221;30&#8243; down=&#8221;0&#8243;][\/vc_column][vc_column width=&#8221;2\/3&#8243;][vc_column_text]<\/p>\n<h4>P\u00e4ikeseenergial t\u00f6\u00f6tavad veepumbad<\/h4>\n<p>[\/vc_column_text][vc_separator type=&#8221;transparent&#8221; up=&#8221;7&#8243; down=&#8221;10&#8243;][vc_column_text]Me pakume erinevaid kaasaskantavaid p\u00e4ikeseenergial t\u00f6\u00f6tavaid veepumpasid.<\/p>\n<p>[\/vc_column_text][vc_separator type=&#8221;transparent&#8221; up=&#8221;15&#8243; down=&#8221;15&#8243;]<a  itemprop=\"url\" href=\"#\" target=\"_self\"  class=\"qbutton  default\" style=\"\">V\u00d5TA \u00dcHENDUST<\/a>[\/vc_column][\/vc_row]<\/p>\n","protected":false},"excerpt":{"rendered":"<p>[vc_row css_animation=&#8221;&#8221; row_type=&#8221;row&#8221; use_row_as_full_screen_section=&#8221;no&#8221; type=&#8221;grid&#8221; angled_section=&#8221;no&#8221; text_align=&#8221;left&#8221; background_image_as_pattern=&#8221;without_pattern&#8221; padding_top=&#8221;40&#8243; padding_bottom=&#8221;20&#8243; z_index=&#8221;&#8221;][vc_column][vc_column_text] Kaasaskantavad liitiumakuga vahelduvvoolu lahendused (220V) [\/vc_column_text][vc_separator type=&#8221;transparent&#8221; up=&#8221;10&#8243; down=&#8221;0&#8243;][\/vc_column][\/vc_row][vc_row css_animation=&#8221;&#8221; row_type=&#8221;row&#8221; use_row_as_full_screen_section=&#8221;no&#8221; type=&#8221;grid&#8221; angled_section=&#8221;no&#8221; text_align=&#8221;left&#8221; background_image_as_pattern=&#8221;without_pattern&#8221; padding_top=&#8221;10&#8243; padding_bottom=&#8221;20&#8243; z_index=&#8221;&#8221;][vc_column][vc_column_text]Kaasaskantavad liitiumakuga vahelduvvoolu lahendused (220V) on kerged ja k\u00e4ep\u00e4rased kaasas kandmiseks. Nad on kerged liitiumaku t\u00f5ttu&#8230;.<\/p>\n","protected":false},"author":1,"featured_media":0,"parent":16979,"menu_order":0,"comment_status":"open","ping_status":"open","template":"full_width.php","meta":[],"_links":{"self":[{"href":"https:\/\/clearlifesolar.com\/et\/wp-json\/wp\/v2\/pages\/16954"}],"collection":[{"href":"https:\/\/clearlifesolar.com\/et\/wp-json\/wp\/v2\/pages"}],"about":[{"href":"https:\/\/clearlifesolar.com\/et\/wp-json\/wp\/v2\/types\/page"}],"author":[{"embeddable":true,"href":"https:\/\/clearlifesolar.com\/et\/wp-json\/wp\/v2\/users\/1"}],"replies":[{"embeddable":true,"href":"https:\/\/clearlifesolar.com\/et\/wp-json\/wp\/v2\/comments?post=16954"}],"version-history":[{"count":10,"href":"https:\/\/clearlifesolar.com\/et\/wp-json\/wp\/v2\/pages\/16954\/revisions"}],"predecessor-version":[{"id":17337,"href":"https:\/\/clearlifesolar.com\/et\/wp-json\/wp\/v2\/pages\/16954\/revisions\/17337"}],"up":[{"embeddable":true,"href":"https:\/\/clearlifesolar.com\/et\/wp-json\/wp\/v2\/pages\/16979"}],"wp:attachment":[{"href":"https:\/\/clearlifesolar.com\/et\/wp-json\/wp\/v2\/media?parent=16954"}],"curies":[{"name":"wp","href":"https:\/\/api.w.org\/{rel}","templated":true}]}}