{"id":16957,"date":"2015-06-09T02:17:12","date_gmt":"2015-06-09T02:17:12","guid":{"rendered":"https:\/\/clearlifesolar.com\/portable-dc\/"},"modified":"2022-04-21T09:13:10","modified_gmt":"2022-04-21T09:13:10","slug":"portable-dc","status":"publish","type":"page","link":"https:\/\/clearlifesolar.com\/et\/home\/clearlife-solar-solutions\/portable-dc\/","title":{"rendered":"Kaasaskantavad lahendused (kuni 12V)"},"content":{"rendered":"<p>[vc_row css_animation=&#8221;&#8221; row_type=&#8221;row&#8221; use_row_as_full_screen_section=&#8221;no&#8221; type=&#8221;grid&#8221; angled_section=&#8221;no&#8221; text_align=&#8221;left&#8221; background_image_as_pattern=&#8221;without_pattern&#8221; padding_top=&#8221;40&#8243; padding_bottom=&#8221;20&#8243; z_index=&#8221;&#8221;][vc_column width=&#8221;1\/3&#8243;][vc_separator type=&#8221;transparent&#8221; up=&#8221;7&#8243; down=&#8221;0&#8243;][vc_single_image image=&#8221;16014&#8243; img_size=&#8221;full&#8221; alignment=&#8221;center&#8221; qode_css_animation=&#8221;element_from_left&#8221; transition_delay=&#8221;0.3&#8243;][vc_separator type=&#8221;transparent&#8221; up=&#8221;30&#8243; down=&#8221;0&#8243;][\/vc_column][vc_column width=&#8221;2\/3&#8243;][vc_column_text]<\/p>\n<h4><strong>Lahendus koos laeventilaatoriga<\/strong><\/h4>\n<p>[\/vc_column_text][vc_column_text]Kaasaskantav lahendus valgustuseks, telefoni laadimiseks ja piisava energia andmiseks keskmise suurusega laeventilaatorile. See lihtne sisseehitatud liitumakuga lahendus sisaldab p\u00e4ikesepaneeli, led lampe ja laeventilaatorit.[\/vc_column_text][vc_separator type=&#8221;transparent&#8221; up=&#8221;15&#8243; down=&#8221;15&#8243;][vc_column_text]<\/p>\n<h4>Kirjeldus<\/h4>\n<p>[\/vc_column_text][vc_column_text]<\/p>\n<ul>\n<li>P\u00e4ikesepaneel: 30W koos 5m kaabliga<\/li>\n<li>Aku:\u00a011.1V\/13000mAh liitium<\/li>\n<li>Lambid: 3w led lambid 3 tk<\/li>\n<li>Laeventilaator: 700mm 11W<\/li>\n<\/ul>\n<p>Vajadusel saab lisada 2 lisalampi ja v\u00f5imsama p\u00e4ikesepaneeli.[\/vc_column_text][vc_separator type=&#8221;transparent&#8221; up=&#8221;15&#8243; down=&#8221;15&#8243;]<a  itemprop=\"url\" href=\"https:\/\/clearlifesolar.com\/et\/home\/contact\/\" target=\"_self\"  class=\"qbutton  default\" style=\"\">V\u00d5TA \u00dcHENDUST<\/a>[\/vc_column][\/vc_row][vc_row css_animation=&#8221;&#8221; row_type=&#8221;row&#8221; use_row_as_full_screen_section=&#8221;no&#8221; type=&#8221;grid&#8221; angled_section=&#8221;no&#8221; text_align=&#8221;left&#8221; background_image=&#8221;15511&#8243; background_image_as_pattern=&#8221;without_pattern&#8221; background_color=&#8221;#e2e2e2&#8243; padding_top=&#8221;20&#8243; padding_bottom=&#8221;20&#8243; z_index=&#8221;&#8221;][vc_column width=&#8221;2\/3&#8243;][vc_column_text]<\/p>\n<h4><strong>Kaasaskantav lahendus koos raadioga<\/strong><\/h4>\n<p>[\/vc_column_text][vc_column_text]Kaasaskantav lahendus valgustuseks ja telefoni laadimiseks, kuhu on sisse ehitatud ka raadio.[\/vc_column_text][vc_separator type=&#8221;transparent&#8221; up=&#8221;7&#8243; down=&#8221;10&#8243;][vc_column_text]<\/p>\n<h4>Kirjeldus<\/h4>\n<p>[\/vc_column_text][vc_column_text]<\/p>\n<ul>\n<li>P\u00e4ikesepaneel: 30W koos 5m kaabliga<\/li>\n<li>Aku:\u00a011.1V\/13000mAh liitium<\/li>\n<li>Lambid: 3w led lambid 3 tk<\/li>\n<li>Laeventilaator: 700mm 11W<\/li>\n<\/ul>\n<p>Lisada saab veel kaks led lampi, lae- v\u00f5i lauaventilaatori ja v\u00f5imsama p\u00e4ikesepaneeli.[\/vc_column_text][vc_separator type=&#8221;transparent&#8221; up=&#8221;15&#8243; down=&#8221;15&#8243;]<a  itemprop=\"url\" href=\"https:\/\/clearlifesolar.com\/et\/home\/contact\/\" target=\"_self\"  class=\"qbutton  default\" style=\"\">V\u00d5TA \u00dcHENDUST<\/a>[\/vc_column][vc_column width=&#8221;1\/3&#8243;][vc_separator type=&#8221;transparent&#8221; up=&#8221;7&#8243; down=&#8221;0&#8243;][vc_single_image image=&#8221;15997&#8243; img_size=&#8221;full&#8221; alignment=&#8221;center&#8221; qode_css_animation=&#8221;element_from_left&#8221; transition_delay=&#8221;0.3&#8243;][vc_separator type=&#8221;transparent&#8221; up=&#8221;30&#8243; down=&#8221;0&#8243;][\/vc_column][\/vc_row][vc_row css_animation=&#8221;&#8221; row_type=&#8221;row&#8221; use_row_as_full_screen_section=&#8221;no&#8221; type=&#8221;grid&#8221; angled_section=&#8221;no&#8221; text_align=&#8221;left&#8221; background_image_as_pattern=&#8221;without_pattern&#8221; padding_top=&#8221;40&#8243; padding_bottom=&#8221;20&#8243; z_index=&#8221;&#8221;][vc_column width=&#8221;1\/3&#8243;][vc_separator type=&#8221;transparent&#8221; up=&#8221;7&#8243; down=&#8221;0&#8243;][vc_single_image image=&#8221;16024&#8243; img_size=&#8221;full&#8221; alignment=&#8221;center&#8221; qode_css_animation=&#8221;element_from_left&#8221; transition_delay=&#8221;0.3&#8243;][vc_separator type=&#8221;transparent&#8221; up=&#8221;30&#8243; down=&#8221;0&#8243;][\/vc_column][vc_column width=&#8221;2\/3&#8243;][vc_column_text]<\/p>\n<h4><strong>Teleri (17&#8243;) lahendus koos led lampide, laeventilaatori ja telefonilaadijaga<\/strong><\/h4>\n<p>[\/vc_column_text][vc_column_text]Intelligentne ja nutikas lahendus, mis on loodud k\u00f5rge kvaliteediga 17&#8243; teleri baasil valgustuseks, telefoni laadimiseks ja piisava energia andmiseks keskmise suurusega laeventilaatorile. See lihtne lahendus sisaldab p\u00e4ikesepaneeli, sisseehitatud liitiumakuga energiaallikat ning led lampe.[\/vc_column_text][vc_separator type=&#8221;transparent&#8221; up=&#8221;15&#8243; down=&#8221;15&#8243;][vc_column_text]<\/p>\n<h4>Kirjeldus<\/h4>\n<p>[\/vc_column_text][vc_column_text]<\/p>\n<ul>\n<li>P\u00e4ikesepaneel: 20W koos 6m kaabliga<\/li>\n<li>Aku:\u00a011.1V\/6600mAh Liitium<\/li>\n<li>TV suurus: 17&#8243; LED ekraan<\/li>\n<li>V\u00e4ljund 4 tk DC 12V, \u00fcks USB port<\/li>\n<li>Lambid: 3W led lampi 2 t\u00fckki koos 5m kaabliga<\/li>\n<\/ul>\n<p>Vajadusel on v\u00f5imalik lisada led lambid, v\u00f5imsam p\u00e4ikesepaneel ja lae- v\u00f5i lauaventilaator.[\/vc_column_text][vc_separator type=&#8221;transparent&#8221; up=&#8221;15&#8243; down=&#8221;15&#8243;]<a  itemprop=\"url\" href=\"https:\/\/clearlifesolar.com\/et\/home\/contact\/\" target=\"_self\"  class=\"qbutton  default\" style=\"\">V\u00d5TA \u00dcHENDUST<\/a>[\/vc_column][\/vc_row][vc_row css_animation=&#8221;&#8221; row_type=&#8221;row&#8221; use_row_as_full_screen_section=&#8221;no&#8221; type=&#8221;grid&#8221; angled_section=&#8221;no&#8221; text_align=&#8221;left&#8221; background_image=&#8221;15511&#8243; background_image_as_pattern=&#8221;without_pattern&#8221; background_color=&#8221;#e2e2e2&#8243; padding_top=&#8221;20&#8243; padding_bottom=&#8221;20&#8243; z_index=&#8221;&#8221;][vc_column width=&#8221;2\/3&#8243;][vc_column_text]<\/p>\n<h4><strong>Teleri (32&#8243;)\u00a0 lahendus koos led lampide, laeventilaatori ja telefonilaadijaga\u00a0<\/strong><\/h4>\n<p>[\/vc_column_text][vc_column_text]Intelligentne ja nutikas lahendus, mis on loodud k\u00f5rge kvaliteediga 32&#8243; teleri baasil valgustuseks, telefoni laadimiseks ja piisava energia andmiseks keskmise suurusega laeventilaatorile.[\/vc_column_text][vc_separator type=&#8221;transparent&#8221; up=&#8221;7&#8243; down=&#8221;10&#8243;][vc_column_text]<\/p>\n<h4>Kirjeldus<\/h4>\n<p>[\/vc_column_text][vc_column_text]<\/p>\n<ul>\n<li>P\u00e4ikesepaneel: 30W koos 6m kaabliga<\/li>\n<li>Aku:\u00a014.8V\/6600mAh Liitium<\/li>\n<li>TV suurus: 32&#8243; LED ekraan<\/li>\n<li>V\u00e4ljund:\u00a0 4 tk 12V, \u00fcks USB port<\/li>\n<li>Lambid: 3W led lampi 2 t\u00fckki koos 5m kaabliga<\/li>\n<\/ul>\n<p>Vajadusel on kaasas lisalambid, v\u00f5imsam p\u00e4ikesepaneel ja lae- v\u00f5i lauaventilaator.[\/vc_column_text][vc_separator type=&#8221;transparent&#8221; up=&#8221;15&#8243; down=&#8221;15&#8243;]<a  itemprop=\"url\" href=\"https:\/\/clearlifesolar.com\/et\/home\/contact\/\" target=\"_self\"  class=\"qbutton  default\" style=\"\">V\u00d5TA \u00dcHENDUST<\/a>[\/vc_column][vc_column width=&#8221;1\/3&#8243;][vc_separator type=&#8221;transparent&#8221; up=&#8221;7&#8243; down=&#8221;0&#8243;][vc_single_image image=&#8221;16022&#8243; img_size=&#8221;full&#8221; alignment=&#8221;center&#8221; qode_css_animation=&#8221;element_from_left&#8221; transition_delay=&#8221;0.3&#8243;][vc_separator type=&#8221;transparent&#8221; up=&#8221;30&#8243; down=&#8221;0&#8243;][\/vc_column][\/vc_row]<\/p>\n","protected":false},"excerpt":{"rendered":"<p>[vc_row css_animation=&#8221;&#8221; row_type=&#8221;row&#8221; use_row_as_full_screen_section=&#8221;no&#8221; type=&#8221;grid&#8221; angled_section=&#8221;no&#8221; text_align=&#8221;left&#8221; background_image_as_pattern=&#8221;without_pattern&#8221; padding_top=&#8221;40&#8243; padding_bottom=&#8221;20&#8243; z_index=&#8221;&#8221;][vc_column width=&#8221;1\/3&#8243;][vc_separator type=&#8221;transparent&#8221; up=&#8221;7&#8243; down=&#8221;0&#8243;][vc_single_image image=&#8221;16014&#8243; img_size=&#8221;full&#8221; alignment=&#8221;center&#8221; qode_css_animation=&#8221;element_from_left&#8221; transition_delay=&#8221;0.3&#8243;][vc_separator type=&#8221;transparent&#8221; up=&#8221;30&#8243; down=&#8221;0&#8243;][\/vc_column][vc_column width=&#8221;2\/3&#8243;][vc_column_text] Lahendus koos laeventilaatoriga [\/vc_column_text][vc_column_text]Kaasaskantav lahendus valgustuseks, telefoni laadimiseks ja piisava energia andmiseks keskmise suurusega laeventilaatorile. See lihtne sisseehitatud liitumakuga lahendus sisaldab&#8230;<\/p>\n","protected":false},"author":1,"featured_media":0,"parent":16979,"menu_order":0,"comment_status":"open","ping_status":"open","template":"full_width.php","meta":[],"_links":{"self":[{"href":"https:\/\/clearlifesolar.com\/et\/wp-json\/wp\/v2\/pages\/16957"}],"collection":[{"href":"https:\/\/clearlifesolar.com\/et\/wp-json\/wp\/v2\/pages"}],"about":[{"href":"https:\/\/clearlifesolar.com\/et\/wp-json\/wp\/v2\/types\/page"}],"author":[{"embeddable":true,"href":"https:\/\/clearlifesolar.com\/et\/wp-json\/wp\/v2\/users\/1"}],"replies":[{"embeddable":true,"href":"https:\/\/clearlifesolar.com\/et\/wp-json\/wp\/v2\/comments?post=16957"}],"version-history":[{"count":9,"href":"https:\/\/clearlifesolar.com\/et\/wp-json\/wp\/v2\/pages\/16957\/revisions"}],"predecessor-version":[{"id":17335,"href":"https:\/\/clearlifesolar.com\/et\/wp-json\/wp\/v2\/pages\/16957\/revisions\/17335"}],"up":[{"embeddable":true,"href":"https:\/\/clearlifesolar.com\/et\/wp-json\/wp\/v2\/pages\/16979"}],"wp:attachment":[{"href":"https:\/\/clearlifesolar.com\/et\/wp-json\/wp\/v2\/media?parent=16957"}],"curies":[{"name":"wp","href":"https:\/\/api.w.org\/{rel}","templated":true}]}}