{"id":16961,"date":"2015-06-09T01:00:08","date_gmt":"2015-06-09T01:00:08","guid":{"rendered":"https:\/\/clearlifesolar.com\/mini\/"},"modified":"2022-04-21T09:13:28","modified_gmt":"2022-04-21T09:13:28","slug":"mini","status":"publish","type":"page","link":"https:\/\/clearlifesolar.com\/et\/home\/clearlife-solar-solutions\/mini\/","title":{"rendered":"Mini p\u00e4ikeselahendused"},"content":{"rendered":"<p>[vc_row css_animation=&#8221;&#8221; row_type=&#8221;row&#8221; use_row_as_full_screen_section=&#8221;no&#8221; type=&#8221;grid&#8221; angled_section=&#8221;no&#8221; text_align=&#8221;left&#8221; background_image_as_pattern=&#8221;without_pattern&#8221; padding_top=&#8221;40&#8243; padding_bottom=&#8221;1&#8243; z_index=&#8221;&#8221;][vc_column width=&#8221;1\/3&#8243;][vc_single_image image=&#8221;16026&#8243; img_size=&#8221;full&#8221; alignment=&#8221;center&#8221; qode_css_animation=&#8221;element_from_left&#8221; transition_delay=&#8221;0.3&#8243;][\/vc_column][vc_column width=&#8221;2\/3&#8243;][vc_column_text]<\/p>\n<h4><strong>Lugemislamp<\/strong><\/h4>\n<p>[\/vc_column_text][vc_column_text]M\u00f5nus ja kerge lahendus matkale, jahile, kalale v\u00f5i h\u00e4daolukorras kojud. \u00dchekordne investeering sellesse ideaalsesse v\u00e4iksesse kaasaskantavasse lampi s\u00e4\u00e4stab teie raha, ruumi ja n\u00e4rve.[\/vc_column_text][vc_separator type=&#8221;transparent&#8221; up=&#8221;7&#8243; down=&#8221;10&#8243;][vc_column_text]<\/p>\n<h4>Kirjeldus<\/h4>\n<p>[\/vc_column_text][vc_column_text]<\/p>\n<ul>\n<li>P\u00e4ikesepaneel: 0.3W\/5V<\/li>\n<li>Aku:\u00a0 3.2V\/400mAh LiFePO4<\/li>\n<li>Lamp: 0.5W LED lamp<\/li>\n<li>Laadimisaeg: 4-5 tundi<\/li>\n<li>Valgustusaeg: 24 tundi<\/li>\n<\/ul>\n<p>[\/vc_column_text][\/vc_column][\/vc_row][vc_row css_animation=&#8221;&#8221; row_type=&#8221;row&#8221; use_row_as_full_screen_section=&#8221;no&#8221; type=&#8221;grid&#8221; angled_section=&#8221;no&#8221; text_align=&#8221;left&#8221; background_image_as_pattern=&#8221;without_pattern&#8221; padding_top=&#8221;1&#8243; padding_bottom=&#8221;60&#8243; z_index=&#8221;&#8221;][vc_column width=&#8221;1\/4&#8243;][\/vc_column][vc_column width=&#8221;1\/4&#8243;][vc_single_image image=&#8221;16160&#8243; img_size=&#8221;full&#8221; alignment=&#8221;center&#8221; qode_css_animation=&#8221;element_from_left&#8221; transition_delay=&#8221;0&#8243;][\/vc_column][vc_column width=&#8221;1\/4&#8243;][vc_single_image image=&#8221;15999&#8243; img_size=&#8221;full&#8221; alignment=&#8221;center&#8221; qode_css_animation=&#8221;element_from_left&#8221; transition_delay=&#8221;0&#8243;][\/vc_column][vc_column width=&#8221;1\/4&#8243;][vc_single_image image=&#8221;15998&#8243; img_size=&#8221;full&#8221; alignment=&#8221;center&#8221; qode_css_animation=&#8221;element_from_left&#8221; transition_delay=&#8221;0&#8243;][\/vc_column][\/vc_row][vc_row css_animation=&#8221;&#8221; row_type=&#8221;row&#8221; use_row_as_full_screen_section=&#8221;no&#8221; type=&#8221;grid&#8221; angled_section=&#8221;no&#8221; text_align=&#8221;left&#8221; background_image=&#8221;15511&#8243; background_image_as_pattern=&#8221;without_pattern&#8221; background_color=&#8221;#e2e2e2&#8243; padding_top=&#8221;40&#8243; padding_bottom=&#8221;10&#8243; z_index=&#8221;&#8221;][vc_column width=&#8221;2\/3&#8243;][vc_column_text]<\/p>\n<h4><strong>Taskulamp koos lugemislambiga<\/strong><\/h4>\n<p>[\/vc_column_text][vc_column_text]Klassikaline taskulamp koos lugemislambi funktsiooniga. See lamp on varustatud sisseehitatud p\u00e4ikesepaneeliga ning on mugav ja kindel kaaslane v\u00e4litingimustes ning hea ja hea ning odav abimees koduste toimetuste juures.[\/vc_column_text][vc_separator type=&#8221;transparent&#8221; up=&#8221;15&#8243; down=&#8221;15&#8243;][vc_column_text]<\/p>\n<h4>Kirjeldus<\/h4>\n<p>[\/vc_column_text][vc_column_text]<\/p>\n<ul>\n<li>P\u00e4ikesepaneel: 0.25W\/5V<\/li>\n<li>Aku:\u00a0 3.2V\/250mAh LiFePO4<\/li>\n<li>Lamp: 0.5W LED lamp<\/li>\n<li>Laadimisaeg: 6-8 tundi<\/li>\n<li>Valgustusaeg: 18 tundi<\/li>\n<\/ul>\n<p>[\/vc_column_text][vc_separator type=&#8221;transparent&#8221; up=&#8221;15&#8243; down=&#8221;15&#8243;]<a  itemprop=\"url\" href=\"https:\/\/clearlifesolar.com\/et\/home\/contact\/\" target=\"_self\"  class=\"qbutton  default\" style=\"\">V\u00d5TA \u00dcHENDUST<\/a>[\/vc_column][vc_column width=&#8221;1\/3&#8243;][vc_separator type=&#8221;transparent&#8221; up=&#8221;7&#8243; down=&#8221;0&#8243;][vc_single_image image=&#8221;16025&#8243; img_size=&#8221;full&#8221; alignment=&#8221;center&#8221; qode_css_animation=&#8221;element_from_left&#8221; transition_delay=&#8221;0.3&#8243;][vc_separator type=&#8221;transparent&#8221; up=&#8221;30&#8243; down=&#8221;0&#8243;][\/vc_column][\/vc_row][vc_row css_animation=&#8221;&#8221; row_type=&#8221;row&#8221; use_row_as_full_screen_section=&#8221;no&#8221; type=&#8221;grid&#8221; angled_section=&#8221;no&#8221; text_align=&#8221;left&#8221; background_image_as_pattern=&#8221;without_pattern&#8221; padding_top=&#8221;82&#8243; padding_bottom=&#8221;60&#8243;][vc_column width=&#8221;1\/3&#8243;][vc_separator type=&#8221;transparent&#8221; up=&#8221;7&#8243; down=&#8221;0&#8243;][vc_separator type=&#8221;transparent&#8221; up=&#8221;7&#8243; down=&#8221;0&#8243;][vc_separator type=&#8221;transparent&#8221; up=&#8221;7&#8243; down=&#8221;0&#8243;][vc_separator type=&#8221;transparent&#8221; up=&#8221;7&#8243; down=&#8221;0&#8243;][vc_single_image image=&#8221;16020&#8243; img_size=&#8221;full&#8221; alignment=&#8221;center&#8221; qode_css_animation=&#8221;element_from_left&#8221; transition_delay=&#8221;0.3&#8243;][vc_separator type=&#8221;transparent&#8221; up=&#8221;30&#8243; down=&#8221;0&#8243;][\/vc_column][vc_column width=&#8221;2\/3&#8243;][vc_column_text]<\/p>\n<h4><strong>Elektripirn ja taskulamp<\/strong><\/h4>\n<p>[\/vc_column_text][vc_column_text]Kaasaskantav lamp koos kaasaskantava p\u00e4ikesepaneeliga aku laadimiseks. See lahendus on nutikas mitmel erineval viisil. Esmajoones on tegemist valgusallikaga, kuid lisaks saab seda kasutada ka telefonilaadija ja akupangana. Lahendus sisaldab kaablit, millega on v\u00f5imalik laadida erinevate \u00fchendustega telefone v\u00f5i muid USB kaudu laadmist vajavaid seadmeid.[\/vc_column_text][vc_separator type=&#8221;transparent&#8221; up=&#8221;15&#8243; down=&#8221;15&#8243;][vc_column_text]<\/p>\n<h4>Kirjeldus<\/h4>\n<p>[\/vc_column_text][vc_column_text]<\/p>\n<ul>\n<li>P\u00e4ikesepaneel: 3.0W\/5.5V + 6m kaabel<\/li>\n<li>Aku:\u00a0 4,4 Ah Liitium<\/li>\n<li>Lamp: 3W\u00a0 LED lamp kolme valgutugevusega (3W,2W,1W)<\/li>\n<li>Laadimisaeg: 8-10 tundi<\/li>\n<li>Valgustusaeg: 3W = 6 tundi, 2W=10 tundi, 1W=18 tundi<\/li>\n<li>Kaabel\/juhe mobiiltelefoni laadimiseks<\/li>\n<\/ul>\n<p>[\/vc_column_text][vc_separator type=&#8221;transparent&#8221; up=&#8221;7&#8243; down=&#8221;10&#8243;]<a  itemprop=\"url\" href=\"https:\/\/clearlifesolar.com\/et\/home\/contact\/\" target=\"_self\"  class=\"qbutton  default\" style=\"\">V\u00d5TA \u00dcHENDUST<\/a>[\/vc_column][\/vc_row][vc_row css_animation=&#8221;&#8221; row_type=&#8221;row&#8221; use_row_as_full_screen_section=&#8221;no&#8221; type=&#8221;grid&#8221; angled_section=&#8221;no&#8221; text_align=&#8221;left&#8221; background_image=&#8221;15511&#8243; background_image_as_pattern=&#8221;without_pattern&#8221; background_color=&#8221;#e2e2e2&#8243; padding_top=&#8221;82&#8243; padding_bottom=&#8221;60&#8243;][vc_column width=&#8221;2\/3&#8243;][vc_column_text]<\/p>\n<h4>AC\/DC Elektripirn, taskulamp ja telefonilaadija<\/h4>\n<p>[\/vc_column_text][vc_column_text]Kaasaskantav lamp koos p\u00e4ikesepaneeliga. V\u00f5imalik kasutada tavalise elektripirnina ning laadida pirnipesast. V\u00f5imalik kasutada lisaks v\u00e4litingimustes taskulambina, riputatava valgustina, telefoni v\u00f5i muu seadme laadimiseks ning akupangana. Kaasas erinevate otsikutega kaabel seadmete laadmiseks.[\/vc_column_text][vc_separator type=&#8221;transparent&#8221; up=&#8221;7&#8243; down=&#8221;10&#8243;][vc_column_text]<\/p>\n<h4>Kirjeldus<\/h4>\n<p>[\/vc_column_text][vc_column_text]<\/p>\n<ul>\n<li>P\u00e4ikesepaneel: 3.0W\/6V + 5m kaabel<\/li>\n<li>Aku: 5,2 Ah Liitium<\/li>\n<li>Lamp: 2W led lamp 2 tk<\/li>\n<li>Laadimisaeg: 5-10 tundi<\/li>\n<li>Valgustusaeg: 8-10 tundi<\/li>\n<li>Kaabel mobiiltelefoni laadimiseks<\/li>\n<\/ul>\n<p>[\/vc_column_text][vc_separator type=&#8221;transparent&#8221; up=&#8221;15&#8243; down=&#8221;15&#8243;]<a  itemprop=\"url\" href=\"#\" target=\"_self\"  class=\"qbutton  default\" style=\"\">V\u00d5TA \u00dcHENDUST<\/a>[\/vc_column][vc_column width=&#8221;1\/3&#8243;][vc_separator type=&#8221;transparent&#8221; up=&#8221;7&#8243; down=&#8221;0&#8243;][vc_separator type=&#8221;transparent&#8221; up=&#8221;7&#8243; down=&#8221;0&#8243;][vc_separator type=&#8221;transparent&#8221; up=&#8221;7&#8243; down=&#8221;0&#8243;][vc_separator type=&#8221;transparent&#8221; up=&#8221;7&#8243; down=&#8221;0&#8243;][vc_single_image image=&#8221;16402&#8243; img_size=&#8221;full&#8221; alignment=&#8221;center&#8221; qode_css_animation=&#8221;element_from_left&#8221; transition_delay=&#8221;0.3&#8243;][vc_separator type=&#8221;transparent&#8221; up=&#8221;30&#8243; down=&#8221;0&#8243;][\/vc_column][\/vc_row]<\/p>\n","protected":false},"excerpt":{"rendered":"<p>[vc_row css_animation=&#8221;&#8221; row_type=&#8221;row&#8221; use_row_as_full_screen_section=&#8221;no&#8221; type=&#8221;grid&#8221; angled_section=&#8221;no&#8221; text_align=&#8221;left&#8221; background_image_as_pattern=&#8221;without_pattern&#8221; padding_top=&#8221;40&#8243; padding_bottom=&#8221;1&#8243; z_index=&#8221;&#8221;][vc_column width=&#8221;1\/3&#8243;][vc_single_image image=&#8221;16026&#8243; img_size=&#8221;full&#8221; alignment=&#8221;center&#8221; qode_css_animation=&#8221;element_from_left&#8221; transition_delay=&#8221;0.3&#8243;][\/vc_column][vc_column width=&#8221;2\/3&#8243;][vc_column_text] Lugemislamp [\/vc_column_text][vc_column_text]M\u00f5nus ja kerge lahendus matkale, jahile, kalale v\u00f5i h\u00e4daolukorras kojud. \u00dchekordne investeering sellesse ideaalsesse v\u00e4iksesse kaasaskantavasse lampi s\u00e4\u00e4stab teie raha, ruumi ja n\u00e4rve.[\/vc_column_text][vc_separator type=&#8221;transparent&#8221; up=&#8221;7&#8243; down=&#8221;10&#8243;][vc_column_text]&#8230;<\/p>\n","protected":false},"author":1,"featured_media":0,"parent":16979,"menu_order":0,"comment_status":"open","ping_status":"open","template":"full_width.php","meta":[],"_links":{"self":[{"href":"https:\/\/clearlifesolar.com\/et\/wp-json\/wp\/v2\/pages\/16961"}],"collection":[{"href":"https:\/\/clearlifesolar.com\/et\/wp-json\/wp\/v2\/pages"}],"about":[{"href":"https:\/\/clearlifesolar.com\/et\/wp-json\/wp\/v2\/types\/page"}],"author":[{"embeddable":true,"href":"https:\/\/clearlifesolar.com\/et\/wp-json\/wp\/v2\/users\/1"}],"replies":[{"embeddable":true,"href":"https:\/\/clearlifesolar.com\/et\/wp-json\/wp\/v2\/comments?post=16961"}],"version-history":[{"count":14,"href":"https:\/\/clearlifesolar.com\/et\/wp-json\/wp\/v2\/pages\/16961\/revisions"}],"predecessor-version":[{"id":17318,"href":"https:\/\/clearlifesolar.com\/et\/wp-json\/wp\/v2\/pages\/16961\/revisions\/17318"}],"up":[{"embeddable":true,"href":"https:\/\/clearlifesolar.com\/et\/wp-json\/wp\/v2\/pages\/16979"}],"wp:attachment":[{"href":"https:\/\/clearlifesolar.com\/et\/wp-json\/wp\/v2\/media?parent=16961"}],"curies":[{"name":"wp","href":"https:\/\/api.w.org\/{rel}","templated":true}]}}