{"id":16968,"date":"2015-06-08T03:01:06","date_gmt":"2015-06-08T03:01:06","guid":{"rendered":"https:\/\/clearlifesolar.com\/solar-energy\/"},"modified":"2022-04-21T10:12:20","modified_gmt":"2022-04-21T10:12:20","slug":"solar-energy","status":"publish","type":"page","link":"https:\/\/clearlifesolar.com\/et\/home\/solar-energy\/","title":{"rendered":"Nutikad p\u00e4ikeselahendusega tooted"},"content":{"rendered":"<p>[vc_row css_animation=&#8221;&#8221; row_type=&#8221;row&#8221; use_row_as_full_screen_section=&#8221;no&#8221; type=&#8221;grid&#8221; angled_section=&#8221;no&#8221; text_align=&#8221;left&#8221; background_image_as_pattern=&#8221;without_pattern&#8221; padding_top=&#8221;82&#8243; padding_bottom=&#8221;60&#8243;][vc_column width=&#8221;1\/3&#8243;][vc_separator type=&#8221;transparent&#8221; up=&#8221;7&#8243; down=&#8221;0&#8243;][vc_single_image image=&#8221;16019&#8243; img_size=&#8221;full&#8221; alignment=&#8221;center&#8221; qode_css_animation=&#8221;element_from_left&#8221; transition_delay=&#8221;0.3&#8243;][vc_separator type=&#8221;transparent&#8221; up=&#8221;30&#8243; down=&#8221;0&#8243;][\/vc_column][vc_column width=&#8221;2\/3&#8243;][vc_column_text]<\/p>\n<h4>P\u00e4ikeseenergia seadmed<\/h4>\n<p>[\/vc_column_text][vc_separator type=&#8221;transparent&#8221; up=&#8221;7&#8243; down=&#8221;10&#8243;][vc_column_text]Televiisor, k\u00fclmkapp, veepump \u2013 k\u00f5ik need tavap\u00e4rased koduseadmed saavad toimida mitte ainult iseseisvate p\u00e4ikeseenergial t\u00f6\u00f6tavate \u00fcksustena, vaid lisaks p\u00e4ikeseenergia lahendustena, mis pakuvad elenrgiat ka muudeks vajadusteks. Lahendused sisaldavad akusid, p\u00e4ikesepaneeli ja nii vahelduv- kui alalisvoolu tarbimise v\u00f5imalusi.[\/vc_column_text][vc_separator type=&#8221;transparent&#8221; up=&#8221;15&#8243; down=&#8221;15&#8243;]<a  itemprop=\"url\" href=\"https:\/\/clearlifesolar.com\/et\/home\/clearlife-solar-solutions\/portable-dc\/\" target=\"_self\"  class=\"qbutton  default\" style=\"\">VAATA TOOTEID<\/a>[\/vc_column][\/vc_row]<\/p>\n","protected":false},"excerpt":{"rendered":"<p>[vc_row css_animation=&#8221;&#8221; row_type=&#8221;row&#8221; use_row_as_full_screen_section=&#8221;no&#8221; type=&#8221;grid&#8221; angled_section=&#8221;no&#8221; text_align=&#8221;left&#8221; background_image_as_pattern=&#8221;without_pattern&#8221; padding_top=&#8221;82&#8243; padding_bottom=&#8221;60&#8243;][vc_column width=&#8221;1\/3&#8243;][vc_separator type=&#8221;transparent&#8221; up=&#8221;7&#8243; down=&#8221;0&#8243;][vc_single_image image=&#8221;16019&#8243; img_size=&#8221;full&#8221; alignment=&#8221;center&#8221; qode_css_animation=&#8221;element_from_left&#8221; transition_delay=&#8221;0.3&#8243;][vc_separator type=&#8221;transparent&#8221; up=&#8221;30&#8243; down=&#8221;0&#8243;][\/vc_column][vc_column width=&#8221;2\/3&#8243;][vc_column_text] P\u00e4ikeseenergia seadmed [\/vc_column_text][vc_separator type=&#8221;transparent&#8221; up=&#8221;7&#8243; down=&#8221;10&#8243;][vc_column_text]Televiisor, k\u00fclmkapp, veepump \u2013 k\u00f5ik need tavap\u00e4rased koduseadmed saavad toimida mitte ainult iseseisvate p\u00e4ikeseenergial t\u00f6\u00f6tavate \u00fcksustena, vaid&#8230;<\/p>\n","protected":false},"author":1,"featured_media":0,"parent":17000,"menu_order":0,"comment_status":"open","ping_status":"closed","template":"full_width.php","meta":[],"_links":{"self":[{"href":"https:\/\/clearlifesolar.com\/et\/wp-json\/wp\/v2\/pages\/16968"}],"collection":[{"href":"https:\/\/clearlifesolar.com\/et\/wp-json\/wp\/v2\/pages"}],"about":[{"href":"https:\/\/clearlifesolar.com\/et\/wp-json\/wp\/v2\/types\/page"}],"author":[{"embeddable":true,"href":"https:\/\/clearlifesolar.com\/et\/wp-json\/wp\/v2\/users\/1"}],"replies":[{"embeddable":true,"href":"https:\/\/clearlifesolar.com\/et\/wp-json\/wp\/v2\/comments?post=16968"}],"version-history":[{"count":6,"href":"https:\/\/clearlifesolar.com\/et\/wp-json\/wp\/v2\/pages\/16968\/revisions"}],"predecessor-version":[{"id":17893,"href":"https:\/\/clearlifesolar.com\/et\/wp-json\/wp\/v2\/pages\/16968\/revisions\/17893"}],"up":[{"embeddable":true,"href":"https:\/\/clearlifesolar.com\/et\/wp-json\/wp\/v2\/pages\/17000"}],"wp:attachment":[{"href":"https:\/\/clearlifesolar.com\/et\/wp-json\/wp\/v2\/media?parent=16968"}],"curies":[{"name":"wp","href":"https:\/\/api.w.org\/{rel}","templated":true}]}}