{"id":16979,"date":"2015-06-08T03:00:08","date_gmt":"2015-06-08T03:00:08","guid":{"rendered":"https:\/\/clearlifesolar.com\/clearlife-solar-solutions\/"},"modified":"2022-04-21T09:09:23","modified_gmt":"2022-04-21T09:09:23","slug":"clearlife-solar-solutions","status":"publish","type":"page","link":"https:\/\/clearlifesolar.com\/et\/home\/clearlife-solar-solutions\/","title":{"rendered":"ClearLife OFF GRID p\u00e4ikeselahendused"},"content":{"rendered":"<p>[vc_row css_animation=&#8221;&#8221; row_type=&#8221;row&#8221; use_row_as_full_screen_section=&#8221;no&#8221; type=&#8221;grid&#8221; angled_section=&#8221;no&#8221; text_align=&#8221;left&#8221; background_image_as_pattern=&#8221;without_pattern&#8221; padding_top=&#8221;40&#8243; padding_bottom=&#8221;20&#8243; z_index=&#8221;&#8221;][vc_column width=&#8221;1\/3&#8243;][vc_separator type=&#8221;transparent&#8221; up=&#8221;7&#8243; down=&#8221;0&#8243;][vc_single_image image=&#8221;15854&#8243; img_size=&#8221;full&#8221; alignment=&#8221;center&#8221; qode_css_animation=&#8221;element_from_left&#8221; transition_delay=&#8221;0.3&#8243;][vc_separator type=&#8221;transparent&#8221; up=&#8221;30&#8243; down=&#8221;0&#8243;][\/vc_column][vc_column width=&#8221;2\/3&#8243;][vc_column_text]<\/p>\n<h4><strong>ClearLife Solar Solutions<\/strong><\/h4>\n<p>[\/vc_column_text][vc_separator type=&#8221;transparent&#8221; up=&#8221;3&#8243; down=&#8221;3&#8243;][vc_column_text]ClearLife OFF GRID valmislahendused on m\u00f5eldud kasutamiseks eraisikutele ja v\u00e4ikestele majapidamistele. P\u00e4ikeseenergia s\u00fcsteemide valik ulatub alates 50V kuni 10000V.[\/vc_column_text][vc_separator type=&#8221;transparent&#8221; up=&#8221;4&#8243; down=&#8221;4&#8243;][vc_column_text]Kaasaskantavad ClearLife OFF GRID p\u00e4ikeselahendused on mobiilsed ja lihtsalt kasutatavad:\u00a0 \u2013 lihtsalt l\u00fclitage sisse ja alustage kasutamist oma kodudes, telkides, \u00f5ues v\u00f5i h\u00e4daolukorras.[\/vc_column_text][vc_separator type=&#8221;transparent&#8221; up=&#8221;4&#8243; down=&#8221;4&#8243;][vc_column_text]ClearLife OFF GRID statsionaarsed valmislahendused, sisaldavad p\u00e4ikesepaneele, -invertereid ja -akusid olenevalt majapidamise energiavajadusest.[\/vc_column_text][\/vc_column][\/vc_row][vc_row css_animation=&#8221;&#8221; row_type=&#8221;row&#8221; use_row_as_full_screen_section=&#8221;no&#8221; type=&#8221;grid&#8221; angled_section=&#8221;no&#8221; text_align=&#8221;left&#8221; background_image_as_pattern=&#8221;without_pattern&#8221; padding_top=&#8221;20&#8243; padding_bottom=&#8221;20&#8243; z_index=&#8221;&#8221;][vc_column width=&#8221;1\/4&#8243;][vc_separator type=&#8221;transparent&#8221; up=&#8221;7&#8243; down=&#8221;0&#8243;][vc_single_image image=&#8221;16026&#8243; img_size=&#8221;full&#8221; alignment=&#8221;center&#8221; qode_css_animation=&#8221;element_from_left&#8221; transition_delay=&#8221;0.3&#8243;][vc_separator type=&#8221;transparent&#8221; up=&#8221;30&#8243; down=&#8221;0&#8243;][\/vc_column][vc_column width=&#8221;1\/4&#8243;][vc_column_text]<\/p>\n<h4>Mini p\u00e4ikeselahendused<\/h4>\n<p>[\/vc_column_text][vc_separator type=&#8221;transparent&#8221; up=&#8221;7&#8243; down=&#8221;10&#8243;][vc_column_text][\/vc_column_text][vc_separator type=&#8221;transparent&#8221; up=&#8221;15&#8243; down=&#8221;15&#8243;]<a  itemprop=\"url\" href=\"https:\/\/clearlifesolar.com\/et\/clearlife-solar-solutions\/mini\/\" target=\"_self\"  class=\"qbutton  default\" style=\"\">VAATA TOOTEID<\/a>[\/vc_column][vc_column width=&#8221;1\/4&#8243;][vc_separator type=&#8221;transparent&#8221; up=&#8221;7&#8243; down=&#8221;0&#8243;][vc_single_image image=&#8221;16014&#8243; img_size=&#8221;full&#8221; alignment=&#8221;center&#8221; qode_css_animation=&#8221;element_from_right&#8221; transition_delay=&#8221;0.3&#8243;][vc_separator type=&#8221;transparent&#8221; up=&#8221;30&#8243; down=&#8221;0&#8243;][\/vc_column][vc_column width=&#8221;1\/4&#8243;][vc_column_text]<\/p>\n<h4>Kaasaskantavad lahendused kuni 12V<\/h4>\n<p>[\/vc_column_text][vc_separator type=&#8221;transparent&#8221; up=&#8221;7&#8243; down=&#8221;10&#8243;][vc_column_text][\/vc_column_text][vc_separator type=&#8221;transparent&#8221; up=&#8221;15&#8243; down=&#8221;15&#8243;]<a  itemprop=\"url\" href=\"https:\/\/clearlifesolar.com\/et\/clearlife-solar-solutions\/portable-dc\/\" target=\"_self\"  class=\"qbutton  default\" style=\"\">VAATA TOOTEID<\/a>[\/vc_column][\/vc_row][vc_row css_animation=&#8221;&#8221; row_type=&#8221;row&#8221; use_row_as_full_screen_section=&#8221;no&#8221; type=&#8221;grid&#8221; angled_section=&#8221;no&#8221; text_align=&#8221;left&#8221; background_image_as_pattern=&#8221;without_pattern&#8221; padding_top=&#8221;20&#8243; padding_bottom=&#8221;20&#8243; z_index=&#8221;&#8221;][vc_column width=&#8221;1\/4&#8243;][vc_separator type=&#8221;transparent&#8221; up=&#8221;7&#8243; down=&#8221;0&#8243;][vc_single_image image=&#8221;16021&#8243; img_size=&#8221;full&#8221; alignment=&#8221;center&#8221; qode_css_animation=&#8221;element_from_left&#8221; transition_delay=&#8221;0.3&#8243;][vc_separator type=&#8221;transparent&#8221; up=&#8221;30&#8243; down=&#8221;0&#8243;][\/vc_column][vc_column width=&#8221;1\/4&#8243;][vc_column_text]<\/p>\n<h4>Kaaskaskantavad lahendused 220 V<\/h4>\n<p>[\/vc_column_text][vc_separator type=&#8221;transparent&#8221; up=&#8221;7&#8243; down=&#8221;10&#8243;][vc_column_text][\/vc_column_text][vc_separator type=&#8221;transparent&#8221; up=&#8221;15&#8243; down=&#8221;15&#8243;]<a  itemprop=\"url\" href=\"https:\/\/clearlifesolar.com\/et\/clearlife-solar-solutions\/portable-ac\/\" target=\"_self\"  class=\"qbutton  default\" style=\"\">VAATA TOOTEID<\/a>[\/vc_column][vc_column width=&#8221;1\/4&#8243;][vc_separator type=&#8221;transparent&#8221; up=&#8221;7&#8243; down=&#8221;0&#8243;][vc_single_image image=&#8221;16032&#8243; img_size=&#8221;full&#8221; alignment=&#8221;center&#8221; qode_css_animation=&#8221;element_from_right&#8221; transition_delay=&#8221;0.3&#8243;][vc_separator type=&#8221;transparent&#8221; up=&#8221;30&#8243; down=&#8221;0&#8243;][\/vc_column][vc_column width=&#8221;1\/4&#8243;][vc_column_text]<\/p>\n<h4>Statsionaarsed OFF GRID lahendused 220 V<\/h4>\n<p>[\/vc_column_text][vc_separator type=&#8221;transparent&#8221; up=&#8221;7&#8243; down=&#8221;10&#8243;][vc_column_text][\/vc_column_text][vc_separator type=&#8221;transparent&#8221; up=&#8221;15&#8243; down=&#8221;15&#8243;]<a  itemprop=\"url\" href=\"https:\/\/clearlifesolar.com\/et\/clearlife-solar-solutions\/wall-mounted-ac-solutions\/\" target=\"_self\"  class=\"qbutton  default\" style=\"\">VAATA TOOTEID<\/a>[\/vc_column][\/vc_row]<\/p>\n","protected":false},"excerpt":{"rendered":"<p>[vc_row css_animation=&#8221;&#8221; row_type=&#8221;row&#8221; use_row_as_full_screen_section=&#8221;no&#8221; type=&#8221;grid&#8221; angled_section=&#8221;no&#8221; text_align=&#8221;left&#8221; background_image_as_pattern=&#8221;without_pattern&#8221; padding_top=&#8221;40&#8243; padding_bottom=&#8221;20&#8243; z_index=&#8221;&#8221;][vc_column width=&#8221;1\/3&#8243;][vc_separator type=&#8221;transparent&#8221; up=&#8221;7&#8243; down=&#8221;0&#8243;][vc_single_image image=&#8221;15854&#8243; img_size=&#8221;full&#8221; alignment=&#8221;center&#8221; qode_css_animation=&#8221;element_from_left&#8221; transition_delay=&#8221;0.3&#8243;][vc_separator type=&#8221;transparent&#8221; up=&#8221;30&#8243; down=&#8221;0&#8243;][\/vc_column][vc_column width=&#8221;2\/3&#8243;][vc_column_text] ClearLife Solar Solutions [\/vc_column_text][vc_separator type=&#8221;transparent&#8221; up=&#8221;3&#8243; down=&#8221;3&#8243;][vc_column_text]ClearLife OFF GRID valmislahendused on m\u00f5eldud kasutamiseks eraisikutele ja v\u00e4ikestele majapidamistele. P\u00e4ikeseenergia s\u00fcsteemide valik ulatub&#8230;<\/p>\n","protected":false},"author":1,"featured_media":0,"parent":17000,"menu_order":0,"comment_status":"open","ping_status":"open","template":"full_width.php","meta":[],"_links":{"self":[{"href":"https:\/\/clearlifesolar.com\/et\/wp-json\/wp\/v2\/pages\/16979"}],"collection":[{"href":"https:\/\/clearlifesolar.com\/et\/wp-json\/wp\/v2\/pages"}],"about":[{"href":"https:\/\/clearlifesolar.com\/et\/wp-json\/wp\/v2\/types\/page"}],"author":[{"embeddable":true,"href":"https:\/\/clearlifesolar.com\/et\/wp-json\/wp\/v2\/users\/1"}],"replies":[{"embeddable":true,"href":"https:\/\/clearlifesolar.com\/et\/wp-json\/wp\/v2\/comments?post=16979"}],"version-history":[{"count":16,"href":"https:\/\/clearlifesolar.com\/et\/wp-json\/wp\/v2\/pages\/16979\/revisions"}],"predecessor-version":[{"id":17884,"href":"https:\/\/clearlifesolar.com\/et\/wp-json\/wp\/v2\/pages\/16979\/revisions\/17884"}],"up":[{"embeddable":true,"href":"https:\/\/clearlifesolar.com\/et\/wp-json\/wp\/v2\/pages\/17000"}],"wp:attachment":[{"href":"https:\/\/clearlifesolar.com\/et\/wp-json\/wp\/v2\/media?parent=16979"}],"curies":[{"name":"wp","href":"https:\/\/api.w.org\/{rel}","templated":true}]}}