{"id":16993,"date":"2015-05-08T08:30:00","date_gmt":"2015-05-08T08:30:00","guid":{"rendered":"https:\/\/clearlifesolar.com\/company\/"},"modified":"2022-04-21T10:10:15","modified_gmt":"2022-04-21T10:10:15","slug":"company","status":"publish","type":"page","link":"https:\/\/clearlifesolar.com\/et\/home\/company\/","title":{"rendered":"Ettev\u00f5ttest"},"content":{"rendered":"<p>[vc_row css_animation=&#8221;&#8221; row_type=&#8221;row&#8221; use_row_as_full_screen_section=&#8221;no&#8221; type=&#8221;full_width&#8221; angled_section=&#8221;no&#8221; text_align=&#8221;left&#8221; background_image_as_pattern=&#8221;without_pattern&#8221; bg_type=&#8221;image&#8221; parallax_style=&#8221;vcpb-vz-jquery&#8221; bg_image_new=&#8221;15573|https:\/\/clearlifesolar.com\/et\/wp-content\/uploads\/2015\/06\/world_map_light2.jpg&#8221; bg_image_repeat=&#8221;no-repeat&#8221; parallax_sense=&#8221;50&#8243; bg_override=&#8221;ex-full&#8221; css=&#8221;.vc_custom_1437095125560{padding-top: 150px !important;padding-bottom: 250px !important;}&#8221;][vc_column][vc_row_inner row_type=&#8221;row&#8221; type=&#8221;grid&#8221; text_align=&#8221;center&#8221; css_animation=&#8221;&#8221;][vc_column_inner][vc_single_image image=&#8221;16436&#8243; img_size=&#8221;medium&#8221; alignment=&#8221;center&#8221; qode_css_animation=&#8221;&#8221;][vc_separator type=&#8221;transparent&#8221; up=&#8221;30&#8243; down=&#8221;30&#8243;][\/vc_column_inner][\/vc_row_inner][vc_row_inner row_type=&#8221;row&#8221; type=&#8221;grid&#8221; text_align=&#8221;left&#8221; css_animation=&#8221;&#8221;][vc_column_inner width=&#8221;1\/2&#8243; css=&#8221;.vc_custom_1437734349941{background-position: center !important;background-repeat: no-repeat !important;background-size: contain !important;}&#8221;][vc_column_text]<\/p>\n<h4 style=\"text-align: center;\"><span style=\"color: #000000;\">MISSIOO<\/span><span style=\"color: #0000ff;\"><span style=\"color: #000000;\">N:<\/span><\/span><\/h4>\n<p style=\"text-align: center;\">Me aitame inimestel ja organisatsioonidel kasutada p\u00e4ikeseenergiat igap\u00e4evasteks vajadusteks.<\/p>\n<p>[\/vc_column_text][vc_empty_space height=&#8221;25px&#8221;][vc_column_text]<\/p>\n<h4 style=\"text-align: center;\"><span style=\"color: #000000;\">MEIE V\u00c4\u00c4RTUSED:<\/span><\/h4>\n<p style=\"text-align: center;\">Usume, et edukuse peamine v\u00f5tmet\u00e4htsusega ressurss on p\u00fchendunud ja asjatundlikud inimesed, kes pingutavad selleks, et luua, hoida ning arendada vastastikku kasulikke ja rahulolu pakkuvaid suhteid.<\/p>\n<p style=\"text-align: center;\">Usume siiralt, et s\u00f5bralikkus on t\u00e4htsam kui \u00e4riline edu!<\/p>\n<p>[\/vc_column_text][vc_empty_space height=&#8221;25px&#8221;][vc_column_text]<\/p>\n<h4 style=\"text-align: center;\"><\/h4>\n<h4 style=\"text-align: center;\"><span style=\"color: #000000;\">\u00a0MEIE STRATEEGILISED EESM\u00c4RGID:<\/span><\/h4>\n<p style=\"text-align: center;\">olla esimene valik OFF GRID p\u00e4ikeselahenduse tarnijana<\/p>\n<p style=\"text-align: center;\">kvaliteet nii toodete kui teenuste juures<\/p>\n<p style=\"text-align: center;\">parimad hinnad, tarnekiirus ja paindlikud lahendused<\/p>\n<p><!--more-->[\/vc_column_text][\/vc_column_inner][vc_column_inner width=&#8221;1\/2&#8243;][vc_single_image image=&#8221;15777&#8243; img_size=&#8221;550&#215;400&#8243; alignment=&#8221;right&#8221; qode_css_animation=&#8221;&#8221; css=&#8221;.vc_custom_1437734278128{border-top-width: 1px !important;border-right-width: 1px !important;border-bottom-width: 1px !important;border-left-width: 1px !important;}&#8221;][\/vc_column_inner][\/vc_row_inner][vc_row_inner row_type=&#8221;row&#8221; type=&#8221;full_width&#8221; text_align=&#8221;left&#8221; css_animation=&#8221;&#8221;][vc_column_inner width=&#8221;1\/2&#8243;][vc_separator type=&#8221;transparent&#8221; up=&#8221;30&#8243; down=&#8221;30&#8243;][\/vc_column_inner][vc_column_inner width=&#8221;1\/2&#8243;][\/vc_column_inner][\/vc_row_inner][vc_row_inner row_type=&#8221;row&#8221; type=&#8221;grid&#8221; text_align=&#8221;center&#8221; css_animation=&#8221;&#8221;][vc_column_inner]<a  itemprop=\"url\" href=\"https:\/\/clearlifesolar.com\/et\/home\/contact\/\" target=\"_self\"  class=\"qbutton  default\" style=\"\">V\u00d5TA \u00dcHENDUST<\/a>[\/vc_column_inner][\/vc_row_inner][\/vc_column][\/vc_row]<\/p>\n","protected":false},"excerpt":{"rendered":"<p>[vc_row css_animation=&#8221;&#8221; row_type=&#8221;row&#8221; use_row_as_full_screen_section=&#8221;no&#8221; type=&#8221;full_width&#8221; angled_section=&#8221;no&#8221; text_align=&#8221;left&#8221; background_image_as_pattern=&#8221;without_pattern&#8221; bg_type=&#8221;image&#8221; parallax_style=&#8221;vcpb-vz-jquery&#8221; bg_image_new=&#8221;15573|https:\/\/clearlifesolar.com\/et\/wp-content\/uploads\/2015\/06\/world_map_light2.jpg&#8221; bg_image_repeat=&#8221;no-repeat&#8221; parallax_sense=&#8221;50&#8243; bg_override=&#8221;ex-full&#8221; css=&#8221;.vc_custom_1437095125560{padding-top: 150px !important;padding-bottom: 250px !important;}&#8221;][vc_column][vc_row_inner row_type=&#8221;row&#8221; type=&#8221;grid&#8221; text_align=&#8221;center&#8221; css_animation=&#8221;&#8221;][vc_column_inner][vc_single_image image=&#8221;16436&#8243; img_size=&#8221;medium&#8221; alignment=&#8221;center&#8221; qode_css_animation=&#8221;&#8221;][vc_separator type=&#8221;transparent&#8221; up=&#8221;30&#8243; down=&#8221;30&#8243;][\/vc_column_inner][\/vc_row_inner][vc_row_inner row_type=&#8221;row&#8221; type=&#8221;grid&#8221; text_align=&#8221;left&#8221; css_animation=&#8221;&#8221;][vc_column_inner width=&#8221;1\/2&#8243; css=&#8221;.vc_custom_1437734349941{background-position: center !important;background-repeat: no-repeat !important;background-size: contain !important;}&#8221;][vc_column_text] MISSIOON: Me aitame&#8230;<\/p>\n","protected":false},"author":1,"featured_media":0,"parent":17000,"menu_order":0,"comment_status":"open","ping_status":"open","template":"full_width.php","meta":[],"_links":{"self":[{"href":"https:\/\/clearlifesolar.com\/et\/wp-json\/wp\/v2\/pages\/16993"}],"collection":[{"href":"https:\/\/clearlifesolar.com\/et\/wp-json\/wp\/v2\/pages"}],"about":[{"href":"https:\/\/clearlifesolar.com\/et\/wp-json\/wp\/v2\/types\/page"}],"author":[{"embeddable":true,"href":"https:\/\/clearlifesolar.com\/et\/wp-json\/wp\/v2\/users\/1"}],"replies":[{"embeddable":true,"href":"https:\/\/clearlifesolar.com\/et\/wp-json\/wp\/v2\/comments?post=16993"}],"version-history":[{"count":9,"href":"https:\/\/clearlifesolar.com\/et\/wp-json\/wp\/v2\/pages\/16993\/revisions"}],"predecessor-version":[{"id":17098,"href":"https:\/\/clearlifesolar.com\/et\/wp-json\/wp\/v2\/pages\/16993\/revisions\/17098"}],"up":[{"embeddable":true,"href":"https:\/\/clearlifesolar.com\/et\/wp-json\/wp\/v2\/pages\/17000"}],"wp:attachment":[{"href":"https:\/\/clearlifesolar.com\/et\/wp-json\/wp\/v2\/media?parent=16993"}],"curies":[{"name":"wp","href":"https:\/\/api.w.org\/{rel}","templated":true}]}}