{"id":16913,"date":"2019-07-10T06:07:49","date_gmt":"2019-07-10T06:07:49","guid":{"rendered":"https:\/\/clearlifesolar.com\/solar-energy-components\/"},"modified":"2022-04-21T10:20:07","modified_gmt":"2022-04-21T10:20:07","slug":"solar-energy-components","status":"publish","type":"page","link":"https:\/\/clearlifesolar.com\/fr\/home\/solar-energy-components\/","title":{"rendered":"Inverteurs, batteries et panneaux solaires"},"content":{"rendered":"<p>[vc_row css_animation=\u00a0\u00bb\u00a0\u00bb row_type=\u00a0\u00bbrow\u00a0\u00bb use_row_as_full_screen_section=\u00a0\u00bbno\u00a0\u00bb type=\u00a0\u00bbgrid\u00a0\u00bb angled_section=\u00a0\u00bbno\u00a0\u00bb text_align=\u00a0\u00bbleft\u00a0\u00bb background_image_as_pattern=\u00a0\u00bbwithout_pattern\u00a0\u00bb padding_top=\u00a0\u00bb82&Prime; padding_bottom=\u00a0\u00bb60&Prime;][vc_column width=\u00a0\u00bb1\/3&Prime;][vc_separator type=\u00a0\u00bbtransparent\u00a0\u00bb up=\u00a0\u00bb7&Prime; down=\u00a0\u00bb0&Prime;][vc_single_image image=\u00a0\u00bb16032&Prime; img_size=\u00a0\u00bbfull\u00a0\u00bb alignment=\u00a0\u00bbcenter\u00a0\u00bb qode_css_animation=\u00a0\u00bbelement_from_left\u00a0\u00bb transition_delay=\u00a0\u00bb0.3&Prime;][vc_separator type=\u00a0\u00bbtransparent\u00a0\u00bb up=\u00a0\u00bb30&Prime; down=\u00a0\u00bb0&Prime;][\/vc_column][vc_column width=\u00a0\u00bb2\/3&Prime;][vc_column_text]<\/p>\n<h4>Systeme solaire \u00ab\u00a0Hors Reseau\u00a0\u00bb &#8211; OFF GRID<\/h4>\n<p>[\/vc_column_text][vc_separator type=\u00a0\u00bbtransparent\u00a0\u00bb up=\u00a0\u00bb5&Prime; down=\u00a0\u00bb5&Prime;][vc_column_text]Terminologie \u00a0\u00bb hors r\u00e9seau\u00a0\u00bb (OFF GRID)\u00a0 veut dire, production d&rsquo; \u00e9nergie solaire sans connection \u00e0 un r\u00e9seau g\u00e9n\u00e9ral (grille de puissance).[\/vc_column_text][vc_separator type=\u00a0\u00bbtransparent\u00a0\u00bb up=\u00a0\u00bb5&Prime; down=\u00a0\u00bb5&Prime;][vc_column_text]Le component central est l&rsquo; inverteur solaire. D\u00e9pendant de la capacit\u00e9 de l&rsquo; inverteur, le nombre de panneaux solaires est calcul\u00e9. D\u00e9pendant de la consommation d&rsquo; \u00e9nergie, le nombre de batteries est calcul\u00e9. Tout cela d\u00e9pend donc de la consommation g\u00e9n\u00e9rale pour un m\u00e9nage (lampes, t\u00e9l\u00e9, frigidaires, acclim etc.)[\/vc_column_text][vc_separator type=\u00a0\u00bbtransparent\u00a0\u00bb up=\u00a0\u00bb15&Prime; down=\u00a0\u00bb15&Prime;]<a  itemprop=\"url\" href=\"https:\/\/clearlifesolar.com\/fr\/home\/contact\/\" target=\"_self\"  class=\"qbutton  default\" style=\"\">CONTACTEZ - NOUS<\/a>[\/vc_column][\/vc_row]<\/p>\n","protected":false},"excerpt":{"rendered":"<p>[vc_row css_animation=\u00a0\u00bb\u00a0\u00bb row_type=\u00a0\u00bbrow\u00a0\u00bb use_row_as_full_screen_section=\u00a0\u00bbno\u00a0\u00bb type=\u00a0\u00bbgrid\u00a0\u00bb angled_section=\u00a0\u00bbno\u00a0\u00bb text_align=\u00a0\u00bbleft\u00a0\u00bb background_image_as_pattern=\u00a0\u00bbwithout_pattern\u00a0\u00bb padding_top=\u00a0\u00bb82&Prime; padding_bottom=\u00a0\u00bb60&Prime;][vc_column width=\u00a0\u00bb1\/3&Prime;][vc_separator type=\u00a0\u00bbtransparent\u00a0\u00bb up=\u00a0\u00bb7&Prime; down=\u00a0\u00bb0&Prime;][vc_single_image image=\u00a0\u00bb16032&Prime; img_size=\u00a0\u00bbfull\u00a0\u00bb alignment=\u00a0\u00bbcenter\u00a0\u00bb qode_css_animation=\u00a0\u00bbelement_from_left\u00a0\u00bb transition_delay=\u00a0\u00bb0.3&Prime;][vc_separator type=\u00a0\u00bbtransparent\u00a0\u00bb up=\u00a0\u00bb30&Prime; down=\u00a0\u00bb0&Prime;][\/vc_column][vc_column width=\u00a0\u00bb2\/3&Prime;][vc_column_text] Systeme solaire \u00ab\u00a0Hors Reseau\u00a0\u00bb &#8211; OFF GRID [\/vc_column_text][vc_separator type=\u00a0\u00bbtransparent\u00a0\u00bb up=\u00a0\u00bb5&Prime; down=\u00a0\u00bb5&Prime;][vc_column_text]Terminologie \u00a0\u00bb hors r\u00e9seau\u00a0\u00bb (OFF GRID)\u00a0 veut dire, production d&rsquo; \u00e9nergie solaire&#8230;<\/p>\n","protected":false},"author":3,"featured_media":0,"parent":17001,"menu_order":0,"comment_status":"closed","ping_status":"closed","template":"","meta":[],"_links":{"self":[{"href":"https:\/\/clearlifesolar.com\/fr\/wp-json\/wp\/v2\/pages\/16913"}],"collection":[{"href":"https:\/\/clearlifesolar.com\/fr\/wp-json\/wp\/v2\/pages"}],"about":[{"href":"https:\/\/clearlifesolar.com\/fr\/wp-json\/wp\/v2\/types\/page"}],"author":[{"embeddable":true,"href":"https:\/\/clearlifesolar.com\/fr\/wp-json\/wp\/v2\/users\/3"}],"replies":[{"embeddable":true,"href":"https:\/\/clearlifesolar.com\/fr\/wp-json\/wp\/v2\/comments?post=16913"}],"version-history":[{"count":8,"href":"https:\/\/clearlifesolar.com\/fr\/wp-json\/wp\/v2\/pages\/16913\/revisions"}],"predecessor-version":[{"id":17908,"href":"https:\/\/clearlifesolar.com\/fr\/wp-json\/wp\/v2\/pages\/16913\/revisions\/17908"}],"up":[{"embeddable":true,"href":"https:\/\/clearlifesolar.com\/fr\/wp-json\/wp\/v2\/pages\/17001"}],"wp:attachment":[{"href":"https:\/\/clearlifesolar.com\/fr\/wp-json\/wp\/v2\/media?parent=16913"}],"curies":[{"name":"wp","href":"https:\/\/api.w.org\/{rel}","templated":true}]}}