{"id":16958,"date":"2015-06-09T02:17:12","date_gmt":"2015-06-09T02:17:12","guid":{"rendered":"https:\/\/clearlifesolar.com\/portable-dc\/"},"modified":"2022-04-21T10:19:02","modified_gmt":"2022-04-21T10:19:02","slug":"portable-dc","status":"publish","type":"page","link":"https:\/\/clearlifesolar.com\/fr\/home\/clearlife-solar-solutions\/portable-dc\/","title":{"rendered":"Solutions portables CC (jusque 12V)"},"content":{"rendered":"<p>[vc_row css_animation=\u00a0\u00bb\u00a0\u00bb row_type=\u00a0\u00bbrow\u00a0\u00bb use_row_as_full_screen_section=\u00a0\u00bbno\u00a0\u00bb type=\u00a0\u00bbgrid\u00a0\u00bb angled_section=\u00a0\u00bbno\u00a0\u00bb text_align=\u00a0\u00bbleft\u00a0\u00bb background_image_as_pattern=\u00a0\u00bbwithout_pattern\u00a0\u00bb padding_top=\u00a0\u00bb40&Prime; padding_bottom=\u00a0\u00bb20&Prime; z_index=\u00a0\u00bb\u00a0\u00bb][vc_column width=\u00a0\u00bb1\/3&Prime;][vc_separator type=\u00a0\u00bbtransparent\u00a0\u00bb up=\u00a0\u00bb7&Prime; down=\u00a0\u00bb0&Prime;][vc_single_image image=\u00a0\u00bb16014&Prime; img_size=\u00a0\u00bbfull\u00a0\u00bb alignment=\u00a0\u00bbcenter\u00a0\u00bb qode_css_animation=\u00a0\u00bbelement_from_left\u00a0\u00bb transition_delay=\u00a0\u00bb0.3&Prime;][vc_separator type=\u00a0\u00bbtransparent\u00a0\u00bb up=\u00a0\u00bb30&Prime; down=\u00a0\u00bb0&Prime;][\/vc_column][vc_column width=\u00a0\u00bb2\/3&Prime;][vc_column_text]<\/p>\n<h4>Solution \u00e9clairage Solaire avec ventilateur plafond.<\/h4>\n<p>[\/vc_column_text][vc_column_text]Solution portable pour \u00e9clairage, chargement t\u00e9l\u00e9hone mobile, et produisant assez de&rsquo;\u00e9nergie pour un ventilateur plafond classe moyenne .\u00a0 Cette solution simple comprend un panneau solaire, boite d&rsquo;\u00e9nergie avec batterie lithium, lampes LEDet un ventilateur de plafond.[\/vc_column_text][vc_separator type=\u00a0\u00bbtransparent\u00a0\u00bb up=\u00a0\u00bb15&Prime; down=\u00a0\u00bb15&Prime;][vc_column_text]<\/p>\n<h4>Description<\/h4>\n<p>[\/vc_column_text][vc_column_text]<\/p>\n<ul>\n<li>Solar panel: 30W with 5m cable<\/li>\n<li>Batterie: 11.1V\/13000mAh Lithium<\/li>\n<li>Lampe: 3w LED\u00a0 x 3 pieces<\/li>\n<li>Ventilateur plafond: 700mm 11W<\/li>\n<\/ul>\n<p>2 lampes suppl\u00e9mentaires et un panneau solaire plus grand peuvent etre fournis en cas de besoin.[\/vc_column_text][vc_separator type=\u00a0\u00bbtransparent\u00a0\u00bb up=\u00a0\u00bb15&Prime; down=\u00a0\u00bb15&Prime;]<a  itemprop=\"url\" href=\"https:\/\/clearlifesolar.com\/fr\/home\/contact\/\" target=\"_self\"  class=\"qbutton  default\" style=\"\">CONTACTEZ - NOUZ<\/a>[\/vc_column][\/vc_row][vc_row css_animation=\u00a0\u00bb\u00a0\u00bb row_type=\u00a0\u00bbrow\u00a0\u00bb use_row_as_full_screen_section=\u00a0\u00bbno\u00a0\u00bb type=\u00a0\u00bbgrid\u00a0\u00bb angled_section=\u00a0\u00bbno\u00a0\u00bb text_align=\u00a0\u00bbleft\u00a0\u00bb background_image=\u00a0\u00bb15511&Prime; background_image_as_pattern=\u00a0\u00bbwithout_pattern\u00a0\u00bb background_color=\u00a0\u00bb#e2e2e2&Prime; padding_top=\u00a0\u00bb20&Prime; padding_bottom=\u00a0\u00bb20&Prime; z_index=\u00a0\u00bb\u00a0\u00bb][vc_column width=\u00a0\u00bb2\/3&Prime;][vc_column_text]<\/p>\n<h4><strong>Solution \u00e9clairage solaire avec radio\u00a0<\/strong><\/h4>\n<p>[\/vc_column_text][vc_column_text]Solution portable pour \u00e9clairage, chargement t\u00e9l\u00e9phone mobile,avec radio.[\/vc_column_text][vc_separator type=\u00a0\u00bbtransparent\u00a0\u00bb up=\u00a0\u00bb7&Prime; down=\u00a0\u00bb10&Prime;][vc_column_text]<\/p>\n<h4>Description<\/h4>\n<p>[\/vc_column_text][vc_column_text]<\/p>\n<ul>\n<li>Panneu solaire: 30W avec 5m cable<\/li>\n<li>Batterie: 11.1V\/13000mAh Lithium<\/li>\n<li>Lampe: 3w LED x 3 pieces<\/li>\n<li>Ventilateur plafond: 700mm 11W<\/li>\n<\/ul>\n<p>2 lampes suppl\u00e9mentaires et un panneau solaire plus grand peuvent etre fournis en cas de besoin.[\/vc_column_text][vc_separator type=\u00a0\u00bbtransparent\u00a0\u00bb up=\u00a0\u00bb15&Prime; down=\u00a0\u00bb15&Prime;]<a  itemprop=\"url\" href=\"https:\/\/clearlifesolar.com\/fr\/home\/contact\/\" target=\"_self\"  class=\"qbutton  default\" style=\"\">CONTACTEZ - NOUZ<\/a>[\/vc_column][vc_column width=\u00a0\u00bb1\/3&Prime;][vc_separator type=\u00a0\u00bbtransparent\u00a0\u00bb up=\u00a0\u00bb7&Prime; down=\u00a0\u00bb0&Prime;][vc_single_image image=\u00a0\u00bb15997&Prime; img_size=\u00a0\u00bbfull\u00a0\u00bb alignment=\u00a0\u00bbcenter\u00a0\u00bb qode_css_animation=\u00a0\u00bbelement_from_left\u00a0\u00bb transition_delay=\u00a0\u00bb0.3&Prime;][vc_separator type=\u00a0\u00bbtransparent\u00a0\u00bb up=\u00a0\u00bb30&Prime; down=\u00a0\u00bb0&Prime;][\/vc_column][\/vc_row][vc_row css_animation=\u00a0\u00bb\u00a0\u00bb row_type=\u00a0\u00bbrow\u00a0\u00bb use_row_as_full_screen_section=\u00a0\u00bbno\u00a0\u00bb type=\u00a0\u00bbgrid\u00a0\u00bb angled_section=\u00a0\u00bbno\u00a0\u00bb text_align=\u00a0\u00bbleft\u00a0\u00bb background_image_as_pattern=\u00a0\u00bbwithout_pattern\u00a0\u00bb padding_top=\u00a0\u00bb40&Prime; padding_bottom=\u00a0\u00bb20&Prime; z_index=\u00a0\u00bb\u00a0\u00bb][vc_column width=\u00a0\u00bb1\/3&Prime;][vc_separator type=\u00a0\u00bbtransparent\u00a0\u00bb up=\u00a0\u00bb7&Prime; down=\u00a0\u00bb0&Prime;][vc_single_image image=\u00a0\u00bb16024&Prime; img_size=\u00a0\u00bbfull\u00a0\u00bb alignment=\u00a0\u00bbcenter\u00a0\u00bb qode_css_animation=\u00a0\u00bbelement_from_left\u00a0\u00bb transition_delay=\u00a0\u00bb0.3&Prime;][vc_separator type=\u00a0\u00bbtransparent\u00a0\u00bb up=\u00a0\u00bb30&Prime; down=\u00a0\u00bb0&Prime;][\/vc_column][vc_column width=\u00a0\u00bb2\/3&Prime;][vc_column_text]<\/p>\n<h4>T\u00e9l\u00e9vision Solaire 17&Prime; avec ampoules LED, ventilateur plafond et chargeur t\u00e9l\u00e9phone portable.<\/h4>\n<p>[\/vc_column_text][vc_column_text]Solution int\u00e9lligente mont\u00e9e autour d&rsquo;une t\u00e9l\u00e9vision 17&Prime; haute gamme, pour \u00e9clairage, chargement t\u00e9l\u00e9phone mobile, et produisant assez d&rsquo; \u00e9nergie pour un ventilateur plafond , gamme moyenne.\u00a0 Cette solution simple comprend un panneau solaire , boite d&rsquo;\u00e9nergie avec batterie lithium, et lampes LED.[\/vc_column_text][vc_separator type=\u00a0\u00bbtransparent\u00a0\u00bb up=\u00a0\u00bb15&Prime; down=\u00a0\u00bb15&Prime;][vc_column_text]<\/p>\n<h4>Description<\/h4>\n<p>[\/vc_column_text][vc_column_text]<\/p>\n<ul>\n<li>Panneau solaire: 20W avec 6m cable<\/li>\n<li>Batterie: 11.1V\/6600mAh Lithium<\/li>\n<li>TV size: 17&Prime; LED display<\/li>\n<li>CC sortie: 4 c CC 12V, 1 USB port<\/li>\n<li>Lampes: 3W led\u00a0 2 pieces avec 5m cable<\/li>\n<\/ul>\n<p>2 lampes suppl\u00e9mentaires et un panneau solaire plus grand peuvent etre fournis en cas de besoin.[\/vc_column_text][vc_separator type=\u00a0\u00bbtransparent\u00a0\u00bb up=\u00a0\u00bb15&Prime; down=\u00a0\u00bb15&Prime;]<a  itemprop=\"url\" href=\"https:\/\/clearlifesolar.com\/fr\/home\/contact\/\" target=\"_self\"  class=\"qbutton  default\" style=\"\">CONTACTEZ - NOUZ<\/a>[\/vc_column][\/vc_row][vc_row css_animation=\u00a0\u00bb\u00a0\u00bb row_type=\u00a0\u00bbrow\u00a0\u00bb use_row_as_full_screen_section=\u00a0\u00bbno\u00a0\u00bb type=\u00a0\u00bbgrid\u00a0\u00bb angled_section=\u00a0\u00bbno\u00a0\u00bb text_align=\u00a0\u00bbleft\u00a0\u00bb background_image=\u00a0\u00bb15511&Prime; background_image_as_pattern=\u00a0\u00bbwithout_pattern\u00a0\u00bb background_color=\u00a0\u00bb#e2e2e2&Prime; padding_top=\u00a0\u00bb20&Prime; padding_bottom=\u00a0\u00bb20&Prime; z_index=\u00a0\u00bb\u00a0\u00bb][vc_column width=\u00a0\u00bb2\/3&Prime;][vc_column_text]<\/p>\n<h4>T\u00e9l\u00e9vision Solaire 32&Prime; avec ampoules LED, ventilateur plafond et chargeur t\u00e9l\u00e9phone portable.<\/h4>\n<p>[\/vc_column_text][vc_column_text]Solution int\u00e9lligente mont\u00e9e autour d&rsquo;une t\u00e9l\u00e9vision 32&Prime; haute gamme, pour \u00e9clairage, chargement t\u00e9l\u00e9phone mobile, et produisant assez d&rsquo; \u00e9nergie pour un ventilateur plafond , gamme moyenne.\u00a0 Cette solution simple comprend un panneau solaire , boite d&rsquo;\u00e9nergie avec batterie lithium, et lampes LED.<\/p>\n<p>[\/vc_column_text][vc_separator type=\u00a0\u00bbtransparent\u00a0\u00bb up=\u00a0\u00bb7&Prime; down=\u00a0\u00bb10&Prime;][vc_column_text]<\/p>\n<h4>Description<\/h4>\n<p>[\/vc_column_text][vc_column_text]<\/p>\n<ul>\n<li>Panneau solaire: 30W avec 6m cable<\/li>\n<li>Batterie: 14.8V\/6600mAh Lithium<\/li>\n<li>TV size: 32&Prime; LED display<\/li>\n<li>CC sortie:\u00a0 4 c CC 12V, 1 USB port<\/li>\n<li>Lampes: 3W led 2 pieces avec 5m cable<\/li>\n<\/ul>\n<p>2 lampes suppl\u00e9mentaires et un panneau solaire plus grand peuvent etre fournis en cas de besoin.[\/vc_column_text][vc_separator type=\u00a0\u00bbtransparent\u00a0\u00bb up=\u00a0\u00bb15&Prime; down=\u00a0\u00bb15&Prime;]<a  itemprop=\"url\" href=\"https:\/\/clearlifesolar.com\/fr\/home\/contact\/\" target=\"_self\"  class=\"qbutton  default\" style=\"\">CONTACTEZ - NOUZ<\/a>[\/vc_column][vc_column width=\u00a0\u00bb1\/3&Prime;][vc_separator type=\u00a0\u00bbtransparent\u00a0\u00bb up=\u00a0\u00bb7&Prime; down=\u00a0\u00bb0&Prime;][vc_single_image image=\u00a0\u00bb16022&Prime; img_size=\u00a0\u00bbfull\u00a0\u00bb alignment=\u00a0\u00bbcenter\u00a0\u00bb qode_css_animation=\u00a0\u00bbelement_from_left\u00a0\u00bb transition_delay=\u00a0\u00bb0.3&Prime;][vc_separator type=\u00a0\u00bbtransparent\u00a0\u00bb up=\u00a0\u00bb30&Prime; down=\u00a0\u00bb0&Prime;][\/vc_column][\/vc_row]<\/p>\n","protected":false},"excerpt":{"rendered":"<p>[vc_row css_animation=\u00a0\u00bb\u00a0\u00bb row_type=\u00a0\u00bbrow\u00a0\u00bb use_row_as_full_screen_section=\u00a0\u00bbno\u00a0\u00bb type=\u00a0\u00bbgrid\u00a0\u00bb angled_section=\u00a0\u00bbno\u00a0\u00bb text_align=\u00a0\u00bbleft\u00a0\u00bb background_image_as_pattern=\u00a0\u00bbwithout_pattern\u00a0\u00bb padding_top=\u00a0\u00bb40&Prime; padding_bottom=\u00a0\u00bb20&Prime; z_index=\u00a0\u00bb\u00a0\u00bb][vc_column width=\u00a0\u00bb1\/3&Prime;][vc_separator type=\u00a0\u00bbtransparent\u00a0\u00bb up=\u00a0\u00bb7&Prime; down=\u00a0\u00bb0&Prime;][vc_single_image image=\u00a0\u00bb16014&Prime; img_size=\u00a0\u00bbfull\u00a0\u00bb alignment=\u00a0\u00bbcenter\u00a0\u00bb qode_css_animation=\u00a0\u00bbelement_from_left\u00a0\u00bb transition_delay=\u00a0\u00bb0.3&Prime;][vc_separator type=\u00a0\u00bbtransparent\u00a0\u00bb up=\u00a0\u00bb30&Prime; down=\u00a0\u00bb0&Prime;][\/vc_column][vc_column width=\u00a0\u00bb2\/3&Prime;][vc_column_text] Solution \u00e9clairage Solaire avec ventilateur plafond. [\/vc_column_text][vc_column_text]Solution portable pour \u00e9clairage, chargement t\u00e9l\u00e9hone mobile, et produisant assez de&rsquo;\u00e9nergie pour un ventilateur plafond&#8230;<\/p>\n","protected":false},"author":1,"featured_media":0,"parent":16976,"menu_order":0,"comment_status":"open","ping_status":"open","template":"full_width.php","meta":[],"_links":{"self":[{"href":"https:\/\/clearlifesolar.com\/fr\/wp-json\/wp\/v2\/pages\/16958"}],"collection":[{"href":"https:\/\/clearlifesolar.com\/fr\/wp-json\/wp\/v2\/pages"}],"about":[{"href":"https:\/\/clearlifesolar.com\/fr\/wp-json\/wp\/v2\/types\/page"}],"author":[{"embeddable":true,"href":"https:\/\/clearlifesolar.com\/fr\/wp-json\/wp\/v2\/users\/1"}],"replies":[{"embeddable":true,"href":"https:\/\/clearlifesolar.com\/fr\/wp-json\/wp\/v2\/comments?post=16958"}],"version-history":[{"count":12,"href":"https:\/\/clearlifesolar.com\/fr\/wp-json\/wp\/v2\/pages\/16958\/revisions"}],"predecessor-version":[{"id":17905,"href":"https:\/\/clearlifesolar.com\/fr\/wp-json\/wp\/v2\/pages\/16958\/revisions\/17905"}],"up":[{"embeddable":true,"href":"https:\/\/clearlifesolar.com\/fr\/wp-json\/wp\/v2\/pages\/16976"}],"wp:attachment":[{"href":"https:\/\/clearlifesolar.com\/fr\/wp-json\/wp\/v2\/media?parent=16958"}],"curies":[{"name":"wp","href":"https:\/\/api.w.org\/{rel}","templated":true}]}}