{"id":16962,"date":"2015-06-09T01:00:08","date_gmt":"2015-06-09T01:00:08","guid":{"rendered":"https:\/\/clearlifesolar.com\/mini\/"},"modified":"2022-04-21T10:17:37","modified_gmt":"2022-04-21T10:17:37","slug":"mini","status":"publish","type":"page","link":"https:\/\/clearlifesolar.com\/fr\/home\/clearlife-solar-solutions\/mini\/","title":{"rendered":"Solutions \u00ab\u00a0MINI\u00a0\u00bb portables"},"content":{"rendered":"<p>[vc_row css_animation=\u00a0\u00bb\u00a0\u00bb row_type=\u00a0\u00bbrow\u00a0\u00bb use_row_as_full_screen_section=\u00a0\u00bbno\u00a0\u00bb type=\u00a0\u00bbgrid\u00a0\u00bb angled_section=\u00a0\u00bbno\u00a0\u00bb text_align=\u00a0\u00bbleft\u00a0\u00bb background_image_as_pattern=\u00a0\u00bbwithout_pattern\u00a0\u00bb padding_top=\u00a0\u00bb40&Prime; padding_bottom=\u00a0\u00bb1&Prime; z_index=\u00a0\u00bb\u00a0\u00bb][vc_column width=\u00a0\u00bb1\/3&Prime;][vc_single_image image=\u00a0\u00bb16026&Prime; img_size=\u00a0\u00bbfull\u00a0\u00bb alignment=\u00a0\u00bbcenter\u00a0\u00bb qode_css_animation=\u00a0\u00bbelement_from_left\u00a0\u00bb transition_delay=\u00a0\u00bb0.3&Prime;][\/vc_column][vc_column width=\u00a0\u00bb2\/3&Prime;][vc_column_text]<\/p>\n<h4><strong>Lampe de lecture<\/strong><\/h4>\n<p>[\/vc_column_text][vc_column_text]Oubliez les t\u00e9n\u00e8bres, l&rsquo; odeur de k\u00e9ros\u00e8ne et le remplacement de chandelles. Oubliez les frais de k\u00e9ros\u00e8ne et de chandelles.<br \/>\nUn seul investissement dans cette lampe portable et brillante vous garantit des \u00e9conomies pendant des ann\u00e9es![\/vc_column_text][vc_separator type=\u00a0\u00bbtransparent\u00a0\u00bb up=\u00a0\u00bb7&Prime; down=\u00a0\u00bb10&Prime;][vc_column_text]<\/p>\n<h4>Description<\/h4>\n<p>[\/vc_column_text][vc_column_text]<\/p>\n<ul>\n<li>Panneau solaire: 0.3W\/5V<\/li>\n<li>Batterie:\u00a0 3.2V\/400mAh LiFePO4<\/li>\n<li>Lampe: 0.5W LED<\/li>\n<li>Dur\u00e9e de chargement : 4-5 heures<\/li>\n<li>Dur\u00e9e d&rsquo;\u00e9clairage: 24 hours<\/li>\n<\/ul>\n<p>[\/vc_column_text][\/vc_column][\/vc_row][vc_row css_animation=\u00a0\u00bb\u00a0\u00bb row_type=\u00a0\u00bbrow\u00a0\u00bb use_row_as_full_screen_section=\u00a0\u00bbno\u00a0\u00bb type=\u00a0\u00bbgrid\u00a0\u00bb angled_section=\u00a0\u00bbno\u00a0\u00bb text_align=\u00a0\u00bbleft\u00a0\u00bb background_image_as_pattern=\u00a0\u00bbwithout_pattern\u00a0\u00bb padding_top=\u00a0\u00bb1&Prime; padding_bottom=\u00a0\u00bb60&Prime; z_index=\u00a0\u00bb\u00a0\u00bb][vc_column width=\u00a0\u00bb1\/4&Prime;][\/vc_column][vc_column width=\u00a0\u00bb1\/4&Prime;][vc_single_image image=\u00a0\u00bb16160&Prime; img_size=\u00a0\u00bbfull\u00a0\u00bb alignment=\u00a0\u00bbcenter\u00a0\u00bb qode_css_animation=\u00a0\u00bbelement_from_left\u00a0\u00bb transition_delay=\u00a0\u00bb0&Prime;][\/vc_column][vc_column width=\u00a0\u00bb1\/4&Prime;][vc_single_image image=\u00a0\u00bb15999&Prime; img_size=\u00a0\u00bbfull\u00a0\u00bb alignment=\u00a0\u00bbcenter\u00a0\u00bb qode_css_animation=\u00a0\u00bbelement_from_left\u00a0\u00bb transition_delay=\u00a0\u00bb0&Prime;][\/vc_column][vc_column width=\u00a0\u00bb1\/4&Prime;][vc_single_image image=\u00a0\u00bb15998&Prime; img_size=\u00a0\u00bbfull\u00a0\u00bb alignment=\u00a0\u00bbcenter\u00a0\u00bb qode_css_animation=\u00a0\u00bbelement_from_left\u00a0\u00bb transition_delay=\u00a0\u00bb0&Prime;][\/vc_column][\/vc_row][vc_row css_animation=\u00a0\u00bb\u00a0\u00bb row_type=\u00a0\u00bbrow\u00a0\u00bb use_row_as_full_screen_section=\u00a0\u00bbno\u00a0\u00bb type=\u00a0\u00bbgrid\u00a0\u00bb angled_section=\u00a0\u00bbno\u00a0\u00bb text_align=\u00a0\u00bbleft\u00a0\u00bb background_image=\u00a0\u00bb15511&Prime; background_image_as_pattern=\u00a0\u00bbwithout_pattern\u00a0\u00bb background_color=\u00a0\u00bb#e2e2e2&Prime; padding_top=\u00a0\u00bb40&Prime; padding_bottom=\u00a0\u00bb10&Prime; z_index=\u00a0\u00bb\u00a0\u00bb][vc_column width=\u00a0\u00bb2\/3&Prime;][vc_column_text]<\/p>\n<h4><strong>Torche avec lampe<\/strong><\/h4>\n<p>[\/vc_column_text][vc_column_text]Torche solide avec fonction lampe de lecture. Cette lampe est construite avec panneau solaire incorpor\u00e9. Cette lampe est tr\u00e8s utile pour les voyages en brousse ou pour un \u00e9clairage suppl\u00e9mentaire \u00e0 lampes LED.[\/vc_column_text][vc_separator type=\u00a0\u00bbtransparent\u00a0\u00bb up=\u00a0\u00bb15&Prime; down=\u00a0\u00bb15&Prime;][vc_column_text]<\/p>\n<h4>Description<\/h4>\n<p>[\/vc_column_text][vc_column_text]<\/p>\n<ul>\n<li>Paneeau solaire: 0.25W\/5V<\/li>\n<li>Batterie:\u00a0 3.2V\/250mAh LiFePO4<\/li>\n<li>Lampe: 0.5W LED<\/li>\n<li>Dur\u00e9e de chargement: 6-8 heures<\/li>\n<li>Dur\u00e9e d&rsquo;\u00e9clairage: 18 hours<\/li>\n<\/ul>\n<p>[\/vc_column_text][vc_separator type=\u00a0\u00bbtransparent\u00a0\u00bb up=\u00a0\u00bb15&Prime; down=\u00a0\u00bb15&Prime;]<a  itemprop=\"url\" href=\"https:\/\/clearlifesolar.com\/fr\/home\/contact\/\" target=\"_self\"  class=\"qbutton  default\" style=\"\">CONTACTEZ - NOUZ<\/a>[\/vc_column][vc_column width=\u00a0\u00bb1\/3&Prime;][vc_separator type=\u00a0\u00bbtransparent\u00a0\u00bb up=\u00a0\u00bb7&Prime; down=\u00a0\u00bb0&Prime;][vc_single_image image=\u00a0\u00bb16025&Prime; img_size=\u00a0\u00bbfull\u00a0\u00bb alignment=\u00a0\u00bbcenter\u00a0\u00bb qode_css_animation=\u00a0\u00bbelement_from_left\u00a0\u00bb transition_delay=\u00a0\u00bb0.3&Prime;][vc_separator type=\u00a0\u00bbtransparent\u00a0\u00bb up=\u00a0\u00bb30&Prime; down=\u00a0\u00bb0&Prime;][\/vc_column][\/vc_row][vc_row css_animation=\u00a0\u00bb\u00a0\u00bb row_type=\u00a0\u00bbrow\u00a0\u00bb use_row_as_full_screen_section=\u00a0\u00bbno\u00a0\u00bb type=\u00a0\u00bbgrid\u00a0\u00bb angled_section=\u00a0\u00bbno\u00a0\u00bb text_align=\u00a0\u00bbleft\u00a0\u00bb background_image_as_pattern=\u00a0\u00bbwithout_pattern\u00a0\u00bb padding_top=\u00a0\u00bb82&Prime; padding_bottom=\u00a0\u00bb60&Prime;][vc_column width=\u00a0\u00bb1\/3&Prime;][vc_separator type=\u00a0\u00bbtransparent\u00a0\u00bb up=\u00a0\u00bb7&Prime; down=\u00a0\u00bb0&Prime;][vc_separator type=\u00a0\u00bbtransparent\u00a0\u00bb up=\u00a0\u00bb7&Prime; down=\u00a0\u00bb0&Prime;][vc_separator type=\u00a0\u00bbtransparent\u00a0\u00bb up=\u00a0\u00bb7&Prime; down=\u00a0\u00bb0&Prime;][vc_separator type=\u00a0\u00bbtransparent\u00a0\u00bb up=\u00a0\u00bb7&Prime; down=\u00a0\u00bb0&Prime;][vc_single_image image=\u00a0\u00bb16020&Prime; img_size=\u00a0\u00bbfull\u00a0\u00bb alignment=\u00a0\u00bbcenter\u00a0\u00bb qode_css_animation=\u00a0\u00bbelement_from_left\u00a0\u00bb transition_delay=\u00a0\u00bb0.3&Prime;][vc_separator type=\u00a0\u00bbtransparent\u00a0\u00bb up=\u00a0\u00bb30&Prime; down=\u00a0\u00bb0&Prime;][\/vc_column][vc_column width=\u00a0\u00bb2\/3&Prime;][vc_column_text]<\/p>\n<h4><strong>Lampe et Torche<\/strong><\/h4>\n<p>[\/vc_column_text][vc_column_text]lampe portable avec panneau solaire. Cette solution est tr\u00e8s int\u00e9lligente: \u00e9clairage, chargement de portable, banque de bat\u00e9rie suppl\u00e9mentaire, inclus cable pour chargement de plusieurs t\u00e9l\u00e9phones portables.[\/vc_column_text][vc_separator type=\u00a0\u00bbtransparent\u00a0\u00bb up=\u00a0\u00bb15&Prime; down=\u00a0\u00bb15&Prime;][vc_column_text]<\/p>\n<h4>Description<\/h4>\n<p>[\/vc_column_text][vc_column_text]<\/p>\n<ul>\n<li>Panneau solaire: 3.0W\/5.5V + 6m cable<\/li>\n<li>Batterie:\u00a0 4,4 Ah Lithium<\/li>\n<li>Lampe: 3W\u00a0 LED avec 3 optiones (3W,2W,1W)<\/li>\n<li>Dur\u00e9e de chargement : 8-10 heures<\/li>\n<li>Dur\u00e9e d&rsquo;\u00e9clairage: 3W = 6 heures, 2W=10 heures, 1W=18 heures<\/li>\n<li>Cable pour chargement de t\u00e9l\u00e9phones portable<\/li>\n<\/ul>\n<p>[\/vc_column_text][vc_separator type=\u00a0\u00bbtransparent\u00a0\u00bb up=\u00a0\u00bb7&Prime; down=\u00a0\u00bb10&Prime;]<a  itemprop=\"url\" href=\"https:\/\/clearlifesolar.com\/fr\/home\/contact\/\" target=\"_self\"  class=\"qbutton  default\" style=\"\">CONTACTEZ - NOUZ<\/a>[\/vc_column][\/vc_row][vc_row css_animation=\u00a0\u00bb\u00a0\u00bb row_type=\u00a0\u00bbrow\u00a0\u00bb use_row_as_full_screen_section=\u00a0\u00bbno\u00a0\u00bb type=\u00a0\u00bbgrid\u00a0\u00bb angled_section=\u00a0\u00bbno\u00a0\u00bb text_align=\u00a0\u00bbleft\u00a0\u00bb background_image=\u00a0\u00bb15511&Prime; background_image_as_pattern=\u00a0\u00bbwithout_pattern\u00a0\u00bb background_color=\u00a0\u00bb#e2e2e2&Prime; padding_top=\u00a0\u00bb82&Prime; padding_bottom=\u00a0\u00bb60&Prime;][vc_column width=\u00a0\u00bb2\/3&Prime;][vc_column_text]<\/p>\n<h4>CA\/CC\u00a0 Torche et chargeur pour t\u00e9l\u00e9phone mobile.<\/h4>\n<p>[\/vc_column_text][vc_column_text]Torche portable avec petit\u00a0 panneau oortable solide, \u00e0 charger la batterie incorpor\u00e9 dans la torche.\u00a0 Cetter solution peut etre chang\u00e9 pour chargement dans une prise CA comme une ampoule courante CA, et ensuite utilis\u00e9 pour\u00a0 chargement de t\u00e9l\u00e9phone mobile et \u00e0 utiliser comme banque de batterie suppl\u00e9mentaire.\u00a0 Un cable pour chargement de diff\u00e9rents types de t\u00e9l\u00e9phones mobiles est inclus.[\/vc_column_text][vc_separator type=\u00a0\u00bbtransparent\u00a0\u00bb up=\u00a0\u00bb7&Prime; down=\u00a0\u00bb10&Prime;][vc_column_text]<\/p>\n<h4>Description<\/h4>\n<p>[\/vc_column_text][vc_column_text]<\/p>\n<ul>\n<li>Panneau solaire: 3.0W\/6V + 5m cable<\/li>\n<li>Batterie:\u00a0 5,2 Ah Lithium<\/li>\n<li>Lampe: 2W LED 2 pieces<\/li>\n<li>Dur\u00e9e de chargement : 5-10 heures<\/li>\n<li>Dur\u00e9e d&rsquo;\u00e9clairage: 8-10 heures<\/li>\n<li>Cable pour chargement de t\u00e9l\u00e9phones portable<\/li>\n<\/ul>\n<p>[\/vc_column_text][vc_separator type=\u00a0\u00bbtransparent\u00a0\u00bb up=\u00a0\u00bb15&Prime; down=\u00a0\u00bb15&Prime;]<a  itemprop=\"url\" href=\"#\" target=\"_self\"  class=\"qbutton  default\" style=\"\">CONTACTEZ - NOUZ<\/a>[\/vc_column][vc_column width=\u00a0\u00bb1\/3&Prime;][vc_separator type=\u00a0\u00bbtransparent\u00a0\u00bb up=\u00a0\u00bb7&Prime; down=\u00a0\u00bb0&Prime;][vc_separator type=\u00a0\u00bbtransparent\u00a0\u00bb up=\u00a0\u00bb7&Prime; down=\u00a0\u00bb0&Prime;][vc_separator type=\u00a0\u00bbtransparent\u00a0\u00bb up=\u00a0\u00bb7&Prime; down=\u00a0\u00bb0&Prime;][vc_separator type=\u00a0\u00bbtransparent\u00a0\u00bb up=\u00a0\u00bb7&Prime; down=\u00a0\u00bb0&Prime;][vc_single_image image=\u00a0\u00bb16402&Prime; img_size=\u00a0\u00bbfull\u00a0\u00bb alignment=\u00a0\u00bbcenter\u00a0\u00bb qode_css_animation=\u00a0\u00bbelement_from_left\u00a0\u00bb transition_delay=\u00a0\u00bb0.3&Prime;][vc_separator type=\u00a0\u00bbtransparent\u00a0\u00bb up=\u00a0\u00bb30&Prime; down=\u00a0\u00bb0&Prime;][\/vc_column][\/vc_row]<\/p>\n","protected":false},"excerpt":{"rendered":"<p>[vc_row css_animation=\u00a0\u00bb\u00a0\u00bb row_type=\u00a0\u00bbrow\u00a0\u00bb use_row_as_full_screen_section=\u00a0\u00bbno\u00a0\u00bb type=\u00a0\u00bbgrid\u00a0\u00bb angled_section=\u00a0\u00bbno\u00a0\u00bb text_align=\u00a0\u00bbleft\u00a0\u00bb background_image_as_pattern=\u00a0\u00bbwithout_pattern\u00a0\u00bb padding_top=\u00a0\u00bb40&Prime; padding_bottom=\u00a0\u00bb1&Prime; z_index=\u00a0\u00bb\u00a0\u00bb][vc_column width=\u00a0\u00bb1\/3&Prime;][vc_single_image image=\u00a0\u00bb16026&Prime; img_size=\u00a0\u00bbfull\u00a0\u00bb alignment=\u00a0\u00bbcenter\u00a0\u00bb qode_css_animation=\u00a0\u00bbelement_from_left\u00a0\u00bb transition_delay=\u00a0\u00bb0.3&Prime;][\/vc_column][vc_column width=\u00a0\u00bb2\/3&Prime;][vc_column_text] Lampe de lecture [\/vc_column_text][vc_column_text]Oubliez les t\u00e9n\u00e8bres, l&rsquo; odeur de k\u00e9ros\u00e8ne et le remplacement de chandelles. Oubliez les frais de k\u00e9ros\u00e8ne et de chandelles. Un seul investissement dans&#8230;<\/p>\n","protected":false},"author":1,"featured_media":0,"parent":16976,"menu_order":0,"comment_status":"open","ping_status":"open","template":"full_width.php","meta":[],"_links":{"self":[{"href":"https:\/\/clearlifesolar.com\/fr\/wp-json\/wp\/v2\/pages\/16962"}],"collection":[{"href":"https:\/\/clearlifesolar.com\/fr\/wp-json\/wp\/v2\/pages"}],"about":[{"href":"https:\/\/clearlifesolar.com\/fr\/wp-json\/wp\/v2\/types\/page"}],"author":[{"embeddable":true,"href":"https:\/\/clearlifesolar.com\/fr\/wp-json\/wp\/v2\/users\/1"}],"replies":[{"embeddable":true,"href":"https:\/\/clearlifesolar.com\/fr\/wp-json\/wp\/v2\/comments?post=16962"}],"version-history":[{"count":9,"href":"https:\/\/clearlifesolar.com\/fr\/wp-json\/wp\/v2\/pages\/16962\/revisions"}],"predecessor-version":[{"id":17296,"href":"https:\/\/clearlifesolar.com\/fr\/wp-json\/wp\/v2\/pages\/16962\/revisions\/17296"}],"up":[{"embeddable":true,"href":"https:\/\/clearlifesolar.com\/fr\/wp-json\/wp\/v2\/pages\/16976"}],"wp:attachment":[{"href":"https:\/\/clearlifesolar.com\/fr\/wp-json\/wp\/v2\/media?parent=16962"}],"curies":[{"name":"wp","href":"https:\/\/api.w.org\/{rel}","templated":true}]}}