{"id":16994,"date":"2015-05-08T08:30:00","date_gmt":"2015-05-08T08:30:00","guid":{"rendered":"https:\/\/clearlifesolar.com\/company\/"},"modified":"2022-04-21T10:26:18","modified_gmt":"2022-04-21T10:26:18","slug":"company","status":"publish","type":"page","link":"https:\/\/clearlifesolar.com\/fr\/home\/company\/","title":{"rendered":"Societe"},"content":{"rendered":"<p>[vc_row css_animation=\u00a0\u00bb\u00a0\u00bb row_type=\u00a0\u00bbrow\u00a0\u00bb use_row_as_full_screen_section=\u00a0\u00bbno\u00a0\u00bb type=\u00a0\u00bbfull_width\u00a0\u00bb angled_section=\u00a0\u00bbno\u00a0\u00bb text_align=\u00a0\u00bbleft\u00a0\u00bb background_image_as_pattern=\u00a0\u00bbwithout_pattern\u00a0\u00bb bg_type=\u00a0\u00bbimage\u00a0\u00bb parallax_style=\u00a0\u00bbvcpb-vz-jquery\u00a0\u00bb bg_image_new=\u00a0\u00bb15573|https:\/\/clearlifesolar.com\/wp-content\/uploads\/2015\/06\/world_map_light2.jpg\u00a0\u00bb bg_image_repeat=\u00a0\u00bbno-repeat\u00a0\u00bb parallax_sense=\u00a0\u00bb50&Prime; bg_override=\u00a0\u00bbex-full\u00a0\u00bb css=\u00a0\u00bb.vc_custom_1437095125560{padding-top: 150px !important;padding-bottom: 250px !important;}\u00a0\u00bb][vc_column][vc_row_inner row_type=\u00a0\u00bbrow\u00a0\u00bb type=\u00a0\u00bbgrid\u00a0\u00bb text_align=\u00a0\u00bbleft\u00a0\u00bb css_animation=\u00a0\u00bb\u00a0\u00bb][vc_column_inner width=\u00a0\u00bb1\/2&Prime; css=\u00a0\u00bb.vc_custom_1437734349941{background-position: center !important;background-repeat: no-repeat !important;background-size: contain !important;}\u00a0\u00bb][vc_column_text]<\/p>\n<h4 style=\"text-align: center;\"><span style=\"color: #000000;\">NOTRE MISSIO<\/span><span style=\"color: #0000ff;\"><span style=\"color: #000000;\">N:<\/span><\/span><\/h4>\n<p style=\"text-align: center;\">Nous aidons particuliers et organisations \u00e0 utiliser l&rsquo; \u00e9nergie solaire pour besoins quotidiens.<\/p>\n<p>[\/vc_column_text][vc_empty_space height=\u00a0\u00bb25px\u00a0\u00bb][vc_column_text]<\/p>\n<h4 style=\"text-align: center;\"><span style=\"color: #000000;\">NOS VALEURS:<\/span><\/h4>\n<p style=\"text-align: center;\">Nous sommes convaincus que la cl\u00e9 et source principale de notre succ\u00e8s est notre \u00e9quipe d\u00e9di\u00e9e et professionelle travaillant \u00e0 cr\u00e9er, maintenir, et\u00a0 d\u00e9velopper\u00a0 des relations b\u00e9n\u00e9fiques et satisfaisantes avec nos partenaires.<\/p>\n<p>&nbsp;<\/p>\n<p style=\"text-align: center;\">Nous\u00a0 croyons sinc\u00e8rement que l&rsquo; amiti\u00e9 est la base de bonnes relations.<\/p>\n<p>[\/vc_column_text][vc_empty_space height=\u00a0\u00bb25px\u00a0\u00bb][vc_column_text]<\/p>\n<h4 style=\"text-align: center;\"><\/h4>\n<h4 style=\"text-align: center;\"><span style=\"color: #000000;\">\u00a0NOS OBJECTIFS STRATEGIQUES:<\/span><\/h4>\n<p style=\"text-align: center;\">A\u00a0 devenir votre fournisseur pr\u00e9f\u00e9r\u00e9your<\/p>\n<p>&nbsp;<\/p>\n<p style=\"text-align: center;\">A fournir uniquement la qualit\u00e9 dans nos services et produits.<\/p>\n<p>&nbsp;<\/p>\n<p><!--more-->[\/vc_column_text][\/vc_column_inner][vc_column_inner width=\u00a0\u00bb1\/2&Prime;][vc_single_image image=\u00a0\u00bb15777&Prime; img_size=\u00a0\u00bb550&#215;400&Prime; alignment=\u00a0\u00bbright\u00a0\u00bb qode_css_animation=\u00a0\u00bb\u00a0\u00bb css=\u00a0\u00bb.vc_custom_1437734278128{border-top-width: 1px !important;border-right-width: 1px !important;border-bottom-width: 1px !important;border-left-width: 1px !important;}\u00a0\u00bb][\/vc_column_inner][\/vc_row_inner][vc_row_inner row_type=\u00a0\u00bbrow\u00a0\u00bb type=\u00a0\u00bbfull_width\u00a0\u00bb text_align=\u00a0\u00bbleft\u00a0\u00bb css_animation=\u00a0\u00bb\u00a0\u00bb][vc_column_inner width=\u00a0\u00bb1\/2&Prime;][vc_separator type=\u00a0\u00bbtransparent\u00a0\u00bb up=\u00a0\u00bb30&Prime; down=\u00a0\u00bb30&Prime;][\/vc_column_inner][vc_column_inner width=\u00a0\u00bb1\/2&Prime;][\/vc_column_inner][\/vc_row_inner][vc_row_inner row_type=\u00a0\u00bbrow\u00a0\u00bb type=\u00a0\u00bbgrid\u00a0\u00bb text_align=\u00a0\u00bbcenter\u00a0\u00bb css_animation=\u00a0\u00bb\u00a0\u00bb][vc_column_inner]<a  itemprop=\"url\" href=\"https:\/\/clearlifesolar.com\/fr\/home\/contact\/\" target=\"_self\"  class=\"qbutton  default\" style=\"\">CONTACTEZ - NOUS<\/a>[\/vc_column_inner][\/vc_row_inner][\/vc_column][\/vc_row]<\/p>\n","protected":false},"excerpt":{"rendered":"<p>[vc_row css_animation=\u00a0\u00bb\u00a0\u00bb row_type=\u00a0\u00bbrow\u00a0\u00bb use_row_as_full_screen_section=\u00a0\u00bbno\u00a0\u00bb type=\u00a0\u00bbfull_width\u00a0\u00bb angled_section=\u00a0\u00bbno\u00a0\u00bb text_align=\u00a0\u00bbleft\u00a0\u00bb background_image_as_pattern=\u00a0\u00bbwithout_pattern\u00a0\u00bb bg_type=\u00a0\u00bbimage\u00a0\u00bb parallax_style=\u00a0\u00bbvcpb-vz-jquery\u00a0\u00bb bg_image_new=\u00a0\u00bb15573|https:\/\/clearlifesolar.com\/wp-content\/uploads\/2015\/06\/world_map_light2.jpg\u00a0\u00bb bg_image_repeat=\u00a0\u00bbno-repeat\u00a0\u00bb parallax_sense=\u00a0\u00bb50&Prime; bg_override=\u00a0\u00bbex-full\u00a0\u00bb css=\u00a0\u00bb.vc_custom_1437095125560{padding-top: 150px !important;padding-bottom: 250px !important;}\u00a0\u00bb][vc_column][vc_row_inner row_type=\u00a0\u00bbrow\u00a0\u00bb type=\u00a0\u00bbgrid\u00a0\u00bb text_align=\u00a0\u00bbleft\u00a0\u00bb css_animation=\u00a0\u00bb\u00a0\u00bb][vc_column_inner width=\u00a0\u00bb1\/2&Prime; css=\u00a0\u00bb.vc_custom_1437734349941{background-position: center !important;background-repeat: no-repeat !important;background-size: contain !important;}\u00a0\u00bb][vc_column_text] NOTRE MISSION: Nous aidons particuliers et organisations \u00e0 utiliser l&rsquo; \u00e9nergie solaire pour besoins&#8230;<\/p>\n","protected":false},"author":1,"featured_media":0,"parent":17001,"menu_order":0,"comment_status":"open","ping_status":"open","template":"full_width.php","meta":[],"_links":{"self":[{"href":"https:\/\/clearlifesolar.com\/fr\/wp-json\/wp\/v2\/pages\/16994"}],"collection":[{"href":"https:\/\/clearlifesolar.com\/fr\/wp-json\/wp\/v2\/pages"}],"about":[{"href":"https:\/\/clearlifesolar.com\/fr\/wp-json\/wp\/v2\/types\/page"}],"author":[{"embeddable":true,"href":"https:\/\/clearlifesolar.com\/fr\/wp-json\/wp\/v2\/users\/1"}],"replies":[{"embeddable":true,"href":"https:\/\/clearlifesolar.com\/fr\/wp-json\/wp\/v2\/comments?post=16994"}],"version-history":[{"count":19,"href":"https:\/\/clearlifesolar.com\/fr\/wp-json\/wp\/v2\/pages\/16994\/revisions"}],"predecessor-version":[{"id":17918,"href":"https:\/\/clearlifesolar.com\/fr\/wp-json\/wp\/v2\/pages\/16994\/revisions\/17918"}],"up":[{"embeddable":true,"href":"https:\/\/clearlifesolar.com\/fr\/wp-json\/wp\/v2\/pages\/17001"}],"wp:attachment":[{"href":"https:\/\/clearlifesolar.com\/fr\/wp-json\/wp\/v2\/media?parent=16994"}],"curies":[{"name":"wp","href":"https:\/\/api.w.org\/{rel}","templated":true}]}}