{"id":17001,"date":"2015-05-07T08:00:12","date_gmt":"2015-05-07T08:00:12","guid":{"rendered":"https:\/\/clearlifesolar.com\/home\/"},"modified":"2022-04-22T10:14:29","modified_gmt":"2022-04-22T10:14:29","slug":"home","status":"publish","type":"page","link":"https:\/\/clearlifesolar.com\/fr\/","title":{"rendered":"Page d&rsquo; accueil"},"content":{"rendered":"<p>[vc_row css_animation=\u00a0\u00bb\u00a0\u00bb row_type=\u00a0\u00bbrow\u00a0\u00bb use_row_as_full_screen_section=\u00a0\u00bbno\u00a0\u00bb type=\u00a0\u00bbfull_width\u00a0\u00bb angled_section=\u00a0\u00bbno\u00a0\u00bb text_align=\u00a0\u00bbleft\u00a0\u00bb background_image_as_pattern=\u00a0\u00bbwithout_pattern\u00a0\u00bb][vc_column][qode_elements_holder number_of_columns=\u00a0\u00bbtwo_columns\u00a0\u00bb switch_to_one_column=\u00a0\u00bb1000&Prime;][qode_elements_holder_item item_padding=\u00a0\u00bb20px 9% 30px 9%\u00a0\u00bb advanced_animations=\u00a0\u00bbno\u00a0\u00bb][vc_separator type=\u00a0\u00bbtransparent\u00a0\u00bb thickness=\u00a0\u00bb1&Prime; up=\u00a0\u00bb-8&Prime;][vc_column_text]Approche innovative sur un futur industriel.[\/vc_column_text][vc_separator type=\u00a0\u00bbsmall\u00a0\u00bb position=\u00a0\u00bbleft\u00a0\u00bb up=\u00a0\u00bb6&Prime; down=\u00a0\u00bb15&Prime;][vc_column_text]<\/p>\n<h3>Bienvenue chez ClearLife Solar Solutions<\/h3>\n<p>[\/vc_column_text][vc_separator type=\u00a0\u00bbtransparent\u00a0\u00bb thickness=\u00a0\u00bb1&Prime; up=\u00a0\u00bb25&Prime; down=\u00a0\u00bb0&Prime;][vc_column_text]La cl\u00e9 de notre success est une approche globale aux sources et une approche personelle vers les clients.<\/p>\n<p>&nbsp;<\/p>\n<p>Nos clients fid\u00e8les et fournisseurs fiables au monde entier nous le permett grace \u00e0 un travail professionnel et intensif.<\/p>\n<p>&nbsp;<\/p>\n<p>Notre but n&rsquo; est pas l&rsquo; expansion mais des relations durables et b\u00e9n\u00e9fiques avec nos partenaires.[\/vc_column_text][vc_separator type=\u00a0\u00bbtransparent\u00a0\u00bb thickness=\u00a0\u00bb1&Prime; up=\u00a0\u00bb31&Prime; down=\u00a0\u00bb0&Prime;]<a  itemprop=\"url\" href=\"https:\/\/clearlifesolar.com\/fr\/home\/company\/\" target=\"_self\"  class=\"qbutton  default\" style=\"\">EN SAVOIR PLUS<\/a>[\/qode_elements_holder_item][qode_elements_holder_item item_padding=\u00a0\u00bb0px 0px 0px 0px\u00a0\u00bb advanced_animations=\u00a0\u00bbno\u00a0\u00bb][vc_single_image image=\u00a0\u00bb16435&Prime; img_size=\u00a0\u00bbfull\u00a0\u00bb alignment=\u00a0\u00bbcenter\u00a0\u00bb qode_css_animation=\u00a0\u00bb\u00a0\u00bb][\/qode_elements_holder_item][\/qode_elements_holder][\/vc_column][\/vc_row][vc_row css_animation=\u00a0\u00bb\u00a0\u00bb row_type=\u00a0\u00bbrow\u00a0\u00bb use_row_as_full_screen_section=\u00a0\u00bbno\u00a0\u00bb type=\u00a0\u00bbfull_width\u00a0\u00bb angled_section=\u00a0\u00bbno\u00a0\u00bb text_align=\u00a0\u00bbleft\u00a0\u00bb background_image_as_pattern=\u00a0\u00bbwithout_pattern\u00a0\u00bb background_color=\u00a0\u00bb#0087c1&Prime; padding_top=\u00a0\u00bb65&Prime; padding_bottom=\u00a0\u00bb45&Prime;][vc_column]<div id=\"uvc-type-wrap-3855\"  data-ultimate-target='#uvc-type-wrap-3855'  data-responsive-json-new='{\"font-size\":\"desktop:25px;\",\"line-height\":\"desktop:35px;\"}'  class=\"uvc-type-wrap  ult-adjust-bottom-margin ult-responsive  uvc-type-align-center  uvc-wrap-77826920269fa3f28a9d6f\" style=\"font-family:&#039;Raleway&#039;;font-weight:500;text-align:center;\"><span  data-ultimate-target='#uvc-type-wrap-3855 .mycustfancy'  data-responsive-json-new='{\"font-size\":\"\",\"line-height\":\"\"}'  class=\"ultimate-ticker-prefix mycustfancy ult-responsive\" style=\"font-weight:normal;color:#ffffff;\">Clearlife est un premier fournisseur de<\/span><div id=\"vticker-77826920269fa3f28a9d6f\"  data-ultimate-target='#uvc-type-wrap-3855'  data-responsive-json-new='{\"font-size\":\"desktop:25px;\",\"line-height\":\"desktop:35px;\"}'  class=\"ultimate-vticker ticker  ultimate-fancy-text-inherit\" style=\"color:#ffffff;\"><ul><li style=\"opacity:1\"> solutions energie solaire.<\/li><li style=\"opacity:0\">panneaux solaires.<\/li><li style=\"opacity:0\">batteries solaires.<\/li><li style=\"opacity:0\">inverteurs solaires.<\/li><\/ul><\/div><script type=\"text\/javascript\">\n\t\t\t\t\t\tjQuery(function($){\n\t\t\t\t\t\t\t$(document).ready(function(){\n\t\t\t\t\t\t\t\t$(\"#vticker-77826920269fa3f28a9d6f\").find(\"li\").css(\"opacity\",\"1\");\n\t\t\t\t\t\t\t\t$(\"#vticker-77826920269fa3f28a9d6f\")\n\t\t\t\t\t\t\t\t\t.vTicker(\n\t\t\t\t\t\t\t\t\t{\n\t\t\t\t\t\t\t\t\t\tspeed: 200,\n\t\t\t\t\t\t\t\t\t\tshowItems: 1,\n\t\t\t\t\t\t\t\t\t\tpause: 1850,\n\t\t\t\t\t\t\t\t\t\tmousePause : false,\n\t\t\t\t\t\t\t\t\t\tdirection: \"up\",\n\t\t\t\t\t\t\t\t\t}\n\t\t\t\t\t\t\t\t);\n\t\t\t\t\t\t\t});\n\t\t\t\t\t\t});\n\t\t\t\t\t<\/script><\/div>[\/vc_column][\/vc_row][vc_row css_animation=\u00a0\u00bb\u00a0\u00bb row_type=\u00a0\u00bbrow\u00a0\u00bb use_row_as_full_screen_section=\u00a0\u00bbno\u00a0\u00bb type=\u00a0\u00bbfull_width\u00a0\u00bb angled_section=\u00a0\u00bbno\u00a0\u00bb text_align=\u00a0\u00bbleft\u00a0\u00bb background_image_as_pattern=\u00a0\u00bbwithout_pattern\u00a0\u00bb][vc_column][qode_elements_holder number_of_columns=\u00a0\u00bbtwo_columns\u00a0\u00bb switch_to_one_column=\u00a0\u00bb1000&Prime;][qode_elements_holder_item advanced_animations=\u00a0\u00bbno\u00a0\u00bb][vc_single_image image=\u00a0\u00bb15605&Prime; img_size=\u00a0\u00bbfull\u00a0\u00bb qode_css_animation=\u00a0\u00bb\u00a0\u00bb][\/qode_elements_holder_item][qode_elements_holder_item item_padding=\u00a0\u00bb20px 9% 30px 9%\u00a0\u00bb advanced_animations=\u00a0\u00bbno\u00a0\u00bb][vc_separator type=\u00a0\u00bbtransparent\u00a0\u00bb thickness=\u00a0\u00bb1&Prime; up=\u00a0\u00bb-8&Prime;][vc_column_text]Nous cr\u00e9ons seulement des solutions durables.[\/vc_column_text][vc_separator type=\u00a0\u00bbsmall\u00a0\u00bb position=\u00a0\u00bbleft\u00a0\u00bb up=\u00a0\u00bb6&Prime; down=\u00a0\u00bb15&Prime;][vc_column_text]<\/p>\n<h3>ClearLife developpe des syst\u00e8mes solaires \u00e9cologiques.<\/h3>\n<p>[\/vc_column_text][vc_separator type=\u00a0\u00bbtransparent\u00a0\u00bb thickness=\u00a0\u00bb1&Prime; up=\u00a0\u00bb25&Prime; down=\u00a0\u00bb0&Prime;][vc_column_text]Energie Solaire est la cl\u00e9\u00a0 sur un futur ind\u00e9pendant en mati\u00e8re d&rsquo;\u00e9nergie.\u00a0 Notre but est d&rsquo; assister chacun \u00e0 d\u00e9velopper des syst\u00e8mes \u00e9conomiques et ad\u00e9quats \u00e0 produire de l&rsquo;\u00e9nergie gratuite et re-utillisable.[\/vc_column_text][vc_separator type=\u00a0\u00bbtransparent\u00a0\u00bb thickness=\u00a0\u00bb1&Prime; up=\u00a0\u00bb31&Prime; down=\u00a0\u00bb0&Prime;]<a  itemprop=\"url\" href=\"https:\/\/clearlifesolar.com\/fr\/home\/clearlife-solar-solutions\/\" target=\"_self\"  class=\"qbutton  default\" style=\"\">NOS PRODUITS SOLAIRE<\/a>[\/qode_elements_holder_item][\/qode_elements_holder][\/vc_column][\/vc_row][vc_row css_animation=\u00a0\u00bb\u00a0\u00bb row_type=\u00a0\u00bbrow\u00a0\u00bb use_row_as_full_screen_section=\u00a0\u00bbno\u00a0\u00bb type=\u00a0\u00bbfull_width\u00a0\u00bb angled_section=\u00a0\u00bbno\u00a0\u00bb text_align=\u00a0\u00bbleft\u00a0\u00bb background_image_as_pattern=\u00a0\u00bbwithout_pattern\u00a0\u00bb background_color=\u00a0\u00bb#0087c1&Prime; css=\u00a0\u00bb.vc_custom_1498493045948{padding-top: 50px !important;padding-bottom: 42px !important;}\u00a0\u00bb][vc_column]<div id=\"ultimate-heading-284969fa3f28a9dcf\" class=\"uvc-heading ult-adjust-bottom-margin ultimate-heading-284969fa3f28a9dcf uvc-7 \" data-hspacer=\"no_spacer\"  data-halign=\"center\" style=\"text-align:center\"><div class=\"uvc-heading-spacer no_spacer\" style=\"top\"><\/div><div class=\"uvc-main-heading ult-responsive\"  data-ultimate-target='.uvc-heading.ultimate-heading-284969fa3f28a9dcf h2'  data-responsive-json-new='{\"font-size\":\"desktop:25px;\",\"line-height\":\"desktop:40px;\"}' ><h2 style=\"font-family:&#039;Raleway&#039;;font-weight:500;color:#ffffff;\">Inscrivez - vous \u00e0 nos bulletins r\u00e9guliers.<\/h2><\/div><\/div><div id=\"modal-trg-txt-wrap-6261\" class=\"ult-modal-input-wrapper ult-adjust-bottom-margin modal-theme-button \"><button  data-ultimate-target='#modal-trg-txt-wrap-6261 .btn-modal'  data-responsive-json-new='{\"font-size\":\"\",\"line-height\":\"\"}'  style=\"background:#ffffff;border-color:#ffffff;color:#0087c1; \" data-class-id=\"content-69fa3f28a9df97-71895552\" class=\"btn-modal ult-responsive btn-primary btn-modal-md overlay-show ult-align-center\" data-overlay-class=\"overlay-cornerbottomleft\">INSCRIVEZ<\/button><\/div>\n<div class=\"ult-overlay content-69fa3f28a9df97-71895552 \" data-class=\"content-69fa3f28a9df97-71895552\" id=\"button-click-overlay\" style=\"background:rgba(0,135,193,0.8); display:none;\">\n\t<div class=\"ult_modal ult-fade ult-small\">\n\t\t<div id=\"ult-modal-wrap-8339\" class=\"ult_modal-content ult-hide\" style=\"border-style:solid;border-width:0px;border-radius:0px;border-color:#333333;\">\n\t\t\t<div class=\"ult_modal-header\" style=\"background:#2b2b2b;color:#ffffff;border-color:#333333;\">\n\t\t\t\t<div class=\"modal-icon\"><i class=\"Defaults-envelope-o\"><\/i><\/div><h3  data-ultimate-target='#ult-modal-wrap-8339 .ult_modal-title'  data-responsive-json-new='{\"font-size\":\"\",\"line-height\":\"\"}'  class=\"ult_modal-title ult-responsive\">Please enter your email address below.<\/h3>\n\t\t\t<\/div>\n\t\t\t<div  data-ultimate-target='#ult-modal-wrap-8339 .ult_modal-body'  data-responsive-json-new='{\"font-size\":\"\",\"line-height\":\"\"}'  class=\"ult_modal-body ult-responsive ult-html\" style=\"background:#2b2b2b;color:#ffffff;\">\n\t\t\t<div role=\"form\" class=\"wpcf7\" id=\"wpcf7-f16931-o1\" lang=\"fr-FR\" dir=\"ltr\">\n<div class=\"screen-reader-response\"><p role=\"status\" aria-live=\"polite\" aria-atomic=\"true\"><\/p> <ul><\/ul><\/div>\n<form action=\"\/fr\/wp-json\/wp\/v2\/pages\/17001#wpcf7-f16931-o1\" method=\"post\" class=\"wpcf7-form init\" novalidate=\"novalidate\" data-status=\"init\">\n<div style=\"display: none;\">\n<input type=\"hidden\" name=\"_wpcf7\" value=\"16931\" \/>\n<input type=\"hidden\" name=\"_wpcf7_version\" value=\"5.5.3\" \/>\n<input type=\"hidden\" name=\"_wpcf7_locale\" value=\"fr_FR\" \/>\n<input type=\"hidden\" name=\"_wpcf7_unit_tag\" value=\"wpcf7-f16931-o1\" \/>\n<input type=\"hidden\" name=\"_wpcf7_container_post\" value=\"0\" \/>\n<input type=\"hidden\" name=\"_wpcf7_posted_data_hash\" value=\"\" \/>\n<\/div>\n<p>Your Email (required)<br \/>\n    <span class=\"wpcf7-form-control-wrap your-email\"><input type=\"email\" name=\"your-email\" value=\"\" size=\"40\" class=\"wpcf7-form-control wpcf7-text wpcf7-email wpcf7-validates-as-required wpcf7-validates-as-email\" aria-required=\"true\" aria-invalid=\"false\" \/><\/span> <\/p>\n<p><input type=\"submit\" value=\"Sign Up\" class=\"wpcf7-form-control has-spinner wpcf7-submit\" \/><\/p>\n<div class=\"wpcf7-response-output\" aria-hidden=\"true\"><\/div><\/form><\/div>\n\t\t\t<\/div>\n\t<\/div>\n\t<\/div>\n\t<div class=\"ult-overlay-close\">Close<\/div>\n<\/div>[\/vc_column][\/vc_row][vc_row css_animation=\u00a0\u00bb\u00a0\u00bb row_type=\u00a0\u00bbrow\u00a0\u00bb use_row_as_full_screen_section=\u00a0\u00bbno\u00a0\u00bb type=\u00a0\u00bbfull_width\u00a0\u00bb angled_section=\u00a0\u00bbno\u00a0\u00bb text_align=\u00a0\u00bbleft\u00a0\u00bb background_image_as_pattern=\u00a0\u00bbwithout_pattern\u00a0\u00bb][vc_column][qode_elements_holder number_of_columns=\u00a0\u00bbtwo_columns\u00a0\u00bb switch_to_one_column=\u00a0\u00bb1000&Prime;][qode_elements_holder_item item_padding=\u00a0\u00bb20px 9% 30px 9%\u00a0\u00bb advanced_animations=\u00a0\u00bbno\u00a0\u00bb][vc_separator type=\u00a0\u00bbtransparent\u00a0\u00bb thickness=\u00a0\u00bb1&Prime; up=\u00a0\u00bb-8&Prime;][vc_separator type=\u00a0\u00bbsmall\u00a0\u00bb position=\u00a0\u00bbleft\u00a0\u00bb up=\u00a0\u00bb6&Prime; down=\u00a0\u00bb15&Prime;][vc_column_text]<\/p>\n<h3>Nos bureaux dans le monde entier.<\/h3>\n<p>[\/vc_column_text][vc_column_text]<a href=\"https:\/\/clearlifesolar.com\/wp-content\/uploads\/2019\/07\/Oua-solar-lounge.jpg\"><img loading=\"lazy\" class=\"alignnone size-medium wp-image-16066\" src=\"https:\/\/clearlifesolar.com\/wp-content\/uploads\/2019\/07\/Oua-solar-lounge-300x274.jpg\" alt=\"\" width=\"300\" height=\"274\" \/><\/a>[\/vc_column_text][vc_separator type=\u00a0\u00bbtransparent\u00a0\u00bb thickness=\u00a0\u00bb1&Prime; up=\u00a0\u00bb25&Prime; down=\u00a0\u00bb0&Prime;][vc_column_text]Afin d&rsquo; etre plus proche de nos clients, nous travaillons \u00e9troitement avec des agents locaux en Europe, la Chine et l&rsquo; Afrique.[\/vc_column_text][vc_separator type=\u00a0\u00bbtransparent\u00a0\u00bb thickness=\u00a0\u00bb1&Prime; up=\u00a0\u00bb31&Prime; down=\u00a0\u00bb0&Prime;]<a  itemprop=\"url\" href=\"https:\/\/clearlifesolar.com\/fr\/home\/contact\/\" target=\"_self\"  class=\"qbutton  default\" style=\"\">CONTACTEZ - NOUZ<\/a>[\/qode_elements_holder_item][qode_elements_holder_item item_padding=\u00a0\u00bb0px 0px 0px 0px\u00a0\u00bb advanced_animations=\u00a0\u00bbno\u00a0\u00bb][vc_gallery type=\u00a0\u00bbflexslider_slide\u00a0\u00bb interval=\u00a0\u00bb3&Prime; images=\u00a0\u00bb15631,15632,15594,15595,16066&Prime; img_size=\u00a0\u00bbfull\u00a0\u00bb frame=\u00a0\u00bbno\u00a0\u00bb][\/qode_elements_holder_item][\/qode_elements_holder][\/vc_column][\/vc_row]<\/p>\n","protected":false},"excerpt":{"rendered":"<p>[vc_row css_animation=\u00a0\u00bb\u00a0\u00bb row_type=\u00a0\u00bbrow\u00a0\u00bb use_row_as_full_screen_section=\u00a0\u00bbno\u00a0\u00bb type=\u00a0\u00bbfull_width\u00a0\u00bb angled_section=\u00a0\u00bbno\u00a0\u00bb text_align=\u00a0\u00bbleft\u00a0\u00bb background_image_as_pattern=\u00a0\u00bbwithout_pattern\u00a0\u00bb][vc_column][qode_elements_holder number_of_columns=\u00a0\u00bbtwo_columns\u00a0\u00bb switch_to_one_column=\u00a0\u00bb1000&Prime;][qode_elements_holder_item item_padding=\u00a0\u00bb20px 9% 30px 9%\u00a0\u00bb advanced_animations=\u00a0\u00bbno\u00a0\u00bb][vc_separator type=\u00a0\u00bbtransparent\u00a0\u00bb thickness=\u00a0\u00bb1&Prime; up=\u00a0\u00bb-8&Prime;][vc_column_text]Approche innovative sur un futur industriel.[\/vc_column_text][vc_separator type=\u00a0\u00bbsmall\u00a0\u00bb position=\u00a0\u00bbleft\u00a0\u00bb up=\u00a0\u00bb6&Prime; down=\u00a0\u00bb15&Prime;][vc_column_text] Bienvenue chez ClearLife Solar Solutions [\/vc_column_text][vc_separator type=\u00a0\u00bbtransparent\u00a0\u00bb thickness=\u00a0\u00bb1&Prime; up=\u00a0\u00bb25&Prime; down=\u00a0\u00bb0&Prime;][vc_column_text]La cl\u00e9 de notre success est une approche globale&#8230;<\/p>\n","protected":false},"author":1,"featured_media":0,"parent":0,"menu_order":0,"comment_status":"open","ping_status":"open","template":"full_width.php","meta":[],"_links":{"self":[{"href":"https:\/\/clearlifesolar.com\/fr\/wp-json\/wp\/v2\/pages\/17001"}],"collection":[{"href":"https:\/\/clearlifesolar.com\/fr\/wp-json\/wp\/v2\/pages"}],"about":[{"href":"https:\/\/clearlifesolar.com\/fr\/wp-json\/wp\/v2\/types\/page"}],"author":[{"embeddable":true,"href":"https:\/\/clearlifesolar.com\/fr\/wp-json\/wp\/v2\/users\/1"}],"replies":[{"embeddable":true,"href":"https:\/\/clearlifesolar.com\/fr\/wp-json\/wp\/v2\/comments?post=17001"}],"version-history":[{"count":20,"href":"https:\/\/clearlifesolar.com\/fr\/wp-json\/wp\/v2\/pages\/17001\/revisions"}],"predecessor-version":[{"id":18169,"href":"https:\/\/clearlifesolar.com\/fr\/wp-json\/wp\/v2\/pages\/17001\/revisions\/18169"}],"wp:attachment":[{"href":"https:\/\/clearlifesolar.com\/fr\/wp-json\/wp\/v2\/media?parent=17001"}],"curies":[{"name":"wp","href":"https:\/\/api.w.org\/{rel}","templated":true}]}}